{"id":2590,"date":"2017-10-24T11:12:05","date_gmt":"2017-10-24T15:12:05","guid":{"rendered":"http:\/\/www.retraiteenaction.ca\/club-coup-doeil\/?page_id=2590"},"modified":"2024-09-25T11:00:21","modified_gmt":"2024-09-25T15:00:21","slug":"meilleures-du-mois","status":"publish","type":"page","link":"https:\/\/www.retraiteenaction.ca\/club-coup-doeil\/meilleures-du-mois\/","title":{"rendered":"Meilleures du mois"},"content":{"rendered":"<table style=\"width: 100%;\">\n<tbody>\n<tr>\n<td><a href=\"https:\/\/www.retraiteenaction.ca\/club-coup-doeil\/wp-content\/uploads\/sites\/2\/2024\/09\/camera-et-oeil-v3.png\"><img loading=\"lazy\" decoding=\"async\" class=\"wp-image-2863 aligncenter\" src=\"https:\/\/www.retraiteenaction.ca\/club-coup-doeil\/wp-content\/uploads\/sites\/2\/2024\/09\/camera-et-oeil-v3.png\" alt=\"\" width=\"125\" height=\"125\" srcset=\"https:\/\/www.retraiteenaction.ca\/club-coup-doeil\/wp-content\/uploads\/sites\/2\/2024\/09\/camera-et-oeil-v3.png 216w, https:\/\/www.retraiteenaction.ca\/club-coup-doeil\/wp-content\/uploads\/sites\/2\/2024\/09\/camera-et-oeil-v3-150x150.png 150w\" sizes=\"auto, (max-width: 125px) 100vw, 125px\" \/><\/a><\/td>\n<td style=\"text-align: center; vertical-align: middle;\">\n<h2><strong><span style=\"color: #339966;\">Meilleures du mois<\/span><br \/>\n<\/strong><\/h2>\n<\/td>\n<td><a href=\"https:\/\/www.retraiteenaction.ca\/club-coup-doeil\/wp-content\/uploads\/sites\/2\/2024\/09\/camera-et-oeil-v3.png\"><img loading=\"lazy\" decoding=\"async\" class=\"wp-image-2863 aligncenter\" src=\"https:\/\/www.retraiteenaction.ca\/club-coup-doeil\/wp-content\/uploads\/sites\/2\/2024\/09\/camera-et-oeil-v3.png\" alt=\"\" width=\"125\" height=\"125\" srcset=\"https:\/\/www.retraiteenaction.ca\/club-coup-doeil\/wp-content\/uploads\/sites\/2\/2024\/09\/camera-et-oeil-v3.png 216w, https:\/\/www.retraiteenaction.ca\/club-coup-doeil\/wp-content\/uploads\/sites\/2\/2024\/09\/camera-et-oeil-v3-150x150.png 150w\" sizes=\"auto, (max-width: 125px) 100vw, 125px\" \/><\/a><\/td>\n<\/tr>\n<\/tbody>\n<\/table>\n<p>Pour voir les meilleures photos du mois pour le Club coup d\u2019\u0153il, vous devez acc\u00e9der \u00e0 l&rsquo;une des pages suivantes:<\/p>\n<p><a href=\"http:\/\/www.retraiteenaction.ca\/club-coup-doeil\/club\/\" target=\"_blank\" rel=\"noopener\">Meilleures du mois &#8211; Club<\/a> ou<\/p>\n<p><a href=\"http:\/\/www.retraiteenaction.ca\/club-coup-doeil\/mordus\/\" target=\"_blank\" rel=\"noopener\">Meilleures du mois &#8211; Mordus<\/a><\/p>\n<p>Veuillez prendre note que ces pages ne sont accessibles que pour les participants au Club coup d\u2019\u0153il et exige un mot de passe pour y avoir acc\u00e8s. Le responsable du Club coup d&rsquo;\u0153il vous remettra le mot de passe lors d&rsquo;une rencontre du club.<\/p>\n","protected":false},"excerpt":{"rendered":"<p>Meilleures du mois Pour voir les meilleures photos du mois pour le Club coup d\u2019\u0153il, vous devez acc\u00e9der \u00e0 l&rsquo;une des pages suivantes: Meilleures du mois &#8211; Club ou Meilleures du mois &#8211; Mordus Veuillez prendre note que ces pages ne sont accessibles que pour les participants au Club coup d\u2019\u0153il et exige un mot [&hellip;]<\/p>\n","protected":false},"author":6,"featured_media":0,"parent":0,"menu_order":0,"comment_status":"closed","ping_status":"closed","template":"","meta":{"_acf_changed":false,"_crdt_document":"","_monsterinsights_skip_tracking":false,"_monsterinsights_sitenote_active":false,"_monsterinsights_sitenote_note":"","_monsterinsights_sitenote_category":0,"_mc_calendar":[],"footnotes":""},"class_list":["post-2590","page","type-page","status-publish","hentry","has_thumb"],"acf":[],"aioseo_notices":[],"_links":{"self":[{"href":"https:\/\/www.retraiteenaction.ca\/club-coup-doeil\/wp-json\/wp\/v2\/pages\/2590","targetHints":{"allow":["GET"]}}],"collection":[{"href":"https:\/\/www.retraiteenaction.ca\/club-coup-doeil\/wp-json\/wp\/v2\/pages"}],"about":[{"href":"https:\/\/www.retraiteenaction.ca\/club-coup-doeil\/wp-json\/wp\/v2\/types\/page"}],"author":[{"embeddable":true,"href":"https:\/\/www.retraiteenaction.ca\/club-coup-doeil\/wp-json\/wp\/v2\/users\/6"}],"replies":[{"embeddable":true,"href":"https:\/\/www.retraiteenaction.ca\/club-coup-doeil\/wp-json\/wp\/v2\/comments?post=2590"}],"version-history":[{"count":6,"href":"https:\/\/www.retraiteenaction.ca\/club-coup-doeil\/wp-json\/wp\/v2\/pages\/2590\/revisions"}],"predecessor-version":[{"id":2872,"href":"https:\/\/www.retraiteenaction.ca\/club-coup-doeil\/wp-json\/wp\/v2\/pages\/2590\/revisions\/2872"}],"wp:attachment":[{"href":"https:\/\/www.retraiteenaction.ca\/club-coup-doeil\/wp-json\/wp\/v2\/media?parent=2590"}],"curies":[{"name":"wp","href":"https:\/\/api.w.org\/{rel}","templated":true}]}}