{"id":678,"date":"2012-11-30T14:44:12","date_gmt":"2012-11-30T18:44:12","guid":{"rendered":"http:\/\/retraiteenaction.ca\/informatique\/?page_id=678"},"modified":"2026-02-05T14:36:52","modified_gmt":"2026-02-05T19:36:52","slug":"club-coup-doeil-2","status":"publish","type":"page","link":"https:\/\/www.retraiteenaction.ca\/club-coup-doeil\/","title":{"rendered":"Club Coup d&rsquo;\u0153il"},"content":{"rendered":"\n<p><a href=\"https:\/\/www.retraiteenaction.ca\/club-coup-doeil\/wp-content\/uploads\/sites\/2\/2026\/02\/photo-accueil-scaled.png\"><img loading=\"lazy\" decoding=\"async\" class=\"aligncenter wp-image-2882 size-large\" src=\"https:\/\/www.retraiteenaction.ca\/club-coup-doeil\/wp-content\/uploads\/sites\/2\/2026\/02\/photo-accueil-1024x656.png\" alt=\"\" width=\"1024\" height=\"656\" srcset=\"https:\/\/www.retraiteenaction.ca\/club-coup-doeil\/wp-content\/uploads\/sites\/2\/2026\/02\/photo-accueil-1024x656.png 1024w, https:\/\/www.retraiteenaction.ca\/club-coup-doeil\/wp-content\/uploads\/sites\/2\/2026\/02\/photo-accueil-300x192.png 300w, https:\/\/www.retraiteenaction.ca\/club-coup-doeil\/wp-content\/uploads\/sites\/2\/2026\/02\/photo-accueil-768x492.png 768w, https:\/\/www.retraiteenaction.ca\/club-coup-doeil\/wp-content\/uploads\/sites\/2\/2026\/02\/photo-accueil-1536x985.png 1536w, https:\/\/www.retraiteenaction.ca\/club-coup-doeil\/wp-content\/uploads\/sites\/2\/2026\/02\/photo-accueil-2048x1313.png 2048w, https:\/\/www.retraiteenaction.ca\/club-coup-doeil\/wp-content\/uploads\/sites\/2\/2026\/02\/photo-accueil-624x400.png 624w\" sizes=\"auto, (max-width: 1024px) 100vw, 1024px\" \/><\/a>Personne responsable: Yves Geoffrion<\/p>\n<style type=\"text\/css\">\n#foogallery-gallery-2762 .fg-image { width: 100px; }\n#foogallery-gallery-2762 { --fg-gutter: 10px; }<\/style>\n\t\t\t<div class=\"foogallery foogallery-container foogallery-default foogallery-lightbox-foobox fg-center fg-default fg-ready fg-light fg-border-thin fg-shadow-outline fg-loading-default fg-loaded-fade-in fg-caption-hover fg-hover-fade fg-hover-zoom\" id=\"foogallery-gallery-2762\" data-foogallery=\"{&quot;item&quot;:{&quot;showCaptionTitle&quot;:true,&quot;showCaptionDescription&quot;:true},&quot;lazy&quot;:true}\" style=\"--fg-title-line-clamp: 0; --fg-description-line-clamp: 0;\" >\n\t<div class=\"fg-item fg-type-image fg-idle\"><figure class=\"fg-item-inner\"><a href=\"https:\/\/www.retraiteenaction.ca\/club-coup-doeil\/wp-content\/uploads\/sites\/2\/2017\/09\/selection-meilleures-ete-2017-6.jpg\" data-caption-title=\"La machine\" data-attachment-id=\"2442\" data-type=\"image\" class=\"fg-thumb\"><span class=\"fg-image-wrap\"><img decoding=\"async\" title=\"La machine\" width=\"100\" height=\"100\" class=\"skip-lazy fg-image\" data-src-fg=\"https:\/\/www.retraiteenaction.ca\/club-coup-doeil\/wp-content\/uploads\/sites\/2\/cache\/2017\/09\/selection-meilleures-ete-2017-6\/2160669676.jpg\" src=\"data:image\/svg+xml,%3Csvg%20xmlns%3D%22http%3A%2F%2Fwww.w3.org%2F2000%2Fsvg%22%20width%3D%22100%22%20height%3D%22100%22%20viewBox%3D%220%200%20100%20100%22%3E%3C%2Fsvg%3E\" loading=\"eager\"><\/span><span class=\"fg-image-overlay\"><\/span><\/a><figcaption class=\"fg-caption\"><div class=\"fg-caption-inner\"><div class=\"fg-caption-title\">La machine<\/div><\/div><\/figcaption><\/figure><div class=\"fg-loader\"><\/div><\/div><div class=\"fg-item fg-type-image fg-idle\"><figure class=\"fg-item-inner\"><a href=\"https:\/\/www.retraiteenaction.ca\/club-coup-doeil\/wp-content\/uploads\/sites\/2\/2017\/09\/selection-meilleures-ete-2017-10.jpg\" data-caption-title=\"Photo par Louise Trenblay\" data-attachment-id=\"2437\" data-type=\"image\" class=\"fg-thumb\"><span class=\"fg-image-wrap\"><img decoding=\"async\" title=\"Photo par Louise Trenblay\" width=\"100\" height=\"100\" class=\"skip-lazy fg-image\" data-src-fg=\"https:\/\/www.retraiteenaction.ca\/club-coup-doeil\/wp-content\/uploads\/sites\/2\/cache\/2017\/09\/selection-meilleures-ete-2017-10\/2123134784.jpg\" src=\"data:image\/svg+xml,%3Csvg%20xmlns%3D%22http%3A%2F%2Fwww.w3.org%2F2000%2Fsvg%22%20width%3D%22100%22%20height%3D%22100%22%20viewBox%3D%220%200%20100%20100%22%3E%3C%2Fsvg%3E\" loading=\"eager\"><\/span><span class=\"fg-image-overlay\"><\/span><\/a><figcaption class=\"fg-caption\"><div class=\"fg-caption-inner\"><div class=\"fg-caption-title\">Photo par Louise Trenblay<\/div><\/div><\/figcaption><\/figure><div class=\"fg-loader\"><\/div><\/div><div class=\"fg-item fg-type-image fg-idle\"><figure class=\"fg-item-inner\"><a href=\"https:\/\/www.retraiteenaction.ca\/club-coup-doeil\/wp-content\/uploads\/sites\/2\/2017\/09\/selection-meilleures-ete-2017-9.jpg\" data-caption-title=\"Photo par Paul Latendresse\" data-attachment-id=\"2436\" data-type=\"image\" class=\"fg-thumb\"><span class=\"fg-image-wrap\"><img decoding=\"async\" title=\"Photo par Paul Latendresse\" width=\"100\" height=\"100\" class=\"skip-lazy fg-image\" data-src-fg=\"https:\/\/www.retraiteenaction.ca\/club-coup-doeil\/wp-content\/uploads\/sites\/2\/cache\/2017\/09\/selection-meilleures-ete-2017-9\/197902571.jpg\" src=\"data:image\/svg+xml,%3Csvg%20xmlns%3D%22http%3A%2F%2Fwww.w3.org%2F2000%2Fsvg%22%20width%3D%22100%22%20height%3D%22100%22%20viewBox%3D%220%200%20100%20100%22%3E%3C%2Fsvg%3E\" loading=\"eager\"><\/span><span class=\"fg-image-overlay\"><\/span><\/a><figcaption class=\"fg-caption\"><div class=\"fg-caption-inner\"><div class=\"fg-caption-title\">Photo par Paul Latendresse<\/div><\/div><\/figcaption><\/figure><div class=\"fg-loader\"><\/div><\/div><div class=\"fg-item fg-type-image fg-idle\"><figure class=\"fg-item-inner\"><a href=\"https:\/\/www.retraiteenaction.ca\/club-coup-doeil\/wp-content\/uploads\/sites\/2\/2017\/09\/selection-meilleures-ete-2017-8.jpg\" data-caption-title=\"Photo par Yves C\u00f4t\u00e9, REA\" data-attachment-id=\"2435\" data-type=\"image\" class=\"fg-thumb\"><span class=\"fg-image-wrap\"><img decoding=\"async\" title=\"Photo par Yves C\u00f4t\u00e9, REA\" width=\"100\" height=\"100\" class=\"skip-lazy fg-image\" data-src-fg=\"https:\/\/www.retraiteenaction.ca\/club-coup-doeil\/wp-content\/uploads\/sites\/2\/cache\/2017\/09\/selection-meilleures-ete-2017-8\/1717452254.jpg\" src=\"data:image\/svg+xml,%3Csvg%20xmlns%3D%22http%3A%2F%2Fwww.w3.org%2F2000%2Fsvg%22%20width%3D%22100%22%20height%3D%22100%22%20viewBox%3D%220%200%20100%20100%22%3E%3C%2Fsvg%3E\" loading=\"eager\"><\/span><span class=\"fg-image-overlay\"><\/span><\/a><figcaption class=\"fg-caption\"><div class=\"fg-caption-inner\"><div class=\"fg-caption-title\">Photo par Yves C\u00f4t\u00e9, REA<\/div><\/div><\/figcaption><\/figure><div class=\"fg-loader\"><\/div><\/div><div class=\"fg-item fg-type-image fg-idle\"><figure class=\"fg-item-inner\"><a href=\"https:\/\/www.retraiteenaction.ca\/club-coup-doeil\/wp-content\/uploads\/sites\/2\/2017\/09\/selection-meilleures-ete-2017-7.jpg\" data-caption-title=\"Photo par Louise Tremblay\" data-attachment-id=\"2434\" data-type=\"image\" class=\"fg-thumb\"><span class=\"fg-image-wrap\"><img decoding=\"async\" title=\"Photo par Louise Tremblay\" width=\"100\" height=\"100\" class=\"skip-lazy fg-image\" data-src-fg=\"https:\/\/www.retraiteenaction.ca\/club-coup-doeil\/wp-content\/uploads\/sites\/2\/cache\/2017\/09\/selection-meilleures-ete-2017-7\/1766095316.jpg\" src=\"data:image\/svg+xml,%3Csvg%20xmlns%3D%22http%3A%2F%2Fwww.w3.org%2F2000%2Fsvg%22%20width%3D%22100%22%20height%3D%22100%22%20viewBox%3D%220%200%20100%20100%22%3E%3C%2Fsvg%3E\" loading=\"eager\"><\/span><span class=\"fg-image-overlay\"><\/span><\/a><figcaption class=\"fg-caption\"><div class=\"fg-caption-inner\"><div class=\"fg-caption-title\">Photo par Louise Tremblay<\/div><\/div><\/figcaption><\/figure><div class=\"fg-loader\"><\/div><\/div><div class=\"fg-item fg-type-image fg-idle\"><figure class=\"fg-item-inner\"><a href=\"https:\/\/www.retraiteenaction.ca\/club-coup-doeil\/wp-content\/uploads\/sites\/2\/2017\/09\/selection-meilleures-ete-2017-5.jpg\" data-caption-title=\"meilleures \u00e9t\u00e9 2017\" data-attachment-id=\"2433\" data-type=\"image\" class=\"fg-thumb\"><span class=\"fg-image-wrap\"><img decoding=\"async\" title=\"meilleures \u00e9t\u00e9 2017\" width=\"100\" height=\"100\" class=\"skip-lazy fg-image\" data-src-fg=\"https:\/\/www.retraiteenaction.ca\/club-coup-doeil\/wp-content\/uploads\/sites\/2\/cache\/2017\/09\/selection-meilleures-ete-2017-5\/1683346712.jpg\" src=\"data:image\/svg+xml,%3Csvg%20xmlns%3D%22http%3A%2F%2Fwww.w3.org%2F2000%2Fsvg%22%20width%3D%22100%22%20height%3D%22100%22%20viewBox%3D%220%200%20100%20100%22%3E%3C%2Fsvg%3E\" loading=\"eager\"><\/span><span class=\"fg-image-overlay\"><\/span><\/a><figcaption class=\"fg-caption\"><div class=\"fg-caption-inner\"><div class=\"fg-caption-title\">meilleures \u00e9t\u00e9 2017<\/div><\/div><\/figcaption><\/figure><div class=\"fg-loader\"><\/div><\/div><div class=\"fg-item fg-type-image fg-idle\"><figure class=\"fg-item-inner\"><a href=\"https:\/\/www.retraiteenaction.ca\/club-coup-doeil\/wp-content\/uploads\/sites\/2\/2017\/09\/selection-meilleures-ete-2017-4.jpg\" data-caption-title=\"meilleures \u00e9t\u00e9 2017\" data-attachment-id=\"2432\" data-type=\"image\" class=\"fg-thumb\"><span class=\"fg-image-wrap\"><img decoding=\"async\" title=\"meilleures \u00e9t\u00e9 2017\" width=\"100\" height=\"100\" class=\"skip-lazy fg-image\" data-src-fg=\"https:\/\/www.retraiteenaction.ca\/club-coup-doeil\/wp-content\/uploads\/sites\/2\/cache\/2017\/09\/selection-meilleures-ete-2017-4\/2126873376.jpg\" src=\"data:image\/svg+xml,%3Csvg%20xmlns%3D%22http%3A%2F%2Fwww.w3.org%2F2000%2Fsvg%22%20width%3D%22100%22%20height%3D%22100%22%20viewBox%3D%220%200%20100%20100%22%3E%3C%2Fsvg%3E\" loading=\"eager\"><\/span><span class=\"fg-image-overlay\"><\/span><\/a><figcaption class=\"fg-caption\"><div class=\"fg-caption-inner\"><div class=\"fg-caption-title\">meilleures \u00e9t\u00e9 2017<\/div><\/div><\/figcaption><\/figure><div class=\"fg-loader\"><\/div><\/div><div class=\"fg-item fg-type-image fg-idle\"><figure class=\"fg-item-inner\"><a href=\"https:\/\/www.retraiteenaction.ca\/club-coup-doeil\/wp-content\/uploads\/sites\/2\/2017\/09\/selection-meilleures-ete-2017-3.jpg\" data-caption-title=\"meilleures \u00e9t\u00e9 2017\" data-attachment-id=\"2431\" data-type=\"image\" class=\"fg-thumb\"><span class=\"fg-image-wrap\"><img decoding=\"async\" title=\"meilleures \u00e9t\u00e9 2017\" width=\"100\" height=\"100\" class=\"skip-lazy fg-image\" data-src-fg=\"https:\/\/www.retraiteenaction.ca\/club-coup-doeil\/wp-content\/uploads\/sites\/2\/cache\/2017\/09\/selection-meilleures-ete-2017-3\/3577706386.jpg\" src=\"data:image\/svg+xml,%3Csvg%20xmlns%3D%22http%3A%2F%2Fwww.w3.org%2F2000%2Fsvg%22%20width%3D%22100%22%20height%3D%22100%22%20viewBox%3D%220%200%20100%20100%22%3E%3C%2Fsvg%3E\" loading=\"eager\"><\/span><span class=\"fg-image-overlay\"><\/span><\/a><figcaption class=\"fg-caption\"><div class=\"fg-caption-inner\"><div class=\"fg-caption-title\">meilleures \u00e9t\u00e9 2017<\/div><\/div><\/figcaption><\/figure><div class=\"fg-loader\"><\/div><\/div><div class=\"fg-item fg-type-image fg-idle\"><figure class=\"fg-item-inner\"><a href=\"https:\/\/www.retraiteenaction.ca\/club-coup-doeil\/wp-content\/uploads\/sites\/2\/2017\/09\/selection-meilleures-ete-2017-2.jpg\" data-caption-title=\"meilleures \u00e9t\u00e9 2017\" data-attachment-id=\"2430\" data-type=\"image\" class=\"fg-thumb\"><span class=\"fg-image-wrap\"><img decoding=\"async\" title=\"meilleures \u00e9t\u00e9 2017\" width=\"100\" height=\"100\" class=\"skip-lazy fg-image\" data-src-fg=\"https:\/\/www.retraiteenaction.ca\/club-coup-doeil\/wp-content\/uploads\/sites\/2\/cache\/2017\/09\/selection-meilleures-ete-2017-2\/3484361130.jpg\" src=\"data:image\/svg+xml,%3Csvg%20xmlns%3D%22http%3A%2F%2Fwww.w3.org%2F2000%2Fsvg%22%20width%3D%22100%22%20height%3D%22100%22%20viewBox%3D%220%200%20100%20100%22%3E%3C%2Fsvg%3E\" loading=\"eager\"><\/span><span class=\"fg-image-overlay\"><\/span><\/a><figcaption class=\"fg-caption\"><div class=\"fg-caption-inner\"><div class=\"fg-caption-title\">meilleures \u00e9t\u00e9 2017<\/div><\/div><\/figcaption><\/figure><div class=\"fg-loader\"><\/div><\/div><div class=\"fg-item fg-type-image fg-idle\"><figure class=\"fg-item-inner\"><a href=\"https:\/\/www.retraiteenaction.ca\/club-coup-doeil\/wp-content\/uploads\/sites\/2\/2017\/09\/selection-meilleures-ete-2017-1.jpg\" data-caption-title=\"meilleures \u00e9t\u00e9 2017\" data-attachment-id=\"2429\" data-type=\"image\" class=\"fg-thumb\"><span class=\"fg-image-wrap\"><img decoding=\"async\" title=\"meilleures \u00e9t\u00e9 2017\" width=\"100\" height=\"100\" class=\"skip-lazy fg-image\" data-src-fg=\"https:\/\/www.retraiteenaction.ca\/club-coup-doeil\/wp-content\/uploads\/sites\/2\/cache\/2017\/09\/selection-meilleures-ete-2017-1\/2938037777.jpg\" src=\"data:image\/svg+xml,%3Csvg%20xmlns%3D%22http%3A%2F%2Fwww.w3.org%2F2000%2Fsvg%22%20width%3D%22100%22%20height%3D%22100%22%20viewBox%3D%220%200%20100%20100%22%3E%3C%2Fsvg%3E\" loading=\"eager\"><\/span><span class=\"fg-image-overlay\"><\/span><\/a><figcaption class=\"fg-caption\"><div class=\"fg-caption-inner\"><div class=\"fg-caption-title\">meilleures \u00e9t\u00e9 2017<\/div><\/div><\/figcaption><\/figure><div class=\"fg-loader\"><\/div><\/div><\/div>\n\n<p style=\"text-align: center;\">Cliquer sur une photo pour afficher le diaporama<\/p>\n<div class=\"item-details\">\n<p>Le club photo Coup d\u2019\u0153il s\u2019adresse aux photographes de tous les niveaux, quel que soit leur exp\u00e9rience ou le format de leur appareil photo! \u00a0Les activit\u00e9s du club sont plus interactives que didactiques, favorisant la pratique de la photographie chez les participants et participantes. Les r\u00e9unions mensuelles permettent d\u2019apprendre et de comprendre comment am\u00e9liorer ses photos.<br \/>Lors des r\u00e9unions, les membres qui le veulent auront r\u00e9pondu au d\u00e9fi-photo mensuel et soumis quelques photos que le groupe pourra visionner. Pour les membres qui le d\u00e9sirent, un album Facebook priv\u00e9 montre les photos soumises par chaque photographe pour illustrer le d\u00e9fi mensuel. Avant chaque r\u00e9union, chaque photographe qui le voudra aura \u00e9galement envoy\u00e9 une photo du d\u00e9fi mensuel au responsable du club, sans publication sur Facebook. Cette photo sera le sujet d\u2019un commentaire constructif et interactif durant la r\u00e9union pour en am\u00e9liorer le rendu, \u00a0le cas \u00e9ch\u00e9ant. Le tout est illustr\u00e9 par l\u2019utilisation d\u2019un logiciel de traitement de photos (Lightroom). On pourra ainsi mieux comprendre comment am\u00e9liorer sa technique, le traitement et le rendu (fini) d\u2019une photo, et comment les observateurs visualisent et comprennent nos photos. Les membres du club qui pr\u00e9f\u00e8rent envoyer uniquement une seule photo pour commentaire lors de la r\u00e9union mensuelle peuvent le faire.<\/p>\n<p>Il pourra y avoir des pr\u00e9sentations sur des aspects sp\u00e9cifiques de la technique photographique lors des r\u00e9unions mensuelles.<br \/>Entre les r\u00e9unions mensuelles, le Club organisera des sorties-photo, habituellement dans la r\u00e9gion. Ces sorties, de septembre \u00e0 novembre, se d\u00e9rouleront \u00e0 l\u2019ext\u00e9rieur, selon la m\u00e9t\u00e9o, g\u00e9n\u00e9ralement le mercredi matin de la semaine suivant celle de la r\u00e9union mensuelle.<\/p>\n<p>Selon la demande, REA peut offrir, s\u00e9par\u00e9ment et en suppl\u00e9ment, des cours de formation pour ceux qui veulent apprivoiser un nouvel appareil ou approfondir leurs connaissances de certains aspects de la photographie.<\/p>\n<\/div>\n<p>\u00a0<\/p>\n<p>\u00a0<\/p>\n","protected":false},"excerpt":{"rendered":"<p>Personne responsable: Yves Geoffrion Cliquer sur une photo pour afficher le diaporama Le club photo Coup d\u2019\u0153il s\u2019adresse aux photographes de tous les niveaux, quel que soit leur exp\u00e9rience ou le format de leur appareil photo! \u00a0Les activit\u00e9s du club sont plus interactives que didactiques, favorisant la pratique de la photographie chez les participants et [&hellip;]<\/p>\n","protected":false},"author":5,"featured_media":0,"parent":0,"menu_order":4,"comment_status":"closed","ping_status":"closed","template":"","meta":{"_acf_changed":false,"_crdt_document":"","_monsterinsights_skip_tracking":false,"_monsterinsights_sitenote_active":false,"_monsterinsights_sitenote_note":"","_monsterinsights_sitenote_category":0,"_mc_calendar":[],"footnotes":""},"class_list":["post-678","page","type-page","status-publish","hentry","has_thumb"],"acf":[],"aioseo_notices":[],"_links":{"self":[{"href":"https:\/\/www.retraiteenaction.ca\/club-coup-doeil\/wp-json\/wp\/v2\/pages\/678","targetHints":{"allow":["GET"]}}],"collection":[{"href":"https:\/\/www.retraiteenaction.ca\/club-coup-doeil\/wp-json\/wp\/v2\/pages"}],"about":[{"href":"https:\/\/www.retraiteenaction.ca\/club-coup-doeil\/wp-json\/wp\/v2\/types\/page"}],"author":[{"embeddable":true,"href":"https:\/\/www.retraiteenaction.ca\/club-coup-doeil\/wp-json\/wp\/v2\/users\/5"}],"replies":[{"embeddable":true,"href":"https:\/\/www.retraiteenaction.ca\/club-coup-doeil\/wp-json\/wp\/v2\/comments?post=678"}],"version-history":[{"count":26,"href":"https:\/\/www.retraiteenaction.ca\/club-coup-doeil\/wp-json\/wp\/v2\/pages\/678\/revisions"}],"predecessor-version":[{"id":2883,"href":"https:\/\/www.retraiteenaction.ca\/club-coup-doeil\/wp-json\/wp\/v2\/pages\/678\/revisions\/2883"}],"wp:attachment":[{"href":"https:\/\/www.retraiteenaction.ca\/club-coup-doeil\/wp-json\/wp\/v2\/media?parent=678"}],"curies":[{"name":"wp","href":"https:\/\/api.w.org\/{rel}","templated":true}]}}