{"id":1328,"date":"2014-08-30T11:36:43","date_gmt":"2014-08-30T15:36:43","guid":{"rendered":"http:\/\/retraiteenaction.ca\/informatique\/?page_id=1328"},"modified":"2026-02-06T11:57:02","modified_gmt":"2026-02-06T16:57:02","slug":"club-de-raquettes-2","status":"publish","type":"page","link":"https:\/\/www.retraiteenaction.ca\/club-de-raquettes\/","title":{"rendered":"Club de raquettes"},"content":{"rendered":"<p>&nbsp;<\/p>\n<p><a href=\"https:\/\/www.retraiteenaction.ca\/club-de-raquettes\/wp-content\/uploads\/sites\/5\/2026\/02\/raquettes4-scaled.png\"><img loading=\"lazy\" decoding=\"async\" class=\"aligncenter wp-image-9844 size-large\" src=\"https:\/\/www.retraiteenaction.ca\/club-de-raquettes\/wp-content\/uploads\/sites\/5\/2026\/02\/raquettes4-1024x653.png\" alt=\"\" width=\"1024\" height=\"653\" srcset=\"https:\/\/www.retraiteenaction.ca\/club-de-raquettes\/wp-content\/uploads\/sites\/5\/2026\/02\/raquettes4-1024x653.png 1024w, https:\/\/www.retraiteenaction.ca\/club-de-raquettes\/wp-content\/uploads\/sites\/5\/2026\/02\/raquettes4-300x191.png 300w, https:\/\/www.retraiteenaction.ca\/club-de-raquettes\/wp-content\/uploads\/sites\/5\/2026\/02\/raquettes4-768x490.png 768w, https:\/\/www.retraiteenaction.ca\/club-de-raquettes\/wp-content\/uploads\/sites\/5\/2026\/02\/raquettes4-1536x980.png 1536w, https:\/\/www.retraiteenaction.ca\/club-de-raquettes\/wp-content\/uploads\/sites\/5\/2026\/02\/raquettes4-2048x1306.png 2048w, https:\/\/www.retraiteenaction.ca\/club-de-raquettes\/wp-content\/uploads\/sites\/5\/2026\/02\/raquettes4-624x398.png 624w\" sizes=\"auto, (max-width: 1024px) 100vw, 1024px\" \/><\/a><\/p>\n<p>Qui sommes-nous ? Eh bien, tout simplement, des gens qui veulent profiter au maximum de nos longs hivers enneig\u00e9s, respirer de grands bols d&rsquo;air frais en Outaouais, et \u00e7a, toujours en tr\u00e8s bonne compagnie.<\/p>\n<style type=\"text\/css\">\n#foogallery-gallery-9600 .fg-image { width: 100px; }\n#foogallery-gallery-9600 { --fg-gutter: 10px; }<\/style>\n\t\t\t<div class=\"foogallery foogallery-container foogallery-default foogallery-lightbox-foobox fg-center fg-default fg-ready fg-light fg-border-thin fg-shadow-outline fg-loading-default fg-loaded-fade-in fg-caption-hover fg-hover-fade fg-hover-zoom\" id=\"foogallery-gallery-9600\" data-foogallery=\"{&quot;item&quot;:{&quot;showCaptionTitle&quot;:true,&quot;showCaptionDescription&quot;:true},&quot;lazy&quot;:true}\" style=\"--fg-title-line-clamp: 0; --fg-description-line-clamp: 0;\" >\n\t<div class=\"fg-item fg-type-image fg-idle\"><figure class=\"fg-item-inner\"><a href=\"https:\/\/www.retraiteenaction.ca\/club-de-raquettes\/wp-content\/uploads\/sites\/5\/2015\/09\/P1020666-Version-2-Small.jpg\" data-caption-title=\"P1020666-Version-2-Small\" data-attachment-id=\"9093\" data-type=\"image\" class=\"fg-thumb\"><span class=\"fg-image-wrap\"><img decoding=\"async\" width=\"100\" height=\"100\" class=\"skip-lazy fg-image\" data-src-fg=\"https:\/\/www.retraiteenaction.ca\/club-de-raquettes\/wp-content\/uploads\/sites\/5\/cache\/2015\/09\/P1020666-Version-2-Small\/2898053922.jpg\" src=\"data:image\/svg+xml,%3Csvg%20xmlns%3D%22http%3A%2F%2Fwww.w3.org%2F2000%2Fsvg%22%20width%3D%22100%22%20height%3D%22100%22%20viewBox%3D%220%200%20100%20100%22%3E%3C%2Fsvg%3E\" loading=\"eager\"><\/span><span class=\"fg-image-overlay\"><\/span><\/a><figcaption class=\"fg-caption\"><div class=\"fg-caption-inner\"><div class=\"fg-caption-title\">P1020666-Version-2-Small<\/div><\/div><\/figcaption><\/figure><div class=\"fg-loader\"><\/div><\/div><div class=\"fg-item fg-type-image fg-idle\"><figure class=\"fg-item-inner\"><a href=\"https:\/\/www.retraiteenaction.ca\/club-de-raquettes\/wp-content\/uploads\/sites\/5\/2015\/09\/P1020660-Version-2-Small.jpg\" data-caption-title=\"P1020660-Version-2-Small\" data-attachment-id=\"9092\" data-type=\"image\" class=\"fg-thumb\"><span class=\"fg-image-wrap\"><img decoding=\"async\" width=\"100\" height=\"100\" class=\"skip-lazy fg-image\" data-src-fg=\"https:\/\/www.retraiteenaction.ca\/club-de-raquettes\/wp-content\/uploads\/sites\/5\/cache\/2015\/09\/P1020660-Version-2-Small\/2334162688.jpg\" src=\"data:image\/svg+xml,%3Csvg%20xmlns%3D%22http%3A%2F%2Fwww.w3.org%2F2000%2Fsvg%22%20width%3D%22100%22%20height%3D%22100%22%20viewBox%3D%220%200%20100%20100%22%3E%3C%2Fsvg%3E\" loading=\"eager\"><\/span><span class=\"fg-image-overlay\"><\/span><\/a><figcaption class=\"fg-caption\"><div class=\"fg-caption-inner\"><div class=\"fg-caption-title\">P1020660-Version-2-Small<\/div><\/div><\/figcaption><\/figure><div class=\"fg-loader\"><\/div><\/div><div class=\"fg-item fg-type-image fg-idle\"><figure class=\"fg-item-inner\"><a href=\"https:\/\/www.retraiteenaction.ca\/club-de-raquettes\/wp-content\/uploads\/sites\/5\/2015\/09\/P1020658-Version-2-Small.jpg\" data-caption-title=\"P1020658-Version-2-Small\" data-attachment-id=\"9091\" data-type=\"image\" class=\"fg-thumb\"><span class=\"fg-image-wrap\"><img decoding=\"async\" width=\"100\" height=\"100\" class=\"skip-lazy fg-image\" data-src-fg=\"https:\/\/www.retraiteenaction.ca\/club-de-raquettes\/wp-content\/uploads\/sites\/5\/cache\/2015\/09\/P1020658-Version-2-Small\/257153338.jpg\" src=\"data:image\/svg+xml,%3Csvg%20xmlns%3D%22http%3A%2F%2Fwww.w3.org%2F2000%2Fsvg%22%20width%3D%22100%22%20height%3D%22100%22%20viewBox%3D%220%200%20100%20100%22%3E%3C%2Fsvg%3E\" loading=\"eager\"><\/span><span class=\"fg-image-overlay\"><\/span><\/a><figcaption class=\"fg-caption\"><div class=\"fg-caption-inner\"><div class=\"fg-caption-title\">P1020658-Version-2-Small<\/div><\/div><\/figcaption><\/figure><div class=\"fg-loader\"><\/div><\/div><div class=\"fg-item fg-type-image fg-idle\"><figure class=\"fg-item-inner\"><a href=\"https:\/\/www.retraiteenaction.ca\/club-de-raquettes\/wp-content\/uploads\/sites\/5\/2015\/09\/P1020644-Version-2-Small.jpg\" data-caption-title=\"P1020644-Version-2-Small\" data-attachment-id=\"9090\" data-type=\"image\" class=\"fg-thumb\"><span class=\"fg-image-wrap\"><img decoding=\"async\" width=\"100\" height=\"100\" class=\"skip-lazy fg-image\" data-src-fg=\"https:\/\/www.retraiteenaction.ca\/club-de-raquettes\/wp-content\/uploads\/sites\/5\/cache\/2015\/09\/P1020644-Version-2-Small\/2255621543.jpg\" src=\"data:image\/svg+xml,%3Csvg%20xmlns%3D%22http%3A%2F%2Fwww.w3.org%2F2000%2Fsvg%22%20width%3D%22100%22%20height%3D%22100%22%20viewBox%3D%220%200%20100%20100%22%3E%3C%2Fsvg%3E\" loading=\"eager\"><\/span><span class=\"fg-image-overlay\"><\/span><\/a><figcaption class=\"fg-caption\"><div class=\"fg-caption-inner\"><div class=\"fg-caption-title\">P1020644-Version-2-Small<\/div><\/div><\/figcaption><\/figure><div class=\"fg-loader\"><\/div><\/div><div class=\"fg-item fg-type-image fg-idle\"><figure class=\"fg-item-inner\"><a href=\"https:\/\/www.retraiteenaction.ca\/club-de-raquettes\/wp-content\/uploads\/sites\/5\/2015\/09\/P1020668-Version-2-Small.jpg\" data-caption-title=\"P1020668-Version-2-Small\" data-attachment-id=\"9094\" data-type=\"image\" class=\"fg-thumb\"><span class=\"fg-image-wrap\"><img decoding=\"async\" width=\"100\" height=\"100\" class=\"skip-lazy fg-image\" data-src-fg=\"https:\/\/www.retraiteenaction.ca\/club-de-raquettes\/wp-content\/uploads\/sites\/5\/cache\/2015\/09\/P1020668-Version-2-Small\/2651527696.jpg\" src=\"data:image\/svg+xml,%3Csvg%20xmlns%3D%22http%3A%2F%2Fwww.w3.org%2F2000%2Fsvg%22%20width%3D%22100%22%20height%3D%22100%22%20viewBox%3D%220%200%20100%20100%22%3E%3C%2Fsvg%3E\" loading=\"eager\"><\/span><span class=\"fg-image-overlay\"><\/span><\/a><figcaption class=\"fg-caption\"><div class=\"fg-caption-inner\"><div class=\"fg-caption-title\">P1020668-Version-2-Small<\/div><\/div><\/figcaption><\/figure><div class=\"fg-loader\"><\/div><\/div><\/div>\n\n<p style=\"text-align: center;\"><strong><em><span style=\"font-size: x-small;\">Cliquer sur une photo pour afficher le diaporama (Photos: Richard Burnford)<\/span><\/em><\/strong><\/p>\n<p>Vous chaussez vos raquettes pour la premi\u00e8re fois, eh bien, vous serez bien accueillis par les babicheux des 3 Raquettes, qui regroupent Raquette urbaine et Raquette Saint-Pascal-Baylon. D\u00e9butez votre saison de raquette avec nous \u00e0 Mer Bleue, ou encore \u00e0 l&rsquo;\u00cele Petrie, et en peu de temps, vous verrez que les sentiers du parc de la Gatineau, et m\u00eame la mont\u00e9e des Montagnes noires, seront \u00e0 votre port\u00e9e.<\/p>\n<p>Et pour ceux d&rsquo;entre vous qui sont n\u00e9s avec des raquettes aux pieds, vous trouverez des gens tr\u00e8s enthousiastes parmi nos randonneurs.<\/p>\n<p>Pourquoi faire de la raquette ? Et pourquoi avec nous ? Allez voir <a href=\"https:\/\/www.retraiteenaction.ca\/club-de-raquettes\/raquette-urbaine\/\" target=\"_blank\" rel=\"noopener\">Raquette urbaine<\/a> ou \u00a0<a href=\"https:\/\/www.retraiteenaction.ca\/club-de-raquettes\/randonnee-en-raquettes-est-ontarien\/\" target=\"_blank\" rel=\"noopener\">Raquette St-Pascal-Baylon<\/a>. Et si vous \u00eates vraiment curieux, allez donc jeter un coup d\u2019\u0153il \u00e0 <a href=\"https:\/\/www.retraiteenaction.ca\/club-de-raquettes\/points-de-rencontre\/\" target=\"_blank\" rel=\"noopener\">nos parcours<\/a>.<\/p>\n<p>Soyez au rendez-vous !<\/p>\n<p>&nbsp;<\/p>\n","protected":false},"excerpt":{"rendered":"<p>&nbsp; Qui sommes-nous ? Eh bien, tout simplement, des gens qui veulent profiter au maximum de nos longs hivers enneig\u00e9s, respirer de grands bols d&rsquo;air frais en Outaouais, et \u00e7a, toujours en tr\u00e8s bonne compagnie. Cliquer sur une photo pour afficher le diaporama (Photos: Richard Burnford) Vous chaussez vos raquettes pour la premi\u00e8re fois, eh [&hellip;]<\/p>\n","protected":false},"author":5,"featured_media":0,"parent":0,"menu_order":6,"comment_status":"closed","ping_status":"closed","template":"","meta":{"_acf_changed":false,"_crdt_document":"","_monsterinsights_skip_tracking":false,"_monsterinsights_sitenote_active":false,"_monsterinsights_sitenote_note":"","_monsterinsights_sitenote_category":0,"_mc_calendar":[],"footnotes":""},"class_list":["post-1328","page","type-page","status-publish","hentry","has_thumb"],"acf":[],"aioseo_notices":[],"_links":{"self":[{"href":"https:\/\/www.retraiteenaction.ca\/club-de-raquettes\/wp-json\/wp\/v2\/pages\/1328","targetHints":{"allow":["GET"]}}],"collection":[{"href":"https:\/\/www.retraiteenaction.ca\/club-de-raquettes\/wp-json\/wp\/v2\/pages"}],"about":[{"href":"https:\/\/www.retraiteenaction.ca\/club-de-raquettes\/wp-json\/wp\/v2\/types\/page"}],"author":[{"embeddable":true,"href":"https:\/\/www.retraiteenaction.ca\/club-de-raquettes\/wp-json\/wp\/v2\/users\/5"}],"replies":[{"embeddable":true,"href":"https:\/\/www.retraiteenaction.ca\/club-de-raquettes\/wp-json\/wp\/v2\/comments?post=1328"}],"version-history":[{"count":47,"href":"https:\/\/www.retraiteenaction.ca\/club-de-raquettes\/wp-json\/wp\/v2\/pages\/1328\/revisions"}],"predecessor-version":[{"id":9845,"href":"https:\/\/www.retraiteenaction.ca\/club-de-raquettes\/wp-json\/wp\/v2\/pages\/1328\/revisions\/9845"}],"wp:attachment":[{"href":"https:\/\/www.retraiteenaction.ca\/club-de-raquettes\/wp-json\/wp\/v2\/media?parent=1328"}],"curies":[{"name":"wp","href":"https:\/\/api.w.org\/{rel}","templated":true}]}}