{"id":1334,"date":"2014-08-30T11:38:48","date_gmt":"2014-08-30T15:38:48","guid":{"rendered":"http:\/\/retraiteenaction.ca\/informatique\/?page_id=1334"},"modified":"2017-12-07T17:59:29","modified_gmt":"2017-12-07T22:59:29","slug":"randonnee-en-raquettes-est-ontarien","status":"publish","type":"page","link":"https:\/\/www.retraiteenaction.ca\/club-de-raquettes\/randonnee-en-raquettes-est-ontarien\/","title":{"rendered":"Raquette St-Pascal-Baylon"},"content":{"rendered":"<table class=\" aligncenter\" style=\"width: 100%;\">\n<tbody>\n<tr>\n<td style=\"width: 188.95px;\"><a href=\"http:\/\/www.retraiteenaction.ca\/club-de-raquettes\/wp-content\/uploads\/sites\/6\/2016\/10\/flocons1.jpg\"><img loading=\"lazy\" decoding=\"async\" class=\"wp-image-9212 aligncenter\" src=\"http:\/\/www.retraiteenaction.ca\/club-de-raquettes\/wp-content\/uploads\/sites\/6\/2016\/10\/flocons1.jpg\" alt=\"flocons1\" width=\"100\" height=\"100\" srcset=\"https:\/\/www.retraiteenaction.ca\/club-de-raquettes\/wp-content\/uploads\/sites\/5\/2016\/10\/flocons1.jpg 224w, https:\/\/www.retraiteenaction.ca\/club-de-raquettes\/wp-content\/uploads\/sites\/5\/2016\/10\/flocons1-150x150.jpg 150w\" sizes=\"auto, (max-width: 100px) 100vw, 100px\" \/><\/a><\/td>\n<td style=\"width: 286.05px; text-align: center; vertical-align: middle;\">\n<h2><span style=\"color: #008080;\"><strong>Raquette St-Pascal-Baylon<\/strong><\/span><\/h2>\n<\/td>\n<td style=\"width: 194px;\"><a href=\"http:\/\/www.retraiteenaction.ca\/club-de-raquettes\/wp-content\/uploads\/sites\/6\/2016\/10\/flocons1.jpg\"><img loading=\"lazy\" decoding=\"async\" class=\"wp-image-9212 aligncenter\" src=\"http:\/\/www.retraiteenaction.ca\/club-de-raquettes\/wp-content\/uploads\/sites\/6\/2016\/10\/flocons1.jpg\" alt=\"flocons1\" width=\"100\" height=\"100\" srcset=\"https:\/\/www.retraiteenaction.ca\/club-de-raquettes\/wp-content\/uploads\/sites\/5\/2016\/10\/flocons1.jpg 224w, https:\/\/www.retraiteenaction.ca\/club-de-raquettes\/wp-content\/uploads\/sites\/5\/2016\/10\/flocons1-150x150.jpg 150w\" sizes=\"auto, (max-width: 100px) 100vw, 100px\" \/><\/a><\/td>\n<\/tr>\n<\/tbody>\n<\/table>\n<p>&nbsp;<\/p>\n<script type=\"text\/javascript\">\r\ndocument.addEventListener(\"DOMContentLoaded\", function(event) { \r\n\tjQuery( '#slider-pro-3-9120' ).sliderPro({\r\n\t\t\/\/width\r\n\t\t\t\twidth: 1000,\r\n\t\t\t\t\r\n\t\t\/\/height\r\n\t\t\t\theight: 500,\r\n\t\t\t\t\r\n\t\t\/\/auto play\r\n\t\t\t\tautoplay:  true,\r\n\t\tautoplayOnHover: 'none',\r\n\t\t\t\t\t\t\t\tautoplayDelay: 3000,\r\n\t\t\r\n\t\t\r\n\t\tarrows: true,\r\n\t\tbuttons: false,\r\n\t\tsmallSize: 500,\r\n\t\tmediumSize: 1000,\r\n\t\tlargeSize: 3000,\r\n\t\tfade: false,\r\n\t\t\r\n\t\t\/\/thumbnail\r\n\t\tthumbnailArrows: true,\r\n\t\tthumbnailWidth: 120,\r\n\t\tthumbnailHeight: 120,\r\n\t\t\t\t\t\tthumbnailsPosition: 'bottom',\r\n\t\t\t\t\t\tcenterImage: true,\r\n\t\timageScaleMode: 'cover',\r\n\t\tallowScaleUp: true,\r\n\t\t\t\tstartSlide: 0,\r\n\t\tloop: true,\r\n\t\tslideDistance: 5,\r\n\t\tautoplayDirection: 'normal',\r\n\t\ttouchSwipe: true,\r\n\t\tfullScreen: true,\r\n\t});\r\n});\r\n<\/script>\r\n\r\n\t\t<div id=\"slider-pro-3-9120\" class=\"slider-pro\">\r\n\t\t\t<!---- slides div start ---->\r\n\t\t\t<div class=\"sp-slides\">\r\n\t\t\t\t\t\t\t\t\t\t<div class=\"sp-slide\">\r\n\t\t\t\t\t\t\t<img decoding=\"async\" class=\"sp-image\" loading=\"lazy\" alt=\"\" src=\"https:\/\/www.retraiteenaction.ca\/club-de-raquettes\/wp-content\/plugins\/ultimate-responsive-image-slider\/assets\/css\/images\/blank.gif\" data-src=\"https:\/\/www.retraiteenaction.ca\/club-de-raquettes\/wp-content\/uploads\/sites\/5\/2015\/09\/REA-St-Pascal-12.jpg\" \/>\r\n\r\n\t\t\t\t\t\t\t\r\n\t\t\t\t\t\t\t\t\t\t\t\t\t<\/div>\r\n\t\t\t\t\t\t\t\t\t\t\t\t<div class=\"sp-slide\">\r\n\t\t\t\t\t\t\t<img decoding=\"async\" class=\"sp-image\" loading=\"lazy\" alt=\"\" src=\"https:\/\/www.retraiteenaction.ca\/club-de-raquettes\/wp-content\/plugins\/ultimate-responsive-image-slider\/assets\/css\/images\/blank.gif\" data-src=\"https:\/\/www.retraiteenaction.ca\/club-de-raquettes\/wp-content\/uploads\/sites\/5\/2015\/09\/REA-ST-Pascal-14.jpg\" \/>\r\n\r\n\t\t\t\t\t\t\t\r\n\t\t\t\t\t\t\t\t\t\t\t\t\t<\/div>\r\n\t\t\t\t\t\t\t\t\t\t\t\t<div class=\"sp-slide\">\r\n\t\t\t\t\t\t\t<img decoding=\"async\" class=\"sp-image\" loading=\"lazy\" alt=\"\" src=\"https:\/\/www.retraiteenaction.ca\/club-de-raquettes\/wp-content\/plugins\/ultimate-responsive-image-slider\/assets\/css\/images\/blank.gif\" data-src=\"https:\/\/www.retraiteenaction.ca\/club-de-raquettes\/wp-content\/uploads\/sites\/5\/2015\/09\/REA-St-Pascal-11.jpg\" \/>\r\n\r\n\t\t\t\t\t\t\t\r\n\t\t\t\t\t\t\t\t\t\t\t\t\t<\/div>\r\n\t\t\t\t\t\t\t\t\t\t\t\t<div class=\"sp-slide\">\r\n\t\t\t\t\t\t\t<img decoding=\"async\" class=\"sp-image\" loading=\"lazy\" alt=\"\" src=\"https:\/\/www.retraiteenaction.ca\/club-de-raquettes\/wp-content\/plugins\/ultimate-responsive-image-slider\/assets\/css\/images\/blank.gif\" data-src=\"https:\/\/www.retraiteenaction.ca\/club-de-raquettes\/wp-content\/uploads\/sites\/5\/2015\/09\/REA-St-Pascal-4.jpg\" \/>\r\n\r\n\t\t\t\t\t\t\t\r\n\t\t\t\t\t\t\t\t\t\t\t\t\t<\/div>\r\n\t\t\t\t\t\t\t\t\t\t\t\t<div class=\"sp-slide\">\r\n\t\t\t\t\t\t\t<img decoding=\"async\" class=\"sp-image\" loading=\"lazy\" alt=\"\" src=\"https:\/\/www.retraiteenaction.ca\/club-de-raquettes\/wp-content\/plugins\/ultimate-responsive-image-slider\/assets\/css\/images\/blank.gif\" data-src=\"https:\/\/www.retraiteenaction.ca\/club-de-raquettes\/wp-content\/uploads\/sites\/5\/2015\/09\/REA-St-Pascal-5.jpg\" \/>\r\n\r\n\t\t\t\t\t\t\t\r\n\t\t\t\t\t\t\t\t\t\t\t\t\t<\/div>\r\n\t\t\t\t\t\t\t\t\t\t\t\t<div class=\"sp-slide\">\r\n\t\t\t\t\t\t\t<img decoding=\"async\" class=\"sp-image\" loading=\"lazy\" alt=\"\" src=\"https:\/\/www.retraiteenaction.ca\/club-de-raquettes\/wp-content\/plugins\/ultimate-responsive-image-slider\/assets\/css\/images\/blank.gif\" data-src=\"https:\/\/www.retraiteenaction.ca\/club-de-raquettes\/wp-content\/uploads\/sites\/5\/2015\/09\/REA-St-Pascal-3.jpg\" \/>\r\n\r\n\t\t\t\t\t\t\t\r\n\t\t\t\t\t\t\t\t\t\t\t\t\t<\/div>\r\n\t\t\t\t\t\t\t\t\t<\/div>\r\n\t\t\t\r\n\t\t\t<!---- slides div end ---->\r\n\t\t\t\t\t\t<!-- slides thumbnails div end -->\r\n\t\t<\/div>\r\n\t\t<style>\r\n\/* Layout 3 *\/\r\n\/* border *\/\r\n#slider-pro-3-9120 .sp-selected-thumbnail {\r\n\tborder: 4px solid #000000;\r\n}\r\n\r\n\/* font + color *\/\r\n.title-in  {\r\n\tfont-family: Arial !important;\r\n\tcolor: #00000 !important;\r\n\tbackground-color: #FFFFFF !important;\r\n\topacity: 0.7 !important;\r\n}\r\n.desc-in  {\r\n\tfont-family: Arial !important;\r\n\tcolor: #FFFFFF !important;\r\n\tbackground-color: #00000 !important;\r\n\topacity: 0.7 !important;\r\n}\r\n\r\n\/* bullets color *\/\r\n.sp-button  {\r\n\tborder: 2px solid #000000 !important;\r\n}\r\n.sp-selected-button  {\r\n\tbackground-color: #000000 !important;\r\n}\r\n\r\n\/* pointer color - bottom *\/\r\n.sp-selected-thumbnail::before {\r\n\tborder-bottom: 5px solid #000000 !important;\r\n}\r\n.sp-selected-thumbnail::after {\r\n\tborder-bottom: 13px solid #000000 !important;\r\n}\r\n\r\n\/* pointer color - top *\/\r\n\r\n\/* full screen icon *\/\r\n.sp-full-screen-button::before {\r\n    color: #FFFFFF !important;\r\n}\r\n\r\n\/* hover navigation icon color *\/\r\n.sp-next-arrow::after, .sp-next-arrow::before {\r\n\tbackground-color: #FFFFFF !important;\r\n}\r\n.sp-previous-arrow::after, .sp-previous-arrow::before {\r\n\tbackground-color: #FFFFFF !important;\r\n}\r\n\r\n#slider-pro-3-9120 .title-in {\r\n\tcolor: #00000 !important;\r\n\tfont-weight: bolder;\r\n\ttext-align: center;\r\n}\r\n\r\n#slider-pro-3-9120 .title-in-bg {\r\n\tbackground: rgba(255, 255, 255, 0.7); !important;\r\n\twhite-space: unset !important;\r\n\ttransform: initial !important;\r\n\t-webkit-transform: initial !important;\r\n\tfont-size: 14px !important;\r\n}\r\n\r\n#slider-pro-3-9120 .desc-in {\r\n\tcolor: #FFFFFF !important;\r\n\ttext-align: center;\r\n}\r\n#slider-pro-3-9120 .desc-in-bg {\r\n\tbackground: rgba(#00000, 0.7) !important;\r\n\twhite-space: unset !important;\r\n\ttransform: initial !important;\r\n\t-webkit-transform: initial !important;\r\n\tfont-size: 13px !important;\r\n}\r\n\r\n@media (max-width: 640px) {\r\n\t#slider-pro-3-9120 .hide-small-screen {\r\n\t\tdisplay: none;\r\n\t}\r\n}\r\n\r\n@media (max-width: 860px) {\r\n\t#slider-pro-3-9120 .sp-layer {\r\n\t\tfont-size: 18px;\r\n\t}\r\n\t\r\n\t#slider-pro-3-9120 .hide-medium-screen {\r\n\t\tdisplay: none;\r\n\t}\r\n}\r\n.slides-not-found {\r\n\tbackground-color: #a92929;\r\n\tborder-radius: 5px;\r\n\tcolor: #fff;\r\n\tfont-family: initial;\r\n\ttext-align: center;\r\n\tpadding:12px;\r\n}\r\n\/* Custom CSS *\/\r\n<\/style>\r\n\n<p>Magie hivernale \u00e0 Saint-Pascal-Baylon, un charmant petit village de l&rsquo;Est ontarien&#8230;<\/p>\n<p>En effet, c&rsquo;est ici, au fil des ann\u00e9es, sur une terre abandonn\u00e9e, que Denis et Diane Lalonde ont am\u00e9nag\u00e9 un r\u00e9seau unique de sentiers pour les adeptes de la raquette. Les sentiers fort bien balis\u00e9s \u2014 Le castor, Le h\u00e9risson, Le renard, et La grenouille \u2014 s&rsquo;amusent \u00e0 serpenter et \u00e0 se croiser \u00e0 travers vallons et bois\u00e9s.<\/p>\n<p>L&rsquo;hiver venu, les Lalonde invitent les babicheux novices, et experts, \u00e0 chausser leurs raquettes et \u00e0 faire une randonn\u00e9e de jour, ou \u00e0 la pleine lune avec vous. En fin de parcours, vous serez invit\u00e9s \u00e0 vous r\u00e9chauffer dans leur chalet pour placoter et se raconter les aventures et les m\u00e9saventures de la journ\u00e9e.<\/p>\n<p>Tout \u00e7a pour vous dire que vos guides br\u00fblent d&rsquo;impatience de vous accueillir \u00e0 une rando de Raquette St-Pascal-Baylon \u2014 un cha\u00eenon des 3 Raquettes \u2014 qui d\u00e9passera de beaucoup vos attentes&#8230;.<\/p>\n<p>&nbsp;<\/p>\n","protected":false},"excerpt":{"rendered":"<p>Raquette St-Pascal-Baylon &nbsp; Magie hivernale \u00e0 Saint-Pascal-Baylon, un charmant petit village de l&rsquo;Est ontarien&#8230; En effet, c&rsquo;est ici, au fil des ann\u00e9es, sur une terre abandonn\u00e9e, que Denis et Diane Lalonde ont am\u00e9nag\u00e9 un r\u00e9seau unique de sentiers pour les adeptes de la raquette. Les sentiers fort bien balis\u00e9s \u2014 Le castor, Le h\u00e9risson, Le [&hellip;]<\/p>\n","protected":false},"author":6,"featured_media":0,"parent":0,"menu_order":3,"comment_status":"closed","ping_status":"closed","template":"","meta":{"_acf_changed":false,"_crdt_document":"","_monsterinsights_skip_tracking":false,"_monsterinsights_sitenote_active":false,"_monsterinsights_sitenote_note":"","_monsterinsights_sitenote_category":0,"_mc_calendar":[],"footnotes":""},"class_list":["post-1334","page","type-page","status-publish","hentry","has_no_thumb"],"acf":[],"aioseo_notices":[],"_links":{"self":[{"href":"https:\/\/www.retraiteenaction.ca\/club-de-raquettes\/wp-json\/wp\/v2\/pages\/1334","targetHints":{"allow":["GET"]}}],"collection":[{"href":"https:\/\/www.retraiteenaction.ca\/club-de-raquettes\/wp-json\/wp\/v2\/pages"}],"about":[{"href":"https:\/\/www.retraiteenaction.ca\/club-de-raquettes\/wp-json\/wp\/v2\/types\/page"}],"author":[{"embeddable":true,"href":"https:\/\/www.retraiteenaction.ca\/club-de-raquettes\/wp-json\/wp\/v2\/users\/6"}],"replies":[{"embeddable":true,"href":"https:\/\/www.retraiteenaction.ca\/club-de-raquettes\/wp-json\/wp\/v2\/comments?post=1334"}],"version-history":[{"count":11,"href":"https:\/\/www.retraiteenaction.ca\/club-de-raquettes\/wp-json\/wp\/v2\/pages\/1334\/revisions"}],"predecessor-version":[{"id":9526,"href":"https:\/\/www.retraiteenaction.ca\/club-de-raquettes\/wp-json\/wp\/v2\/pages\/1334\/revisions\/9526"}],"wp:attachment":[{"href":"https:\/\/www.retraiteenaction.ca\/club-de-raquettes\/wp-json\/wp\/v2\/media?parent=1334"}],"curies":[{"name":"wp","href":"https:\/\/api.w.org\/{rel}","templated":true}]}}