{"id":1336,"date":"2014-08-30T11:39:22","date_gmt":"2014-08-30T15:39:22","guid":{"rendered":"http:\/\/retraiteenaction.ca\/informatique\/?page_id=1336"},"modified":"2026-03-17T17:21:32","modified_gmt":"2026-03-17T21:21:32","slug":"points-de-rencontre","status":"publish","type":"page","link":"https:\/\/www.retraiteenaction.ca\/club-de-raquettes\/points-de-rencontre\/","title":{"rendered":"Points de d\u00e9part"},"content":{"rendered":"<table class=\" alignleft\" style=\"width: 100%;\">\n<tbody>\n<tr>\n<td style=\"width: 188.95px;\"><a href=\"http:\/\/www.retraiteenaction.ca\/club-de-raquettes\/wp-content\/uploads\/sites\/5\/2016\/10\/flocons1.jpg\"><img loading=\"lazy\" decoding=\"async\" class=\"wp-image-9212 aligncenter\" src=\"http:\/\/www.retraiteenaction.ca\/club-de-raquettes\/wp-content\/uploads\/sites\/5\/2016\/10\/flocons1.jpg\" alt=\"flocons1\" width=\"100\" height=\"100\" srcset=\"https:\/\/www.retraiteenaction.ca\/club-de-raquettes\/wp-content\/uploads\/sites\/5\/2016\/10\/flocons1.jpg 224w, https:\/\/www.retraiteenaction.ca\/club-de-raquettes\/wp-content\/uploads\/sites\/5\/2016\/10\/flocons1-150x150.jpg 150w\" sizes=\"auto, (max-width: 100px) 100vw, 100px\" \/><\/a><\/td>\n<td style=\"width: 286.05px; text-align: center; vertical-align: middle;\">\n<h2><span style=\"color: #008080;\"><strong>Points de d\u00e9part<\/strong><\/span><\/h2>\n<\/td>\n<td style=\"width: 194px;\"><a href=\"http:\/\/www.retraiteenaction.ca\/club-de-raquettes\/wp-content\/uploads\/sites\/5\/2016\/10\/flocons1.jpg\"><img loading=\"lazy\" decoding=\"async\" class=\"wp-image-9212 aligncenter\" src=\"http:\/\/www.retraiteenaction.ca\/club-de-raquettes\/wp-content\/uploads\/sites\/5\/2016\/10\/flocons1.jpg\" alt=\"flocons1\" width=\"100\" height=\"100\" srcset=\"https:\/\/www.retraiteenaction.ca\/club-de-raquettes\/wp-content\/uploads\/sites\/5\/2016\/10\/flocons1.jpg 224w, https:\/\/www.retraiteenaction.ca\/club-de-raquettes\/wp-content\/uploads\/sites\/5\/2016\/10\/flocons1-150x150.jpg 150w\" sizes=\"auto, (max-width: 100px) 100vw, 100px\" \/><\/a><\/td>\n<\/tr>\n<\/tbody>\n<\/table>\n<table style=\"height: 1474px; width: 73.1482%;\" border=\"0\" align=\"left\">\n<tbody>\n<tr style=\"height: 68px;\">\n<td style=\"height: 68px; width: 28.0313%;\">\n<h5><span style=\"font-size: medium;\"><strong>Bourget<\/strong><\/span><\/h5>\n<\/td>\n<td style=\"height: 68px; width: 70.9257%;\">\n<h5><a href=\"http:\/\/www.retraiteenaction.ca\/club-de-raquettes\/wp-content\/uploads\/sites\/5\/2016\/10\/ZEN_Bourget2_ForetLarose_P4.pdf\" target=\"_blank\" rel=\"noopener noreferrer\">Sentier de raquettes dans la for\u00eat Larose<\/a><\/h5>\n<\/td>\n<\/tr>\n<tr style=\"height: 68px;\">\n<td style=\"height: 68px; width: 28.0313%;\">\n<h5><span style=\"font-size: medium;\"><strong>Cantley<\/strong><\/span><\/h5>\n<\/td>\n<td style=\"height: 68px; width: 70.9257%;\">\n<h5><a href=\"http:\/\/www.retraiteenaction.ca\/club-de-raquettes\/wp-content\/uploads\/sites\/5\/2017\/10\/ZEN_MontCascades.pdf\" target=\"_blank\" rel=\"noopener noreferrer\">Mont Cascades : sentiers de raquettes dans un centre de ski alpin<\/a><\/h5>\n<\/td>\n<\/tr>\n<tr style=\"height: 68px;\">\n<td style=\"height: 68px; width: 28.0313%;\">\n<h5><span style=\"font-size: medium;\"><strong>Chelsea<\/strong><\/span><\/h5>\n<\/td>\n<td style=\"height: 68px; width: 70.9257%;\">\n<h5><a href=\"https:\/\/www.retraiteenaction.ca\/club-de-raquettes\/wp-content\/uploads\/sites\/5\/2020\/03\/Zen_Domaine_Mackenzie-King.pdf\" target=\"_blank\" rel=\"noopener noreferrer\">Domaine Mackenzie-\u00adKing : sentiers Lauriault et de la Chute<\/a><\/h5>\n<\/td>\n<\/tr>\n<tr style=\"height: 68px;\">\n<td style=\"height: 68px; width: 28.0313%;\"><\/td>\n<td style=\"height: 68px; width: 70.9257%;\">\n<h5><a href=\"https:\/\/www.retraiteenaction.ca\/club-de-raquettes\/wp-content\/uploads\/sites\/5\/2025\/12\/GROSMOLLETS_sentierdesloups62_Chelsea.pdf\" target=\"_blank\" rel=\"noopener\">Lac Meech : sentier des Loups (RGM)<\/a><\/h5>\n<\/td>\n<\/tr>\n<tr style=\"height: 68px;\">\n<td style=\"width: 28.0313%; height: 68px;\">\n<h5><span style=\"font-size: medium;\"><strong>Clarence-Rockland<\/strong><\/span><\/h5>\n<\/td>\n<td style=\"height: 68px; width: 70.9257%;\">\n<h5><a href=\"https:\/\/www.retraiteenaction.ca\/club-de-raquettes\/wp-content\/uploads\/sites\/5\/2019\/02\/3RAQ_ParcLavigne_Rockland2_Cumberland.pdf\" target=\"_blank\" rel=\"noopener noreferrer\">Parc naturel Lavigne : sentiers d&rsquo;hiver<\/a><\/h5>\n<\/td>\n<\/tr>\n<tr style=\"height: 68px;\">\n<td style=\"height: 68px; width: 28.0313%;\">\n<h5><span style=\"font-size: medium;\"><strong>Cumberland<\/strong><\/span><\/h5>\n<\/td>\n<td style=\"height: 68px; width: 70.9257%;\">\n<h5><a href=\"http:\/\/www.retraiteenaction.ca\/club-de-raquettes\/wp-content\/uploads\/sites\/5\/2017\/11\/ZEN_Wilsondale_CumberlandMuseum.pdf\">Les sentiers Wilsondale<\/a><\/h5>\n<\/td>\n<\/tr>\n<tr style=\"height: 68px;\">\n<td style=\"height: 68px; width: 28.0313%;\">\n<h5><span style=\"font-size: medium;\"><strong>Gatineau (secteur Hull)<\/strong><\/span><\/h5>\n<\/td>\n<td style=\"height: 68px; width: 70.9257%;\">\n<h5><a href=\"http:\/\/www.retraiteenaction.ca\/club-de-raquettes\/wp-content\/uploads\/sites\/5\/2014\/09\/Zen_Sentier65-66-Gatineau1.pdf\" target=\"_blank\" rel=\"noopener noreferrer\">Relais plein air : sentiers 65 et 66 du parc de la Gatineau<\/a><\/h5>\n<\/td>\n<\/tr>\n<tr style=\"height: 64px;\">\n<td style=\"height: 64px; width: 28.0313%;\"><\/td>\n<td style=\"height: 64px; width: 70.9257%;\">\n<h5><a href=\"https:\/\/www.retraiteenaction.ca\/club-de-raquettes\/wp-content\/uploads\/sites\/5\/2014\/11\/GROS-MOLLETS_sentier64-65-66.pdf\" target=\"_blank\" rel=\"noopener noreferrer\">Relais plein air \u2014 Sentiers 64, 65 et 66 du parc de la Gatineau (RGM)<\/a><\/h5>\n<\/td>\n<\/tr>\n<tr style=\"height: 68px;\">\n<td style=\"height: 68px; width: 28.0313%;\">\n<h5><span style=\"font-size: medium;\"><strong>Limoges<\/strong><\/span><\/h5>\n<\/td>\n<td style=\"height: 68px; width: 70.9257%;\">\n<h5><a href=\"https:\/\/www.retraiteenaction.ca\/club-de-raquettes\/wp-content\/uploads\/sites\/5\/2019\/02\/ZEN_Limoges_Larose_Grant_IndianCreekP7.pdf\" target=\"_blank\" rel=\"noopener noreferrer\">Limoges &#8212; Sentier Indian Creek \/ Grant &#8212; P7<\/a><\/h5>\n<\/td>\n<\/tr>\n<tr style=\"height: 68px;\">\n<td style=\"height: 68px; width: 28.0313%;\">\n<h5><span style=\"font-size: medium;\">\u00a0<strong>Orl\u00e9ans<\/strong><\/span><\/h5>\n<\/td>\n<td style=\"height: 68px; width: 70.9257%;\">\n<h5><a href=\"https:\/\/www.retraiteenaction.ca\/club-de-raquettes\/wp-content\/uploads\/sites\/5\/2023\/03\/3RAQCardinalCreek_2023_LG.pdf\" target=\"_blank\" rel=\"noopener\">Cardinal Creek : sentiers et karst<\/a><\/h5>\n<\/td>\n<\/tr>\n<tr style=\"height: 68px;\">\n<td style=\"width: 28.0313%; height: 68px;\">\n<h5><span style=\"font-size: medium;\">\u00a0<\/span><\/h5>\n<\/td>\n<td style=\"width: 70.9257%; height: 68px;\">\n<h5><a href=\"https:\/\/www.retraiteenaction.ca\/club-de-raquettes\/wp-content\/uploads\/sites\/5\/2014\/09\/ZEN_Ile-Petrie.pdf\" target=\"_blank\" rel=\"noopener noreferrer\">\u00cele Petrie : r\u00e9seau de sentiers pour raquetteurs novices<\/a><\/h5>\n<\/td>\n<\/tr>\n<tr style=\"height: 64px;\">\n<td style=\"height: 64px; width: 28.0313%;\"><\/td>\n<td style=\"height: 64px; width: 70.9257%;\">\n<h5><a href=\"https:\/\/www.retraiteenaction.ca\/club-de-raquettes\/wp-content\/uploads\/sites\/5\/2014\/09\/ZEN_Parc-Myst\u00e8re.pdf\" target=\"_blank\" rel=\"noopener noreferrer\">Parc Myst\u00e8re : sentier menant \u00e0 la rivi\u00e8re des Outaouais<\/a><\/h5>\n<\/td>\n<\/tr>\n<tr style=\"height: 26px;\">\n<td style=\"height: 26px; width: 28.0313%;\"><\/td>\n<td style=\"height: 26px; width: 70.9257%;\">\n<h5><a href=\"https:\/\/www.retraiteenaction.ca\/club-de-raquettes\/wp-content\/uploads\/sites\/5\/2019\/02\/3RAQ_SkiHeritageEast_versBoulOrleans.pdf\" target=\"_blank\" rel=\"noopener noreferrer\">Rive de la rivi\u00e8re des Outaouais &#8212; rue Champlain vers boulevard Orl\u00e9ans<\/a><\/h5>\n<\/td>\n<\/tr>\n<tr style=\"height: 24px;\">\n<td style=\"height: 24px; width: 28.0313%;\"><\/td>\n<td style=\"height: 24px; width: 70.9257%;\">\n<h5><a href=\"https:\/\/www.retraiteenaction.ca\/club-de-raquettes\/wp-content\/uploads\/sites\/5\/2019\/02\/3RAQ_SkiHeritageEast_versTrim_orleans.pdf\" target=\"_blank\" rel=\"noopener noreferrer\">Rive de la rivi\u00e8re des Outaouais &#8212; rue Champlain vers chemin Trim<\/a><\/h5>\n<\/td>\n<\/tr>\n<tr style=\"height: 24px;\">\n<td style=\"height: 24px; width: 28.0313%;\"><span style=\"font-size: medium;\"><strong>Ottawa<\/strong><\/span><\/td>\n<td style=\"height: 24px; width: 70.9257%;\">\n<h5><a href=\"https:\/\/www.retraiteenaction.ca\/club-de-raquettes\/wp-content\/uploads\/sites\/5\/2018\/02\/RAQURBAINE_RemicsRapids.pdf\" target=\"_blank\" rel=\"noopener noreferrer\">Du pont Champlain vers les rapides Remic (et au-del\u00e0)<\/a><\/h5>\n<\/td>\n<\/tr>\n<tr style=\"height: 24px;\">\n<td style=\"width: 28.0313%; height: 24px;\"><span style=\"font-size: medium;\"><strong>\u00a0<\/strong><\/span><\/td>\n<td style=\"width: 70.9257%; height: 24px;\">\n<h5><a href=\"https:\/\/www.retraiteenaction.ca\/club-de-raquettes\/wp-content\/uploads\/sites\/5\/2026\/03\/3RAQ-MudLake-fiche2026.pdf\" target=\"_blank\" rel=\"noopener\">Lac Mud : le sentier des dindons<\/a><\/h5>\n<\/td>\n<\/tr>\n<tr style=\"height: 24px;\">\n<td style=\"height: 24px; width: 28.0313%;\"><span style=\"font-size: medium;\"><strong>\u00a0<\/strong><\/span><\/td>\n<td style=\"height: 24px; width: 70.9257%;\">\n<h5><a href=\"https:\/\/www.retraiteenaction.ca\/club-de-raquettes\/wp-content\/uploads\/sites\/5\/2016\/01\/ZEN_merbleue_sentier53_P21.pdf\" target=\"_blank\" rel=\"noopener noreferrer\">Mer Bleue : aller-\u00adretour sur le sentier 53<\/a><\/h5>\n<\/td>\n<\/tr>\n<tr style=\"height: 24px;\">\n<td style=\"height: 24px; width: 28.0313%;\"><\/td>\n<td style=\"height: 24px; width: 70.9257%;\">\n<h5><a href=\"https:\/\/www.retraiteenaction.ca\/club-de-raquettes\/wp-content\/uploads\/sites\/5\/2018\/01\/ZEN_merbleue_boucleSentier53_P21.pdf\" target=\"_blank\" rel=\"noopener noreferrer\">Mer Bleue : Boucle des sentiers 53A et 53<\/a><\/h5>\n<\/td>\n<\/tr>\n<tr style=\"height: 24px;\">\n<td style=\"height: 24px; width: 28.0313%;\"><\/td>\n<td style=\"height: 24px; width: 70.9257%;\">\n<h5><a href=\"https:\/\/www.retraiteenaction.ca\/club-de-raquettes\/wp-content\/uploads\/sites\/5\/2016\/01\/ZEN_merbleue_sentierDewberry50-51_P23.pdf\" target=\"_blank\" rel=\"noopener noreferrer\">Mer Bleue : boucle du sentier Dewberry<\/a><\/h5>\n<\/td>\n<\/tr>\n<tr style=\"height: 24px;\">\n<td style=\"height: 24px; width: 28.0313%;\"><\/td>\n<td style=\"height: 24px; width: 70.9257%;\">\n<h5><a href=\"https:\/\/www.retraiteenaction.ca\/club-de-raquettes\/wp-content\/uploads\/sites\/5\/2017\/01\/ZEN_merbleue_sentier_P23.pdf\" target=\"_blank\" rel=\"noopener noreferrer\">Mer Bleue : Mini-boucle du sentier des Ronces &#8212; 5 km<\/a><\/h5>\n<\/td>\n<\/tr>\n<tr style=\"height: 64px;\">\n<td style=\"width: 28.0313%; height: 64px;\"><\/td>\n<td style=\"width: 70.9257%; height: 64px;\">\n<h5><a href=\"https:\/\/www.retraiteenaction.ca\/club-de-raquettes\/wp-content\/uploads\/sites\/5\/2021\/12\/Urbain-ChutesRideau-Adawe-Dec2021.pdf\" target=\"_blank\" rel=\"noopener\">Parc des Chutes Rideau \u2014 Passerelle Ad\u00e0we<\/a><\/h5>\n<\/td>\n<\/tr>\n<tr style=\"height: 64px;\">\n<td style=\"width: 28.0313%; height: 64px;\"><\/td>\n<td style=\"width: 70.9257%; height: 64px;\">\n<h5><a href=\"https:\/\/www.retraiteenaction.ca\/club-de-raquettes\/wp-content\/uploads\/sites\/5\/2026\/03\/3RAQ-Westboro-Remics-fiche2026.pdf\" target=\"_blank\" rel=\"noopener\">Plage Westboro vers les rapides Remic<\/a><\/h5>\n<\/td>\n<\/tr>\n<tr style=\"height: 64px;\">\n<td style=\"width: 28.0313%; height: 64px;\"><\/td>\n<td style=\"width: 70.9257%; height: 64px;\">\n<h5><a href=\"https:\/\/www.retraiteenaction.ca\/club-de-raquettes\/wp-content\/uploads\/sites\/5\/2026\/01\/RAQ_P5_MaisonRiveraine2026.pdf\" target=\"_blank\" rel=\"noopener\">Promenade de Sir-Georges-\u00c9tienne-Cartier (P5) \u2014 Maison riveraine de la CCN<\/a><\/h5>\n<\/td>\n<\/tr>\n<tr style=\"height: 64px;\">\n<td style=\"width: 28.0313%; height: 64px;\"><\/td>\n<td style=\"width: 70.9257%; height: 64px;\">\n<h5><a href=\"https:\/\/www.retraiteenaction.ca\/club-de-raquettes\/wp-content\/uploads\/sites\/5\/2021\/12\/Urbain-Hurdman-Adawe-Dec2021.pdf\" target=\"_blank\" rel=\"noopener\">Station Hurdman \u2014 Passerelle Ad\u00e0we<\/a><\/h5>\n<\/td>\n<\/tr>\n<tr style=\"height: 24px;\">\n<td style=\"height: 24px; width: 28.0313%;\"><span style=\"font-size: medium;\"><strong>Ripon<\/strong><\/span><\/td>\n<td style=\"height: 24px; width: 70.9257%;\">\n<h5><a href=\"https:\/\/www.retraiteenaction.ca\/club-de-raquettes\/wp-content\/uploads\/sites\/5\/2016\/10\/ZEN_MontagnesNoires_Ripon_1.pdf\" target=\"_blank\" rel=\"noopener noreferrer\">Montagnes noires : r\u00e9seau de sentiers pour raquetteurs chevronn\u00e9s<\/a><\/h5>\n<\/td>\n<\/tr>\n<tr style=\"height: 24px;\">\n<td style=\"height: 24px; width: 28.0313%;\"><span style=\"font-size: medium;\"><strong>Sainte\u00ad-C\u00e9cile\u00ad-de\u00ad-Masham<\/strong><\/span><\/td>\n<td style=\"height: 24px; width: 70.9257%;\">\n<h5><a href=\"https:\/\/www.retraiteenaction.ca\/club-de-raquettes\/wp-content\/uploads\/sites\/5\/2015\/03\/ZEN_Sentier74_Masham_ChaletRenaud.pdf\" target=\"_blank\" rel=\"noopener noreferrer\">Lac Philippe : le sentier 74 jusqu&rsquo;au Chalet Renaud<\/a><\/h5>\n<\/td>\n<\/tr>\n<tr style=\"height: 24px;\">\n<td style=\"height: 24px; width: 28.0313%;\"><\/td>\n<td style=\"height: 24px; width: 70.9257%;\">\n<h5><a href=\"https:\/\/www.retraiteenaction.ca\/club-de-raquettes\/wp-content\/uploads\/sites\/5\/2016\/11\/GROS-MOLLETS_La-Peche-sentier-73-74.pdf\" target=\"_blank\" rel=\"noopener noreferrer\">Lac Philippe : sentiers 73 et 74 (RGM)<\/a><\/h5>\n<\/td>\n<\/tr>\n<tr style=\"height: 24px;\">\n<td style=\"height: 24px; width: 28.0313%;\"><\/td>\n<td style=\"height: 24px; width: 70.9257%;\">\n<h5><a href=\"https:\/\/www.retraiteenaction.ca\/club-de-raquettes\/wp-content\/uploads\/sites\/5\/2016\/11\/GROS-MOLLETS_sentier73_masham.pdf\" target=\"_blank\" rel=\"noopener noreferrer\">Tour du lac Philippe \u2014 Sentier 73 (RGM)<\/a><\/h5>\n<\/td>\n<\/tr>\n<tr style=\"height: 24px;\">\n<td style=\"height: 24px; width: 28.0313%;\"><span style=\"font-size: medium;\"><strong>Wakefield<\/strong><\/span><\/td>\n<td style=\"height: 24px; width: 70.9257%;\">\n<h5><a href=\"https:\/\/www.retraiteenaction.ca\/club-de-raquettes\/wp-content\/uploads\/sites\/5\/2021\/12\/ZEN_Sentier70_Wakefield_ChaletHealey.pdf\" target=\"_blank\" rel=\"noopener noreferrer\">Aller-\u00adretour sur le sentier 70 jusqu&rsquo;au Chalet Healey<\/a><\/h5>\n<\/td>\n<\/tr>\n<tr style=\"height: 24px;\">\n<td style=\"height: 24px; width: 28.0313%;\"><\/td>\n<td style=\"height: 24px; width: 70.9257%;\">\n<h5><a href=\"https:\/\/www.retraiteenaction.ca\/club-de-raquettes\/wp-content\/uploads\/sites\/5\/2016\/10\/GROSMOLLETS_carman_sentier72.pdf\" target=\"_blank\" rel=\"noopener noreferrer\">Chemin Carman et sentier 72<\/a><\/h5>\n<\/td>\n<\/tr>\n<tr style=\"height: 24px;\">\n<td style=\"height: 24px; width: 28.0313%;\"><\/td>\n<td style=\"height: 24px; width: 70.9257%;\">\n<h5><a href=\"https:\/\/www.retraiteenaction.ca\/club-de-raquettes\/wp-content\/uploads\/sites\/5\/2016\/10\/GROS-MOLLETS_Wakefield-Sentiers-70-71-72-et-52.pdf\" target=\"_blank\" rel=\"noopener noreferrer\">Sentiers 70, 71, 72 et 52 du parc de la Gatineau (RGM)<\/a><\/h5>\n<\/td>\n<\/tr>\n<tr style=\"height: 24px;\">\n<td style=\"height: 24px; width: 28.0313%;\"><\/td>\n<td style=\"height: 24px; width: 70.9257%;\">\n<h5><a href=\"https:\/\/www.retraiteenaction.ca\/club-de-raquettes\/wp-content\/uploads\/sites\/5\/2017\/12\/GROS-MOLLETS_Wakefield-sentiers-70-71-R.pdf\" target=\"_blank\" rel=\"noopener noreferrer\">Sentiers 70 et 71 dans le parc de la Gatineau (RGM)<\/a><\/h5>\n<\/td>\n<\/tr>\n<tr style=\"height: 24px;\">\n<td style=\"height: 24px; width: 28.0313%;\"><\/td>\n<td style=\"height: 24px; width: 70.9257%;\">\n<h5><a href=\"https:\/\/www.retraiteenaction.ca\/club-de-raquettes\/wp-content\/uploads\/sites\/5\/2021\/12\/ZEN_Wakefield_Qc.pdf\" target=\"_blank\" rel=\"noopener noreferrer\">Village de Wakefield : sentiers du cimeti\u00e8re MacLaren<\/a><\/h5>\n<\/td>\n<\/tr>\n<\/tbody>\n<\/table>\n<p>&nbsp;<\/p>\n","protected":false},"excerpt":{"rendered":"<p>Points de d\u00e9part Bourget Sentier de raquettes dans la for\u00eat Larose Cantley Mont Cascades : sentiers de raquettes dans un centre de ski alpin Chelsea Domaine Mackenzie-\u00adKing : sentiers Lauriault et de la Chute Lac Meech : sentier des Loups (RGM) Clarence-Rockland Parc naturel Lavigne : sentiers d&rsquo;hiver Cumberland Les sentiers Wilsondale Gatineau (secteur Hull) [&hellip;]<\/p>\n","protected":false},"author":5,"featured_media":0,"parent":0,"menu_order":4,"comment_status":"closed","ping_status":"closed","template":"","meta":{"_acf_changed":false,"_crdt_document":"","_monsterinsights_skip_tracking":false,"_monsterinsights_sitenote_active":false,"_monsterinsights_sitenote_note":"","_monsterinsights_sitenote_category":0,"_mc_calendar":[],"footnotes":""},"class_list":["post-1336","page","type-page","status-publish","hentry","has_thumb"],"acf":[],"aioseo_notices":[],"_links":{"self":[{"href":"https:\/\/www.retraiteenaction.ca\/club-de-raquettes\/wp-json\/wp\/v2\/pages\/1336","targetHints":{"allow":["GET"]}}],"collection":[{"href":"https:\/\/www.retraiteenaction.ca\/club-de-raquettes\/wp-json\/wp\/v2\/pages"}],"about":[{"href":"https:\/\/www.retraiteenaction.ca\/club-de-raquettes\/wp-json\/wp\/v2\/types\/page"}],"author":[{"embeddable":true,"href":"https:\/\/www.retraiteenaction.ca\/club-de-raquettes\/wp-json\/wp\/v2\/users\/5"}],"replies":[{"embeddable":true,"href":"https:\/\/www.retraiteenaction.ca\/club-de-raquettes\/wp-json\/wp\/v2\/comments?post=1336"}],"version-history":[{"count":79,"href":"https:\/\/www.retraiteenaction.ca\/club-de-raquettes\/wp-json\/wp\/v2\/pages\/1336\/revisions"}],"predecessor-version":[{"id":9857,"href":"https:\/\/www.retraiteenaction.ca\/club-de-raquettes\/wp-json\/wp\/v2\/pages\/1336\/revisions\/9857"}],"wp:attachment":[{"href":"https:\/\/www.retraiteenaction.ca\/club-de-raquettes\/wp-json\/wp\/v2\/media?parent=1336"}],"curies":[{"name":"wp","href":"https:\/\/api.w.org\/{rel}","templated":true}]}}