{"id":1451,"date":"2014-09-20T22:48:21","date_gmt":"2014-09-21T02:48:21","guid":{"rendered":"http:\/\/retraiteenaction.ca\/informatique\/?page_id=1451"},"modified":"2017-12-07T18:01:14","modified_gmt":"2017-12-07T23:01:14","slug":"equipez-vous","status":"publish","type":"page","link":"https:\/\/www.retraiteenaction.ca\/club-de-raquettes\/equipez-vous\/","title":{"rendered":"\u00c9quipez-vous!"},"content":{"rendered":"<table class=\" aligncenter\" style=\"width: 100%;\">\n<tbody>\n<tr style=\"height: 163.8px;\">\n<td style=\"width: 194px; text-align: center; vertical-align: middle; height: 163.8px;\"><a href=\"http:\/\/www.retraiteenaction.ca\/club-de-raquettes\/wp-content\/uploads\/sites\/6\/2016\/10\/equipez3.jpg\"><img loading=\"lazy\" decoding=\"async\" class=\"alignnone wp-image-9265 size-medium\" src=\"http:\/\/www.retraiteenaction.ca\/club-de-raquettes\/wp-content\/uploads\/sites\/6\/2016\/10\/equipez3-300x225.jpg\" alt=\"equipez3\" width=\"300\" height=\"225\" srcset=\"https:\/\/www.retraiteenaction.ca\/club-de-raquettes\/wp-content\/uploads\/sites\/5\/2016\/10\/equipez3-300x225.jpg 300w, https:\/\/www.retraiteenaction.ca\/club-de-raquettes\/wp-content\/uploads\/sites\/5\/2016\/10\/equipez3-768x576.jpg 768w, https:\/\/www.retraiteenaction.ca\/club-de-raquettes\/wp-content\/uploads\/sites\/5\/2016\/10\/equipez3-500x375.jpg 500w, https:\/\/www.retraiteenaction.ca\/club-de-raquettes\/wp-content\/uploads\/sites\/5\/2016\/10\/equipez3-640x480.jpg 640w, https:\/\/www.retraiteenaction.ca\/club-de-raquettes\/wp-content\/uploads\/sites\/5\/2016\/10\/equipez3-624x468.jpg 624w, https:\/\/www.retraiteenaction.ca\/club-de-raquettes\/wp-content\/uploads\/sites\/5\/2016\/10\/equipez3.jpg 1000w\" sizes=\"auto, (max-width: 300px) 100vw, 300px\" \/><\/a><\/td>\n<td style=\"width: 286.05px; height: 163.8px; text-align: center; vertical-align: middle;\">\n<h2><span style=\"color: #008080;\"><strong>\u00c9quipez-vous!<\/strong><\/span><\/h2>\n<\/td>\n<td style=\"width: 194px; text-align: center; vertical-align: middle; height: 163.8px;\"><a href=\"http:\/\/www.retraiteenaction.ca\/club-de-raquettes\/wp-content\/uploads\/sites\/6\/2016\/10\/equipez3.jpg\"><img loading=\"lazy\" decoding=\"async\" class=\"alignnone wp-image-9265 size-medium\" src=\"http:\/\/www.retraiteenaction.ca\/club-de-raquettes\/wp-content\/uploads\/sites\/6\/2016\/10\/equipez3-300x225.jpg\" alt=\"equipez3\" width=\"300\" height=\"225\" srcset=\"https:\/\/www.retraiteenaction.ca\/club-de-raquettes\/wp-content\/uploads\/sites\/5\/2016\/10\/equipez3-300x225.jpg 300w, https:\/\/www.retraiteenaction.ca\/club-de-raquettes\/wp-content\/uploads\/sites\/5\/2016\/10\/equipez3-768x576.jpg 768w, https:\/\/www.retraiteenaction.ca\/club-de-raquettes\/wp-content\/uploads\/sites\/5\/2016\/10\/equipez3-500x375.jpg 500w, https:\/\/www.retraiteenaction.ca\/club-de-raquettes\/wp-content\/uploads\/sites\/5\/2016\/10\/equipez3-640x480.jpg 640w, https:\/\/www.retraiteenaction.ca\/club-de-raquettes\/wp-content\/uploads\/sites\/5\/2016\/10\/equipez3-624x468.jpg 624w, https:\/\/www.retraiteenaction.ca\/club-de-raquettes\/wp-content\/uploads\/sites\/5\/2016\/10\/equipez3.jpg 1000w\" sizes=\"auto, (max-width: 300px) 100vw, 300px\" \/><\/a><\/td>\n<\/tr>\n<\/tbody>\n<\/table>\n<p><span style=\"font-size: medium;\">Le Club de raquettes vous souhaite la bienvenue et vous invite \u00e0 lire ce qui suit avant de partir raquettes aux pieds. On laissera au salon les raquettes en bois et en babiche m\u00eame si \u00e7a fait tr\u00e8s folklore, avec tuque et ceinture fl\u00e8ch\u00e9e!<\/span><\/p>\n<p><span style=\"font-size: medium;\">Voici donc un aper\u00e7u de ce que les adeptes de la raquette ont besoin pour une randonn\u00e9e r\u00e9ussie :<\/span><\/p>\n<p><span style=\"font-size: medium;\"> &#8211; <a href=\"http:\/\/www.retraiteenaction.ca\/club-de-raquettes\/?p=1457\" target=\"_blank\">Les raquettes<\/a><\/span><br \/>\n<span style=\"font-size: medium;\"> &#8211; <a href=\"http:\/\/www.retraiteenaction.ca\/club-de-raquettes\/?p=1465\" target=\"_blank\">Les b\u00e2tons<\/a><\/span><br \/>\n<span style=\"font-size: medium;\"> &#8211; <a href=\"http:\/\/www.retraiteenaction.ca\/club-de-raquettes\/?p=1467\" target=\"_blank\">Les crampons<\/a><\/span><br \/>\n<span style=\"font-size: medium;\"> &#8211; <a href=\"http:\/\/www.retraiteenaction.ca\/club-de-raquettes\/?p=1471\" target=\"_blank\">Les v\u00eatements<\/a><\/span><br \/>\n<span style=\"font-size: medium;\"> &#8211; <a href=\"http:\/\/www.retraiteenaction.ca\/club-de-raquettes\/?p=1474\" target=\"_blank\">Les sacs \u00e0 dos<\/a><\/span><br \/>\n<span style=\"font-size: medium;\"> &#8211; <a href=\"http:\/\/www.retraiteenaction.ca\/club-de-raquettes\/?p=1476\" target=\"_blank\">La nourriture<\/a><\/span><\/p>\n<p><span style=\"font-size: medium;\">Bonne lecture et au plaisir de se revoir apr\u00e8s la prochaine temp\u00eate ou mini-<\/span><span style=\"font-size: medium;\">temp\u00eate&#8230;ou m\u00eame avant.<\/span><\/p>\n<p><em><span style=\"font-size: medium; font-family: comic sans ms,sans-serif;\">Marc Laforge<\/span><\/em><\/p>\n<p><span style=\"font-size: medium;\"><strong>Remerciements<\/strong> : \u00c0 Michel Br\u00fbl\u00e9 qui a bien voulu se pencher sur mon texte et y apporter des ajouts fort appr\u00e9ci\u00e9s et ainsi nous faire b\u00e9n\u00e9ficier de son expertise accumul\u00e9e au fil des ans.<\/span><\/p>\n","protected":false},"excerpt":{"rendered":"<p>\u00c9quipez-vous! Le Club de raquettes vous souhaite la bienvenue et vous invite \u00e0 lire ce qui suit avant de partir raquettes aux pieds. On laissera au salon les raquettes en bois et en babiche m\u00eame si \u00e7a fait tr\u00e8s folklore, avec tuque et ceinture fl\u00e8ch\u00e9e! Voici donc un aper\u00e7u de ce que les adeptes de [&hellip;]<\/p>\n","protected":false},"author":6,"featured_media":0,"parent":0,"menu_order":6,"comment_status":"closed","ping_status":"closed","template":"","meta":{"_acf_changed":false,"_crdt_document":"","_monsterinsights_skip_tracking":false,"_monsterinsights_sitenote_active":false,"_monsterinsights_sitenote_note":"","_monsterinsights_sitenote_category":0,"_mc_calendar":[],"footnotes":""},"class_list":["post-1451","page","type-page","status-publish","hentry","has_thumb"],"acf":[],"aioseo_notices":[],"_links":{"self":[{"href":"https:\/\/www.retraiteenaction.ca\/club-de-raquettes\/wp-json\/wp\/v2\/pages\/1451","targetHints":{"allow":["GET"]}}],"collection":[{"href":"https:\/\/www.retraiteenaction.ca\/club-de-raquettes\/wp-json\/wp\/v2\/pages"}],"about":[{"href":"https:\/\/www.retraiteenaction.ca\/club-de-raquettes\/wp-json\/wp\/v2\/types\/page"}],"author":[{"embeddable":true,"href":"https:\/\/www.retraiteenaction.ca\/club-de-raquettes\/wp-json\/wp\/v2\/users\/6"}],"replies":[{"embeddable":true,"href":"https:\/\/www.retraiteenaction.ca\/club-de-raquettes\/wp-json\/wp\/v2\/comments?post=1451"}],"version-history":[{"count":20,"href":"https:\/\/www.retraiteenaction.ca\/club-de-raquettes\/wp-json\/wp\/v2\/pages\/1451\/revisions"}],"predecessor-version":[{"id":9528,"href":"https:\/\/www.retraiteenaction.ca\/club-de-raquettes\/wp-json\/wp\/v2\/pages\/1451\/revisions\/9528"}],"wp:attachment":[{"href":"https:\/\/www.retraiteenaction.ca\/club-de-raquettes\/wp-json\/wp\/v2\/media?parent=1451"}],"curies":[{"name":"wp","href":"https:\/\/api.w.org\/{rel}","templated":true}]}}