{"id":1457,"date":"2014-09-20T23:02:16","date_gmt":"2014-09-21T03:02:16","guid":{"rendered":"http:\/\/retraiteenaction.ca\/informatique\/?page_id=1457"},"modified":"2016-11-05T11:44:10","modified_gmt":"2016-11-05T15:44:10","slug":"les-raquettes","status":"publish","type":"page","link":"https:\/\/www.retraiteenaction.ca\/club-de-raquettes\/equipez-vous\/les-raquettes\/","title":{"rendered":"Les raquettes"},"content":{"rendered":"<table class=\" aligncenter\" style=\"width: 681px;\">\n<tbody>\n<tr>\n<td style=\"width: 194px; text-align: center; vertical-align: middle;\"><a href=\"http:\/\/www.retraiteenaction.ca\/club-de-raquettes\/wp-content\/uploads\/sites\/6\/2016\/10\/equipez.jpg\"><img loading=\"lazy\" decoding=\"async\" class=\"aligncenter wp-image-9231 size-medium\" src=\"http:\/\/www.retraiteenaction.ca\/club-de-raquettes\/wp-content\/uploads\/sites\/6\/2016\/10\/equipez-300x125.jpg\" alt=\"equipez\" width=\"300\" height=\"125\" srcset=\"https:\/\/www.retraiteenaction.ca\/club-de-raquettes\/wp-content\/uploads\/sites\/5\/2016\/10\/equipez-300x125.jpg 300w, https:\/\/www.retraiteenaction.ca\/club-de-raquettes\/wp-content\/uploads\/sites\/5\/2016\/10\/equipez.jpg 348w\" sizes=\"auto, (max-width: 300px) 100vw, 300px\" \/><\/a><\/td>\n<td style=\"width: 286.05px; text-align: center; vertical-align: middle;\">\n<h2><span style=\"color: #008080;\"><strong>Les raquettes<\/strong><\/span><\/h2>\n<\/td>\n<td style=\"width: 194px; text-align: center; vertical-align: middle;\"><a href=\"http:\/\/www.retraiteenaction.ca\/club-de-raquettes\/wp-content\/uploads\/sites\/6\/2016\/10\/equipez.jpg\"><img loading=\"lazy\" decoding=\"async\" class=\"aligncenter wp-image-9231 size-medium\" src=\"http:\/\/www.retraiteenaction.ca\/club-de-raquettes\/wp-content\/uploads\/sites\/6\/2016\/10\/equipez-300x125.jpg\" alt=\"equipez\" width=\"300\" height=\"125\" srcset=\"https:\/\/www.retraiteenaction.ca\/club-de-raquettes\/wp-content\/uploads\/sites\/5\/2016\/10\/equipez-300x125.jpg 300w, https:\/\/www.retraiteenaction.ca\/club-de-raquettes\/wp-content\/uploads\/sites\/5\/2016\/10\/equipez.jpg 348w\" sizes=\"auto, (max-width: 300px) 100vw, 300px\" \/><\/a><\/td>\n<\/tr>\n<\/tbody>\n<\/table>\n<p><span style=\"font-size: medium;\">Si vous n&rsquo;avez pas encore de raquettes, voici quelques suggestions et si vous en avez d\u00e9j\u00e0, \u00e7a devrait aller quand m\u00eame. Ce sera \u00e0 vous de juger.<\/span><\/p>\n<p><span style=\"font-size: medium;\">Les <span style=\"color: #ff0000;\">fabricants<\/span> sont nombreux : Atlas, Tubbs, GV (fabrication qu\u00e9b\u00e9coise) MSR et j&rsquo;en passe&#8230;Les <span style=\"color: #ff0000;\">d\u00e9taillants<\/span> dans la r\u00e9gion : Mountain Equipment Co-\u00adop (MEC), Bushtukah et Sail sont les principaux que je connaisse. Il y en a d&rsquo;autres. Si vous vous donnez la peine de magasiner, vous trouverez de grands \u00e9carts dans les prix. La concurrence est f\u00e9roce, \u00e0 vous de jouer. Mon exp\u00e9rience : j&rsquo;ai achet\u00e9 des GV il y a quelques ann\u00e9es. Excellentes mais trop longues et encombrantes sauf dans la neige profonde. Je pr\u00e9f\u00e8re de beaucoup les MSR, plus courtes, plus l\u00e9g\u00e8res et plus rapides.<\/span><\/p>\n<p><span style=\"font-size: medium;\">La <span style=\"color: #ff0000;\">taille des raquettes<\/span> ou la pointure, c&rsquo;est selon le poids. 8\/26, 8\/28 indiqu\u00e9 sur les raquettes indique la largeur 8 pouces X la longueur 26, 28 pouces. Choisir plus courte que plus longue. La plupart des boutiques ont un p\u00e8se-\u00adpersonne pour d\u00e9terminer la taille des raquettes. \u00c0 prendre avec un grain de sel&#8230;<\/span><\/p>\n<p><span style=\"font-size: medium;\">Il existe un <span style=\"color: #ff0000;\">mod\u00e8le pour hommes<\/span> et un autre pour dames. Le <span style=\"color: #ff0000;\">mod\u00e8le pour dames<\/span> est parfois un peu plus \u00e9troit. On pr\u00e9f\u00e8rera les <span style=\"color: #ff0000;\">cadres<\/span> faits en aluminium plut\u00f4t que le plastique (sauf le plastique thermomoul\u00e9).<\/span><\/p>\n<p><span style=\"font-size: medium;\">Les <span style=\"color: #ff0000;\">crampons<\/span> sous les raquettes : un avant et un autre arri\u00e8re ou en paire. S&rsquo;assurer de la r\u00e9sistance car ils sont mis \u00e0 rude \u00e9preuve. Tr\u00e8s utiles \u2014 indispensables \u2014 sur la glace ou une neige crout\u00e9e ainsi que dans les mont\u00e9es et descentes du parc de la Gatineau et des Montagnes noires.<\/span><\/p>\n<p><span style=\"font-size: medium;\">Les <span style=\"color: #ff0000;\">attaches \u00e0 cliquets<\/span> sont un must (les bottes de ski ont des cliquets). \u00c9viter le type de raquettes <em>spring-\u00adloaded<\/em> ou si on veut, lance\u00ad-neige, si vous voulez garder vos amis&#8230; R\u00e9flexion faite, apr\u00e8s deux saisons, les attaches des MSR sont aussi excellentes.<\/span><\/p>\n<p><span style=\"font-size: medium;\">S&rsquo;assurer \u00e0 l&rsquo;achat que les attaches et les courroies sont r\u00e9sistantes et de bonne <span style=\"color: #ff0000;\">qualit\u00e9<\/span>. Si on pense qu&rsquo;elles ne le sont pas, ne pas acheter. Toujours les v\u00e9rifier avant de partir. Si les attaches sont difficiles \u00e0 comprendre et \u00e0 d\u00e9m\u00ealer rapidement au magasin, ne pas acheter. Pr\u00e9f\u00e9rer la simplicit\u00e9&#8230;<\/span><\/p>\n<p><span style=\"font-size: medium;\">On retrouve la <span style=\"color: #ff0000;\">talonni\u00e8re<\/span> sur certaines raquettes haut de gamme, utile pour les longues mont\u00e9es mais pas indispensable. La talonni\u00e8re permet d&rsquo;escalader rapidement les c\u00f4tes abruptes. C&rsquo;est comme un talon auxiliaire qui se replie sous votre talon et vous permet de gravir les pentes raides comme si vous montiez un escalier. Un jeu d&rsquo;enfant. Mais on peut faire sans.<\/span><\/p>\n","protected":false},"excerpt":{"rendered":"<p>Les raquettes Si vous n&rsquo;avez pas encore de raquettes, voici quelques suggestions et si vous en avez d\u00e9j\u00e0, \u00e7a devrait aller quand m\u00eame. Ce sera \u00e0 vous de juger. Les fabricants sont nombreux : Atlas, Tubbs, GV (fabrication qu\u00e9b\u00e9coise) MSR et j&rsquo;en passe&#8230;Les d\u00e9taillants dans la r\u00e9gion : Mountain Equipment Co-\u00adop (MEC), Bushtukah et Sail [&hellip;]<\/p>\n","protected":false},"author":4,"featured_media":0,"parent":1451,"menu_order":1,"comment_status":"closed","ping_status":"closed","template":"","meta":{"_acf_changed":false,"_crdt_document":"","_monsterinsights_skip_tracking":false,"_monsterinsights_sitenote_active":false,"_monsterinsights_sitenote_note":"","_monsterinsights_sitenote_category":0,"_mc_calendar":[],"footnotes":""},"class_list":["post-1457","page","type-page","status-publish","hentry","has_thumb"],"acf":[],"aioseo_notices":[],"_links":{"self":[{"href":"https:\/\/www.retraiteenaction.ca\/club-de-raquettes\/wp-json\/wp\/v2\/pages\/1457","targetHints":{"allow":["GET"]}}],"collection":[{"href":"https:\/\/www.retraiteenaction.ca\/club-de-raquettes\/wp-json\/wp\/v2\/pages"}],"about":[{"href":"https:\/\/www.retraiteenaction.ca\/club-de-raquettes\/wp-json\/wp\/v2\/types\/page"}],"author":[{"embeddable":true,"href":"https:\/\/www.retraiteenaction.ca\/club-de-raquettes\/wp-json\/wp\/v2\/users\/4"}],"replies":[{"embeddable":true,"href":"https:\/\/www.retraiteenaction.ca\/club-de-raquettes\/wp-json\/wp\/v2\/comments?post=1457"}],"version-history":[{"count":7,"href":"https:\/\/www.retraiteenaction.ca\/club-de-raquettes\/wp-json\/wp\/v2\/pages\/1457\/revisions"}],"predecessor-version":[{"id":9309,"href":"https:\/\/www.retraiteenaction.ca\/club-de-raquettes\/wp-json\/wp\/v2\/pages\/1457\/revisions\/9309"}],"up":[{"embeddable":true,"href":"https:\/\/www.retraiteenaction.ca\/club-de-raquettes\/wp-json\/wp\/v2\/pages\/1451"}],"wp:attachment":[{"href":"https:\/\/www.retraiteenaction.ca\/club-de-raquettes\/wp-json\/wp\/v2\/media?parent=1457"}],"curies":[{"name":"wp","href":"https:\/\/api.w.org\/{rel}","templated":true}]}}