{"id":1467,"date":"2014-09-21T12:33:08","date_gmt":"2014-09-21T16:33:08","guid":{"rendered":"http:\/\/retraiteenaction.ca\/informatique\/?page_id=1467"},"modified":"2016-10-23T22:06:51","modified_gmt":"2016-10-23T22:06:51","slug":"les-crampons","status":"publish","type":"page","link":"https:\/\/www.retraiteenaction.ca\/club-de-raquettes\/equipez-vous\/les-crampons\/","title":{"rendered":"Les crampons"},"content":{"rendered":"<table class=\" aligncenter\" style=\"width: 681px;\">\n<tbody>\n<tr>\n<td style=\"width: 194px; text-align: center; vertical-align: middle;\"><a href=\"http:\/\/www.retraiteenaction.ca\/club-de-raquettes\/wp-content\/uploads\/sites\/6\/2016\/10\/crampons.jpg\"><img loading=\"lazy\" decoding=\"async\" class=\"alignnone wp-image-9230\" src=\"http:\/\/www.retraiteenaction.ca\/club-de-raquettes\/wp-content\/uploads\/sites\/6\/2016\/10\/crampons.jpg\" alt=\"crampons\" width=\"139\" height=\"104\" \/><\/a><\/td>\n<td style=\"width: 286.05px; text-align: center; vertical-align: middle;\">\n<h2><span style=\"color: #008080;\"><strong>Les crampons<\/strong><\/span><\/h2>\n<\/td>\n<td style=\"width: 194px; text-align: center; vertical-align: middle;\"><a href=\"http:\/\/www.retraiteenaction.ca\/club-de-raquettes\/wp-content\/uploads\/sites\/6\/2016\/10\/crampons.jpg\"><img loading=\"lazy\" decoding=\"async\" class=\"alignnone wp-image-9230\" src=\"http:\/\/www.retraiteenaction.ca\/club-de-raquettes\/wp-content\/uploads\/sites\/6\/2016\/10\/crampons.jpg\" alt=\"crampons\" width=\"139\" height=\"104\" \/><\/a><\/td>\n<\/tr>\n<\/tbody>\n<\/table>\n<p><span style=\"font-size: medium;\">On se sert des crampons lorsque les raquettes n&rsquo;ont pas de neige \u00e0 se mettre sous la dent et \u00e9galement pour se promener sur les pistes de ski de fond au printemps lorsque les conditions de ski sont pitoyables, c\u2019est-\u00e0-dire glac\u00e9es.<\/span><\/p>\n<p><span style=\"font-size: medium;\">Les crampons ne sont pas indispensables mais si vous comptez faire beaucoup de randonn\u00e9es, vous appr\u00e9cierez de vous balader sur des surfaces gel\u00e9es sans inqui\u00e9tudes et d&rsquo;allonger votre saison par le fait m\u00eame.<\/span><\/p>\n<p><span style=\"font-size: medium;\">Ma derni\u00e8re acquisition : les <a href=\"http:\/\/kahtoola.com\/product\/microspikes\/\" target=\"_blank\">Kahtoola MICROspikes <\/a>\u00e0 prix tr\u00e8s raisonnable. J&rsquo;avais achet\u00e9 une autre version de Kahtoola tr\u00e8s solide mais malheureusement plus cher. Il ne s&rsquo;agit pas de crampons de ville mais de v\u00e9ritables <span style=\"color: #ff0000;\">crampons <\/span><span style=\"color: #ff0000;\">de randonn\u00e9es<\/span> de campagne (avec des dents qui font environ 3\/4 pouce ou 2 cm). \u00c0 ma connaissance, on peut se les procurer \u00e0 deux endroits dans la r\u00e9gion d&rsquo;Ottawa : Mountain Equipment Co-\u00adop et Sail.<\/span><\/p>\n<p><span style=\"font-size: medium;\">J&rsquo;ai d\u00e9couvert les crampons sur le tard il y a quelques ann\u00e9es et j&rsquo;ai eu beaucoup de plaisir jusqu&rsquo;\u00e0 tard en saison. Je vous les recommande fortement d&rsquo;autant plus que votre randonn\u00e9e sera plus rapide et tr\u00e8s s\u00e9curitaire. Ils sont ultra\u00ad l\u00e9gers, robustes et s&rsquo;enfilent en quelques secondes sur des bottes de marche.<\/span><\/p>\n","protected":false},"excerpt":{"rendered":"<p>Les crampons On se sert des crampons lorsque les raquettes n&rsquo;ont pas de neige \u00e0 se mettre sous la dent et \u00e9galement pour se promener sur les pistes de ski de fond au printemps lorsque les conditions de ski sont pitoyables, c\u2019est-\u00e0-dire glac\u00e9es. Les crampons ne sont pas indispensables mais si vous comptez faire beaucoup [&hellip;]<\/p>\n","protected":false},"author":4,"featured_media":0,"parent":1451,"menu_order":3,"comment_status":"closed","ping_status":"closed","template":"","meta":{"_acf_changed":false,"_crdt_document":"","_monsterinsights_skip_tracking":false,"_monsterinsights_sitenote_active":false,"_monsterinsights_sitenote_note":"","_monsterinsights_sitenote_category":0,"_mc_calendar":[],"footnotes":""},"class_list":["post-1467","page","type-page","status-publish","hentry","has_thumb"],"acf":[],"aioseo_notices":[],"_links":{"self":[{"href":"https:\/\/www.retraiteenaction.ca\/club-de-raquettes\/wp-json\/wp\/v2\/pages\/1467","targetHints":{"allow":["GET"]}}],"collection":[{"href":"https:\/\/www.retraiteenaction.ca\/club-de-raquettes\/wp-json\/wp\/v2\/pages"}],"about":[{"href":"https:\/\/www.retraiteenaction.ca\/club-de-raquettes\/wp-json\/wp\/v2\/types\/page"}],"author":[{"embeddable":true,"href":"https:\/\/www.retraiteenaction.ca\/club-de-raquettes\/wp-json\/wp\/v2\/users\/4"}],"replies":[{"embeddable":true,"href":"https:\/\/www.retraiteenaction.ca\/club-de-raquettes\/wp-json\/wp\/v2\/comments?post=1467"}],"version-history":[{"count":2,"href":"https:\/\/www.retraiteenaction.ca\/club-de-raquettes\/wp-json\/wp\/v2\/pages\/1467\/revisions"}],"predecessor-version":[{"id":9259,"href":"https:\/\/www.retraiteenaction.ca\/club-de-raquettes\/wp-json\/wp\/v2\/pages\/1467\/revisions\/9259"}],"up":[{"embeddable":true,"href":"https:\/\/www.retraiteenaction.ca\/club-de-raquettes\/wp-json\/wp\/v2\/pages\/1451"}],"wp:attachment":[{"href":"https:\/\/www.retraiteenaction.ca\/club-de-raquettes\/wp-json\/wp\/v2\/media?parent=1467"}],"curies":[{"name":"wp","href":"https:\/\/api.w.org\/{rel}","templated":true}]}}