{"id":1474,"date":"2014-09-21T12:42:52","date_gmt":"2014-09-21T16:42:52","guid":{"rendered":"http:\/\/retraiteenaction.ca\/informatique\/?page_id=1474"},"modified":"2016-10-23T22:07:54","modified_gmt":"2016-10-23T22:07:54","slug":"les-sacs-a-dos","status":"publish","type":"page","link":"https:\/\/www.retraiteenaction.ca\/club-de-raquettes\/equipez-vous\/les-sacs-a-dos\/","title":{"rendered":"Les sacs \u00e0 dos"},"content":{"rendered":"<table class=\" aligncenter\" style=\"width: 681px;\">\n<tbody>\n<tr>\n<td style=\"width: 194px; text-align: center; vertical-align: middle;\"><a href=\"http:\/\/www.retraiteenaction.ca\/club-de-raquettes\/wp-content\/uploads\/sites\/6\/2016\/10\/sacs.jpg\"><img loading=\"lazy\" decoding=\"async\" class=\"alignnone size-full wp-image-9232\" src=\"http:\/\/www.retraiteenaction.ca\/club-de-raquettes\/wp-content\/uploads\/sites\/6\/2016\/10\/sacs.jpg\" alt=\"sacs\" width=\"275\" height=\"183\" \/><\/a><\/td>\n<td style=\"width: 286.05px; text-align: center; vertical-align: middle;\">\n<h2><span style=\"color: #008080;\"><strong>Les sacs \u00e0 dos<\/strong><\/span><\/h2>\n<\/td>\n<td style=\"width: 194px; text-align: center; vertical-align: middle;\"><a href=\"http:\/\/www.retraiteenaction.ca\/club-de-raquettes\/wp-content\/uploads\/sites\/6\/2016\/10\/sacs.jpg\"><img loading=\"lazy\" decoding=\"async\" class=\"alignnone size-full wp-image-9232\" src=\"http:\/\/www.retraiteenaction.ca\/club-de-raquettes\/wp-content\/uploads\/sites\/6\/2016\/10\/sacs.jpg\" alt=\"sacs\" width=\"275\" height=\"183\" \/><\/a><\/td>\n<\/tr>\n<\/tbody>\n<\/table>\n<p><span style=\"font-size: medium;\">\u00c9videmment vous devez avoir un sac \u00e0 dos pour transporter tout votre <span style=\"color: #ff0000;\">mat\u00e9riel<\/span> : nourriture, eau, chauffe\u00ad-mains, trousse de secours, allumettes, couteau suisse, sifflet, etc. Il existe des sacs \u00e0 dos qui ont des attaches permettant d&rsquo;attacher les raquettes au sac et munis de pochettes sur les c\u00f4t\u00e9s pour accrocher les bidons d&rsquo;eau.<\/span><\/p>\n<p><span style=\"font-size: medium;\">Michel Br\u00fbl\u00e9 nous recommande un sac d&rsquo;environ <span style=\"color: #ff0000;\">30 litres<\/span> (un <em>daypack<\/em>) qui contient beaucoup sans \u00eatre trop lourd. Ces sacs ont souvent une pochette <\/span><span style=\"font-size: medium;\">pour mettre une poche d&rsquo;eau, ce qui fonctionne bien en \u00e9t\u00e9 mais en hiver le tube g\u00e8le. Optez donc pour une bonne <span style=\"color: #ff0000;\">gourde isol\u00e9e<\/span> qui fera tr\u00e8s bien l&rsquo;affaire.<\/span><\/p>\n","protected":false},"excerpt":{"rendered":"<p>Les sacs \u00e0 dos \u00c9videmment vous devez avoir un sac \u00e0 dos pour transporter tout votre mat\u00e9riel : nourriture, eau, chauffe\u00ad-mains, trousse de secours, allumettes, couteau suisse, sifflet, etc. Il existe des sacs \u00e0 dos qui ont des attaches permettant d&rsquo;attacher les raquettes au sac et munis de pochettes sur les c\u00f4t\u00e9s pour accrocher les [&hellip;]<\/p>\n","protected":false},"author":4,"featured_media":0,"parent":1451,"menu_order":5,"comment_status":"closed","ping_status":"closed","template":"","meta":{"_acf_changed":false,"_crdt_document":"","_monsterinsights_skip_tracking":false,"_monsterinsights_sitenote_active":false,"_monsterinsights_sitenote_note":"","_monsterinsights_sitenote_category":0,"_mc_calendar":[],"footnotes":""},"class_list":["post-1474","page","type-page","status-publish","hentry","has_thumb"],"acf":[],"aioseo_notices":[],"_links":{"self":[{"href":"https:\/\/www.retraiteenaction.ca\/club-de-raquettes\/wp-json\/wp\/v2\/pages\/1474","targetHints":{"allow":["GET"]}}],"collection":[{"href":"https:\/\/www.retraiteenaction.ca\/club-de-raquettes\/wp-json\/wp\/v2\/pages"}],"about":[{"href":"https:\/\/www.retraiteenaction.ca\/club-de-raquettes\/wp-json\/wp\/v2\/types\/page"}],"author":[{"embeddable":true,"href":"https:\/\/www.retraiteenaction.ca\/club-de-raquettes\/wp-json\/wp\/v2\/users\/4"}],"replies":[{"embeddable":true,"href":"https:\/\/www.retraiteenaction.ca\/club-de-raquettes\/wp-json\/wp\/v2\/comments?post=1474"}],"version-history":[{"count":2,"href":"https:\/\/www.retraiteenaction.ca\/club-de-raquettes\/wp-json\/wp\/v2\/pages\/1474\/revisions"}],"predecessor-version":[{"id":9261,"href":"https:\/\/www.retraiteenaction.ca\/club-de-raquettes\/wp-json\/wp\/v2\/pages\/1474\/revisions\/9261"}],"up":[{"embeddable":true,"href":"https:\/\/www.retraiteenaction.ca\/club-de-raquettes\/wp-json\/wp\/v2\/pages\/1451"}],"wp:attachment":[{"href":"https:\/\/www.retraiteenaction.ca\/club-de-raquettes\/wp-json\/wp\/v2\/media?parent=1474"}],"curies":[{"name":"wp","href":"https:\/\/api.w.org\/{rel}","templated":true}]}}