{"id":1476,"date":"2014-09-21T12:44:30","date_gmt":"2014-09-21T16:44:30","guid":{"rendered":"http:\/\/retraiteenaction.ca\/informatique\/?page_id=1476"},"modified":"2016-10-23T22:08:21","modified_gmt":"2016-10-23T22:08:21","slug":"la-nourriture","status":"publish","type":"page","link":"https:\/\/www.retraiteenaction.ca\/club-de-raquettes\/equipez-vous\/la-nourriture\/","title":{"rendered":"La nourriture"},"content":{"rendered":"<table class=\" aligncenter\" style=\"width: 681px;\">\n<tbody>\n<tr>\n<td style=\"width: 194px; text-align: center; vertical-align: middle;\"><a href=\"http:\/\/www.retraiteenaction.ca\/club-de-raquettes\/wp-content\/uploads\/sites\/6\/2016\/10\/aliments.jpg\"><img loading=\"lazy\" decoding=\"async\" class=\"alignnone size-full wp-image-9228\" src=\"http:\/\/www.retraiteenaction.ca\/club-de-raquettes\/wp-content\/uploads\/sites\/6\/2016\/10\/aliments.jpg\" alt=\"aliments\" width=\"275\" height=\"183\" \/><\/a><\/td>\n<td style=\"width: 286.05px; text-align: center; vertical-align: middle;\">\n<h2><span style=\"color: #008080;\"><strong>La nourriture<\/strong><\/span><\/h2>\n<\/td>\n<td style=\"width: 194px; text-align: center; vertical-align: middle;\"><a href=\"http:\/\/www.retraiteenaction.ca\/club-de-raquettes\/wp-content\/uploads\/sites\/6\/2016\/10\/aliments.jpg\"><img loading=\"lazy\" decoding=\"async\" class=\"alignnone size-full wp-image-9228\" src=\"http:\/\/www.retraiteenaction.ca\/club-de-raquettes\/wp-content\/uploads\/sites\/6\/2016\/10\/aliments.jpg\" alt=\"aliments\" width=\"275\" height=\"183\" \/><\/a><\/td>\n<\/tr>\n<\/tbody>\n<\/table>\n<p><span style=\"font-size: medium;\">Toujours avoir quelque chose \u00e0 grignoter sur le sentier. Et un lunch pour le midi. De l&rsquo;eau en quantit\u00e9 suffisante, soit un ou deux bidons. On boit autant en hiver qu&rsquo;en \u00e9t\u00e9&#8230;ou on devrait. Aussi, apportez noix, raisins secs, ou une barre tendre pour vous donner un regain d&rsquo;\u00e9nergie \u00e0 mi-parcours.<\/span><\/p>\n<p><span style=\"font-size: medium;\">Voici une d\u00e9licieuse recette qui vous aidera \u00e0 gravir, avec un surplus d&rsquo;\u00e9nergie, les sommets des Montagnes noires \u00e0 Ripon :<\/span><\/p>\n<h3><strong>Barres sant\u00e9 sans cuisson<\/strong><\/h3>\n<p><strong>Portions :<\/strong> 8<br \/>\n<strong>Calories par portion :<\/strong> 200<br \/>\n<strong>Ingr\u00e9dients :<\/strong><\/p>\n<ul>\n<li>1 3\/4 tasse ou 440 ml de dates d\u00e9noyaut\u00e9es (laisser tremper dans l&rsquo;eau chaude pendant 15 minutes et \u00e9goutter)<\/li>\n<li>1\/2 tasse ou 125 ml de canneberges s\u00e9ch\u00e9es non sucr\u00e9es<\/li>\n<li>1\/4 tasse ou 60 ml de beurre d&rsquo;arachides naturel (sans ajout de sucre ou d&rsquo;huile)<\/li>\n<li>1\/4 tasse ou 60 ml d&rsquo;amandes fra\u00eeches enti\u00e8res<\/li>\n<li>1\/2 tasse ou 125 ml de flocons d&rsquo;avoine \u00e0 cuisson rapide<\/li>\n<\/ul>\n<p><strong>Pr\u00e9paration :<\/strong><\/p>\n<p>1. Laisser tremper les dates dans l&rsquo;eau chaude pendant 15 minutes et \u00e9goutter.<\/p>\n<p>2. Placer les dates, canneberges s\u00e9ch\u00e9es, amandes, beurre d&rsquo;arachides et flocons d&rsquo;avoine dans un robot culinaire et m\u00e9langer bien.<\/p>\n<p>3. Verser le m\u00e9lange dans un moule carr\u00e9, et presser fermement pour obtenir une couche uniforme.<\/p>\n<p>4. Placer le m\u00e9lange au cong\u00e9lateur pour 30 minutes pour le raffermir, et couper en huit portions.<\/p>\n<p>5. Garder au cong\u00e9lateur ou au r\u00e9frig\u00e9rateur. Conserver dans un contenant herm\u00e9tique.<\/p>\n<p><strong>Remerciements :<\/strong> \u00c0 Huguette Morin, qui nous a fait d\u00e9couvrir ces excellentes barres sant\u00e9.<\/p>\n","protected":false},"excerpt":{"rendered":"<p>La nourriture Toujours avoir quelque chose \u00e0 grignoter sur le sentier. Et un lunch pour le midi. De l&rsquo;eau en quantit\u00e9 suffisante, soit un ou deux bidons. On boit autant en hiver qu&rsquo;en \u00e9t\u00e9&#8230;ou on devrait. Aussi, apportez noix, raisins secs, ou une barre tendre pour vous donner un regain d&rsquo;\u00e9nergie \u00e0 mi-parcours. Voici une [&hellip;]<\/p>\n","protected":false},"author":4,"featured_media":0,"parent":1451,"menu_order":6,"comment_status":"closed","ping_status":"closed","template":"","meta":{"_acf_changed":false,"_crdt_document":"","_monsterinsights_skip_tracking":false,"_monsterinsights_sitenote_active":false,"_monsterinsights_sitenote_note":"","_monsterinsights_sitenote_category":0,"_mc_calendar":[],"footnotes":""},"class_list":["post-1476","page","type-page","status-publish","hentry","has_thumb"],"acf":[],"aioseo_notices":[],"_links":{"self":[{"href":"https:\/\/www.retraiteenaction.ca\/club-de-raquettes\/wp-json\/wp\/v2\/pages\/1476","targetHints":{"allow":["GET"]}}],"collection":[{"href":"https:\/\/www.retraiteenaction.ca\/club-de-raquettes\/wp-json\/wp\/v2\/pages"}],"about":[{"href":"https:\/\/www.retraiteenaction.ca\/club-de-raquettes\/wp-json\/wp\/v2\/types\/page"}],"author":[{"embeddable":true,"href":"https:\/\/www.retraiteenaction.ca\/club-de-raquettes\/wp-json\/wp\/v2\/users\/4"}],"replies":[{"embeddable":true,"href":"https:\/\/www.retraiteenaction.ca\/club-de-raquettes\/wp-json\/wp\/v2\/comments?post=1476"}],"version-history":[{"count":4,"href":"https:\/\/www.retraiteenaction.ca\/club-de-raquettes\/wp-json\/wp\/v2\/pages\/1476\/revisions"}],"predecessor-version":[{"id":9262,"href":"https:\/\/www.retraiteenaction.ca\/club-de-raquettes\/wp-json\/wp\/v2\/pages\/1476\/revisions\/9262"}],"up":[{"embeddable":true,"href":"https:\/\/www.retraiteenaction.ca\/club-de-raquettes\/wp-json\/wp\/v2\/pages\/1451"}],"wp:attachment":[{"href":"https:\/\/www.retraiteenaction.ca\/club-de-raquettes\/wp-json\/wp\/v2\/media?parent=1476"}],"curies":[{"name":"wp","href":"https:\/\/api.w.org\/{rel}","templated":true}]}}