{"id":10096,"date":"2016-10-17T17:16:54","date_gmt":"2016-10-17T17:16:54","guid":{"rendered":"http:\/\/www.retraiteenaction.ca\/club-de-velo\/?page_id=10096"},"modified":"2024-09-14T16:10:43","modified_gmt":"2024-09-14T16:10:43","slug":"semaine-de-velo-rea","status":"publish","type":"page","link":"https:\/\/www.retraiteenaction.ca\/club-de-velo\/semaine-de-velo-rea\/","title":{"rendered":"Voyages \u00e0 v\u00e9lo REA"},"content":{"rendered":"<table style=\"width: 100%;\">\n<tbody>\n<tr>\n<td style=\"width: 25%;\"><a href=\"http:\/\/www.retraiteenaction.ca\/club-de-velo\/wp-content\/uploads\/sites\/3\/2016\/05\/v\u00e9lo.png\"><img loading=\"lazy\" decoding=\"async\" class=\"wp-image-9475 aligncenter\" src=\"http:\/\/www.retraiteenaction.ca\/club-de-velo\/wp-content\/uploads\/sites\/3\/2016\/05\/v\u00e9lo.png\" alt=\"v\u00e9lo\" width=\"116\" height=\"71\" srcset=\"https:\/\/www.retraiteenaction.ca\/club-de-velo\/wp-content\/uploads\/sites\/3\/2016\/05\/v\u00e9lo.png 553w, https:\/\/www.retraiteenaction.ca\/club-de-velo\/wp-content\/uploads\/sites\/3\/2016\/05\/v\u00e9lo-300x184.png 300w, https:\/\/www.retraiteenaction.ca\/club-de-velo\/wp-content\/uploads\/sites\/3\/2016\/05\/v\u00e9lo-500x307.png 500w\" sizes=\"auto, (max-width: 116px) 100vw, 116px\" \/><\/a><\/td>\n<td style=\"width: 49.8238%; text-align: center; vertical-align: middle;\">\n<h1 style=\"text-align: center;\"><span style=\"color: #008080;\">Voyages \u00e0 v\u00e9lo REA<\/span><\/h1>\n<\/td>\n<td style=\"width: 21.1762%;\">\n<h1 style=\"text-align: center;\"><span style=\"color: #0000ff;\"><a href=\"http:\/\/www.retraiteenaction.ca\/club-de-velo\/wp-content\/uploads\/sites\/3\/2016\/05\/v\u00e9lo.png\"><img loading=\"lazy\" decoding=\"async\" class=\"wp-image-9475 aligncenter\" src=\"http:\/\/www.retraiteenaction.ca\/club-de-velo\/wp-content\/uploads\/sites\/3\/2016\/05\/v\u00e9lo.png\" alt=\"v\u00e9lo\" width=\"116\" height=\"71\" srcset=\"https:\/\/www.retraiteenaction.ca\/club-de-velo\/wp-content\/uploads\/sites\/3\/2016\/05\/v\u00e9lo.png 553w, https:\/\/www.retraiteenaction.ca\/club-de-velo\/wp-content\/uploads\/sites\/3\/2016\/05\/v\u00e9lo-300x184.png 300w, https:\/\/www.retraiteenaction.ca\/club-de-velo\/wp-content\/uploads\/sites\/3\/2016\/05\/v\u00e9lo-500x307.png 500w\" sizes=\"auto, (max-width: 116px) 100vw, 116px\" \/><\/a><\/span><\/h1>\n<\/td>\n<\/tr>\n<\/tbody>\n<\/table>\n<p>La Semaine de v\u00e9lo REA d\u00e9clenche invariablement et, \u00e0 chaque ann\u00e9e, un \u00e9tonnant tsunami&#8230; Cette activit\u00e9, tr\u00e8s populaire aupr\u00e8s des membres de Retraite en Action, attire plus de 80 cyclistes de tout acabit qui se bousculent gentiment pour s&rsquo;y inscrire.<\/p>\n<style type=\"text\/css\">\n#foogallery-gallery-10675 .fg-image { width: 100px; }\n#foogallery-gallery-10675 { --fg-gutter: 10px; }<\/style>\n\t\t\t<div class=\"foogallery foogallery-container foogallery-default foogallery-lightbox-foobox fg-center fg-default fg-ready fg-light fg-border-thin fg-shadow-outline fg-loading-default fg-loaded-fade-in fg-caption-hover fg-hover-fade fg-hover-zoom\" id=\"foogallery-gallery-10675\" data-foogallery=\"{&quot;item&quot;:{&quot;showCaptionTitle&quot;:true,&quot;showCaptionDescription&quot;:true},&quot;lazy&quot;:true}\" style=\"--fg-title-line-clamp: 0; --fg-description-line-clamp: 0;\" >\n\t<div class=\"fg-item fg-type-image fg-idle\"><figure class=\"fg-item-inner\"><a href=\"https:\/\/www.retraiteenaction.ca\/club-de-velo\/wp-content\/uploads\/sites\/3\/2016\/10\/REA-Vel-5.png\" data-attachment-id=\"10135\" data-type=\"image\" class=\"fg-thumb\"><span class=\"fg-image-wrap\"><img decoding=\"async\" width=\"100\" height=\"100\" class=\"skip-lazy fg-image\" data-src-fg=\"https:\/\/www.retraiteenaction.ca\/club-de-velo\/wp-content\/uploads\/sites\/3\/cache\/2016\/10\/REA-Vel-5\/884245489.png\" src=\"data:image\/svg+xml,%3Csvg%20xmlns%3D%22http%3A%2F%2Fwww.w3.org%2F2000%2Fsvg%22%20width%3D%22100%22%20height%3D%22100%22%20viewBox%3D%220%200%20100%20100%22%3E%3C%2Fsvg%3E\" loading=\"eager\"><\/span><span class=\"fg-image-overlay\"><\/span><\/a><\/figure><div class=\"fg-loader\"><\/div><\/div><div class=\"fg-item fg-type-image fg-idle\"><figure class=\"fg-item-inner\"><a href=\"https:\/\/www.retraiteenaction.ca\/club-de-velo\/wp-content\/uploads\/sites\/3\/2016\/10\/REA-Vel-15.png\" data-attachment-id=\"10148\" data-type=\"image\" class=\"fg-thumb\"><span class=\"fg-image-wrap\"><img decoding=\"async\" width=\"100\" height=\"100\" class=\"skip-lazy fg-image\" data-src-fg=\"https:\/\/www.retraiteenaction.ca\/club-de-velo\/wp-content\/uploads\/sites\/3\/cache\/2016\/10\/REA-Vel-15\/70626869.png\" src=\"data:image\/svg+xml,%3Csvg%20xmlns%3D%22http%3A%2F%2Fwww.w3.org%2F2000%2Fsvg%22%20width%3D%22100%22%20height%3D%22100%22%20viewBox%3D%220%200%20100%20100%22%3E%3C%2Fsvg%3E\" loading=\"eager\"><\/span><span class=\"fg-image-overlay\"><\/span><\/a><\/figure><div class=\"fg-loader\"><\/div><\/div><div class=\"fg-item fg-type-image fg-idle\"><figure class=\"fg-item-inner\"><a href=\"https:\/\/www.retraiteenaction.ca\/club-de-velo\/wp-content\/uploads\/sites\/3\/2016\/10\/REA-v\u00e9lo-5.png\" data-attachment-id=\"10144\" data-type=\"image\" class=\"fg-thumb\"><span class=\"fg-image-wrap\"><img decoding=\"async\" width=\"100\" height=\"100\" class=\"skip-lazy fg-image\" data-src-fg=\"https:\/\/www.retraiteenaction.ca\/club-de-velo\/wp-content\/uploads\/sites\/3\/cache\/2016\/10\/REA-v\u00e9lo-5\/91063539.png\" src=\"data:image\/svg+xml,%3Csvg%20xmlns%3D%22http%3A%2F%2Fwww.w3.org%2F2000%2Fsvg%22%20width%3D%22100%22%20height%3D%22100%22%20viewBox%3D%220%200%20100%20100%22%3E%3C%2Fsvg%3E\" loading=\"eager\"><\/span><span class=\"fg-image-overlay\"><\/span><\/a><\/figure><div class=\"fg-loader\"><\/div><\/div><div class=\"fg-item fg-type-image fg-idle\"><figure class=\"fg-item-inner\"><a href=\"https:\/\/www.retraiteenaction.ca\/club-de-velo\/wp-content\/uploads\/sites\/3\/2016\/10\/REA-Vel-21.png\" data-attachment-id=\"10142\" data-type=\"image\" class=\"fg-thumb\"><span class=\"fg-image-wrap\"><img decoding=\"async\" width=\"100\" height=\"100\" class=\"skip-lazy fg-image\" data-src-fg=\"https:\/\/www.retraiteenaction.ca\/club-de-velo\/wp-content\/uploads\/sites\/3\/cache\/2016\/10\/REA-Vel-21\/4131457504.png\" src=\"data:image\/svg+xml,%3Csvg%20xmlns%3D%22http%3A%2F%2Fwww.w3.org%2F2000%2Fsvg%22%20width%3D%22100%22%20height%3D%22100%22%20viewBox%3D%220%200%20100%20100%22%3E%3C%2Fsvg%3E\" loading=\"eager\"><\/span><span class=\"fg-image-overlay\"><\/span><\/a><\/figure><div class=\"fg-loader\"><\/div><\/div><div class=\"fg-item fg-type-image fg-idle\"><figure class=\"fg-item-inner\"><a href=\"https:\/\/www.retraiteenaction.ca\/club-de-velo\/wp-content\/uploads\/sites\/3\/2016\/10\/REA-Vel-8.png\" data-attachment-id=\"10140\" data-type=\"image\" class=\"fg-thumb\"><span class=\"fg-image-wrap\"><img decoding=\"async\" width=\"100\" height=\"100\" class=\"skip-lazy fg-image\" data-src-fg=\"https:\/\/www.retraiteenaction.ca\/club-de-velo\/wp-content\/uploads\/sites\/3\/cache\/2016\/10\/REA-Vel-8\/2666757100.png\" src=\"data:image\/svg+xml,%3Csvg%20xmlns%3D%22http%3A%2F%2Fwww.w3.org%2F2000%2Fsvg%22%20width%3D%22100%22%20height%3D%22100%22%20viewBox%3D%220%200%20100%20100%22%3E%3C%2Fsvg%3E\" loading=\"eager\"><\/span><span class=\"fg-image-overlay\"><\/span><\/a><\/figure><div class=\"fg-loader\"><\/div><\/div><div class=\"fg-item fg-type-image fg-idle\"><figure class=\"fg-item-inner\"><a href=\"https:\/\/www.retraiteenaction.ca\/club-de-velo\/wp-content\/uploads\/sites\/3\/2016\/10\/REA-v\u00e9lo-11.png\" data-attachment-id=\"10139\" data-type=\"image\" class=\"fg-thumb\"><span class=\"fg-image-wrap\"><img decoding=\"async\" width=\"100\" height=\"100\" class=\"skip-lazy fg-image\" data-src-fg=\"https:\/\/www.retraiteenaction.ca\/club-de-velo\/wp-content\/uploads\/sites\/3\/cache\/2016\/10\/REA-v\u00e9lo-11\/2512080968.png\" src=\"data:image\/svg+xml,%3Csvg%20xmlns%3D%22http%3A%2F%2Fwww.w3.org%2F2000%2Fsvg%22%20width%3D%22100%22%20height%3D%22100%22%20viewBox%3D%220%200%20100%20100%22%3E%3C%2Fsvg%3E\" loading=\"eager\"><\/span><span class=\"fg-image-overlay\"><\/span><\/a><\/figure><div class=\"fg-loader\"><\/div><\/div><div class=\"fg-item fg-type-image fg-idle\"><figure class=\"fg-item-inner\"><a href=\"https:\/\/www.retraiteenaction.ca\/club-de-velo\/wp-content\/uploads\/sites\/3\/2016\/10\/REA-v\u00e9lo-9.png\" data-attachment-id=\"10138\" data-type=\"image\" class=\"fg-thumb\"><span class=\"fg-image-wrap\"><img decoding=\"async\" width=\"100\" height=\"100\" class=\"skip-lazy fg-image\" data-src-fg=\"https:\/\/www.retraiteenaction.ca\/club-de-velo\/wp-content\/uploads\/sites\/3\/cache\/2016\/10\/REA-v\u00e9lo-9\/4010388413.png\" src=\"data:image\/svg+xml,%3Csvg%20xmlns%3D%22http%3A%2F%2Fwww.w3.org%2F2000%2Fsvg%22%20width%3D%22100%22%20height%3D%22100%22%20viewBox%3D%220%200%20100%20100%22%3E%3C%2Fsvg%3E\" loading=\"eager\"><\/span><span class=\"fg-image-overlay\"><\/span><\/a><\/figure><div class=\"fg-loader\"><\/div><\/div><div class=\"fg-item fg-type-image fg-idle\"><figure class=\"fg-item-inner\"><a href=\"https:\/\/www.retraiteenaction.ca\/club-de-velo\/wp-content\/uploads\/sites\/3\/2016\/10\/REA-V\u00e9lo-2.png\" data-attachment-id=\"10137\" data-type=\"image\" class=\"fg-thumb\"><span class=\"fg-image-wrap\"><img decoding=\"async\" width=\"100\" height=\"100\" class=\"skip-lazy fg-image\" data-src-fg=\"https:\/\/www.retraiteenaction.ca\/club-de-velo\/wp-content\/uploads\/sites\/3\/cache\/2016\/10\/REA-V\u00e9lo-2\/4066879641.png\" src=\"data:image\/svg+xml,%3Csvg%20xmlns%3D%22http%3A%2F%2Fwww.w3.org%2F2000%2Fsvg%22%20width%3D%22100%22%20height%3D%22100%22%20viewBox%3D%220%200%20100%20100%22%3E%3C%2Fsvg%3E\" loading=\"eager\"><\/span><span class=\"fg-image-overlay\"><\/span><\/a><\/figure><div class=\"fg-loader\"><\/div><\/div><div class=\"fg-item fg-type-image fg-idle\"><figure class=\"fg-item-inner\"><a href=\"https:\/\/www.retraiteenaction.ca\/club-de-velo\/wp-content\/uploads\/sites\/3\/2016\/10\/REA-Vel-18.png\" data-attachment-id=\"10141\" data-type=\"image\" class=\"fg-thumb\"><span class=\"fg-image-wrap\"><img decoding=\"async\" width=\"100\" height=\"100\" class=\"skip-lazy fg-image\" data-src-fg=\"https:\/\/www.retraiteenaction.ca\/club-de-velo\/wp-content\/uploads\/sites\/3\/cache\/2016\/10\/REA-Vel-18\/2065394274.png\" src=\"data:image\/svg+xml,%3Csvg%20xmlns%3D%22http%3A%2F%2Fwww.w3.org%2F2000%2Fsvg%22%20width%3D%22100%22%20height%3D%22100%22%20viewBox%3D%220%200%20100%20100%22%3E%3C%2Fsvg%3E\" loading=\"eager\"><\/span><span class=\"fg-image-overlay\"><\/span><\/a><\/figure><div class=\"fg-loader\"><\/div><\/div><\/div>\n\n<p>C&rsquo;est en retenant son souffle, le doigt tremblotant sur le clavier, l\u2019\u0153il fix\u00e9 sur l&rsquo;\u00e9cran afin de saisir la fraction de seconde o\u00f9 l&rsquo;activit\u00e9 appara\u00eetra &#8230; et vlan!!!\u00a0 en moins de 5 minutes, ce voyage affiche complet&#8230;<\/p>\n<p>Nos aventures sur deux roues, et ailleurs, sont devenues des l\u00e9gendes urbaines qui vont en s&rsquo;amplifiant ann\u00e9es apr\u00e8s ann\u00e9es.<\/p>\n<p>Nous avons franchi une route effondr\u00e9e afin de ne pas d\u00e9vier de notre parcours, roul\u00e9 plus vite que le tonnerre et les \u00e9clairs, et aussi oubli\u00e9 o\u00f9 nous avions gar\u00e9 nos voitures (c&rsquo;est l&rsquo;\u00e2ge peut-\u00eatre???). Nul doute, nous sommes des v-\u00e9-l-o-m-a-n-e-s !<\/p>\n<p>Il nous fait donc plaisir de partager nos\u00a0<a href=\"http:\/\/www.retraiteenaction.ca\/club-de-velo\/semaine-de-velo-rea\/parcours\/\">parcours<\/a> avec vous afin que vous puissiez pr\u00e9parer ou refaire votre propre aventure.<\/p>\n<table style=\"width: 550px;\">\n<tbody>\n<tr>\n<td style=\"width: 10px; text-align: center; vertical-align: middle;\"><a href=\"http:\/\/www.retraiteenaction.ca\/club-de-velo\/wp-content\/uploads\/sites\/3\/2016\/05\/v\u00e9lo.png\"><img loading=\"lazy\" decoding=\"async\" class=\"wp-image-9475 aligncenter\" src=\"http:\/\/www.retraiteenaction.ca\/club-de-velo\/wp-content\/uploads\/sites\/3\/2016\/05\/v\u00e9lo.png\" alt=\"v\u00e9lo\" width=\"76\" height=\"47\" srcset=\"https:\/\/www.retraiteenaction.ca\/club-de-velo\/wp-content\/uploads\/sites\/3\/2016\/05\/v\u00e9lo.png 553w, https:\/\/www.retraiteenaction.ca\/club-de-velo\/wp-content\/uploads\/sites\/3\/2016\/05\/v\u00e9lo-300x184.png 300w, https:\/\/www.retraiteenaction.ca\/club-de-velo\/wp-content\/uploads\/sites\/3\/2016\/05\/v\u00e9lo-500x307.png 500w\" sizes=\"auto, (max-width: 76px) 100vw, 76px\" \/><\/a><\/td>\n<td style=\"width: 10.8833px; text-align: center; vertical-align: middle;\">\n<h4>Denis Roy<\/h4>\n<\/td>\n<td style=\"width: 10px; text-align: center; vertical-align: middle;\"><a href=\"http:\/\/www.retraiteenaction.ca\/club-de-velo\/wp-content\/uploads\/sites\/3\/2016\/05\/v\u00e9lo.png\"><img loading=\"lazy\" decoding=\"async\" class=\"wp-image-9475 aligncenter\" src=\"http:\/\/www.retraiteenaction.ca\/club-de-velo\/wp-content\/uploads\/sites\/3\/2016\/05\/v\u00e9lo.png\" alt=\"v\u00e9lo\" width=\"76\" height=\"47\" srcset=\"https:\/\/www.retraiteenaction.ca\/club-de-velo\/wp-content\/uploads\/sites\/3\/2016\/05\/v\u00e9lo.png 553w, https:\/\/www.retraiteenaction.ca\/club-de-velo\/wp-content\/uploads\/sites\/3\/2016\/05\/v\u00e9lo-300x184.png 300w, https:\/\/www.retraiteenaction.ca\/club-de-velo\/wp-content\/uploads\/sites\/3\/2016\/05\/v\u00e9lo-500x307.png 500w\" sizes=\"auto, (max-width: 76px) 100vw, 76px\" \/><\/a><\/td>\n<\/tr>\n<\/tbody>\n<\/table>\n<p>&nbsp;<\/p>\n","protected":false},"excerpt":{"rendered":"<p>Voyages \u00e0 v\u00e9lo REA La Semaine de v\u00e9lo REA d\u00e9clenche invariablement et, \u00e0 chaque ann\u00e9e, un \u00e9tonnant tsunami&#8230; Cette activit\u00e9, tr\u00e8s populaire aupr\u00e8s des membres de Retraite en Action, attire plus de 80 cyclistes de tout acabit qui se bousculent gentiment pour s&rsquo;y inscrire. C&rsquo;est en retenant son souffle, le doigt tremblotant sur le clavier, [&hellip;]<\/p>\n","protected":false},"author":6,"featured_media":0,"parent":0,"menu_order":0,"comment_status":"closed","ping_status":"closed","template":"","meta":{"_acf_changed":false,"_crdt_document":"","_monsterinsights_skip_tracking":false,"_monsterinsights_sitenote_active":false,"_monsterinsights_sitenote_note":"","_monsterinsights_sitenote_category":0,"_mc_calendar":[],"footnotes":""},"class_list":["post-10096","page","type-page","status-publish","hentry","has_thumb"],"acf":[],"aioseo_notices":[],"_links":{"self":[{"href":"https:\/\/www.retraiteenaction.ca\/club-de-velo\/wp-json\/wp\/v2\/pages\/10096","targetHints":{"allow":["GET"]}}],"collection":[{"href":"https:\/\/www.retraiteenaction.ca\/club-de-velo\/wp-json\/wp\/v2\/pages"}],"about":[{"href":"https:\/\/www.retraiteenaction.ca\/club-de-velo\/wp-json\/wp\/v2\/types\/page"}],"author":[{"embeddable":true,"href":"https:\/\/www.retraiteenaction.ca\/club-de-velo\/wp-json\/wp\/v2\/users\/6"}],"replies":[{"embeddable":true,"href":"https:\/\/www.retraiteenaction.ca\/club-de-velo\/wp-json\/wp\/v2\/comments?post=10096"}],"version-history":[{"count":18,"href":"https:\/\/www.retraiteenaction.ca\/club-de-velo\/wp-json\/wp\/v2\/pages\/10096\/revisions"}],"predecessor-version":[{"id":11819,"href":"https:\/\/www.retraiteenaction.ca\/club-de-velo\/wp-json\/wp\/v2\/pages\/10096\/revisions\/11819"}],"wp:attachment":[{"href":"https:\/\/www.retraiteenaction.ca\/club-de-velo\/wp-json\/wp\/v2\/media?parent=10096"}],"curies":[{"name":"wp","href":"https:\/\/api.w.org\/{rel}","templated":true}]}}