{"id":10101,"date":"2016-10-18T16:52:09","date_gmt":"2016-10-18T16:52:09","guid":{"rendered":"http:\/\/www.retraiteenaction.ca\/club-de-velo\/?page_id=10101"},"modified":"2024-11-22T16:42:26","modified_gmt":"2024-11-22T16:42:26","slug":"parcours","status":"publish","type":"page","link":"https:\/\/www.retraiteenaction.ca\/club-de-velo\/semaine-de-velo-rea\/parcours\/","title":{"rendered":"Parcours de voyages \u00e0 v\u00e9lo"},"content":{"rendered":"<table class=\" alignleft\" style=\"width: 100%;\">\n<tbody>\n<tr>\n<td style=\"width: 188.95px; text-align: center; vertical-align: middle;\"><a href=\"http:\/\/www.retraiteenaction.ca\/club-de-velo\/wp-content\/uploads\/sites\/3\/2016\/05\/v\u00e9lo.png\"><img loading=\"lazy\" decoding=\"async\" class=\"alignnone wp-image-9475\" src=\"http:\/\/www.retraiteenaction.ca\/club-de-velo\/wp-content\/uploads\/sites\/3\/2016\/05\/v\u00e9lo.png\" alt=\"v\u00e9lo\" width=\"150\" height=\"93\" srcset=\"https:\/\/www.retraiteenaction.ca\/club-de-velo\/wp-content\/uploads\/sites\/3\/2016\/05\/v\u00e9lo.png 553w, https:\/\/www.retraiteenaction.ca\/club-de-velo\/wp-content\/uploads\/sites\/3\/2016\/05\/v\u00e9lo-300x184.png 300w, https:\/\/www.retraiteenaction.ca\/club-de-velo\/wp-content\/uploads\/sites\/3\/2016\/05\/v\u00e9lo-500x307.png 500w\" sizes=\"auto, (max-width: 150px) 100vw, 150px\" \/><\/a><\/td>\n<td style=\"width: 286.05px; text-align: center; vertical-align: middle;\">\n<h2><span style=\"color: #008080;\"><strong>Parcours de voyages \u00e0 v\u00e9lo<br \/>\n<\/strong><\/span><\/h2>\n<\/td>\n<td style=\"width: 194px; text-align: center; vertical-align: middle;\"><a href=\"http:\/\/www.retraiteenaction.ca\/club-de-velo\/wp-content\/uploads\/sites\/3\/2016\/05\/v\u00e9lo.png\"><img loading=\"lazy\" decoding=\"async\" class=\"alignnone wp-image-9475\" src=\"http:\/\/www.retraiteenaction.ca\/club-de-velo\/wp-content\/uploads\/sites\/3\/2016\/05\/v\u00e9lo.png\" alt=\"v\u00e9lo\" width=\"150\" height=\"93\" srcset=\"https:\/\/www.retraiteenaction.ca\/club-de-velo\/wp-content\/uploads\/sites\/3\/2016\/05\/v\u00e9lo.png 553w, https:\/\/www.retraiteenaction.ca\/club-de-velo\/wp-content\/uploads\/sites\/3\/2016\/05\/v\u00e9lo-300x184.png 300w, https:\/\/www.retraiteenaction.ca\/club-de-velo\/wp-content\/uploads\/sites\/3\/2016\/05\/v\u00e9lo-500x307.png 500w\" sizes=\"auto, (max-width: 150px) 100vw, 150px\" \/><\/a><\/td>\n<\/tr>\n<\/tbody>\n<\/table>\n<table class=\" alignleft\" style=\"width: 100%; height: 1157px;\">\n<tbody>\n<tr style=\"height: 65px;\">\n<td style=\"width: 98.7382%; height: 65px;\">\n<h3><strong>ONTARIO<\/strong><\/h3>\n<\/td>\n<\/tr>\n<tr style=\"height: 66px;\">\n<td style=\"width: 98.7382%; height: 66px;\">\n<h4>Niagara et ses environs (Niagara-on-the-Lake) <a href=\"http:\/\/www.retraiteenaction.ca\/club-de-velo\/wp-content\/uploads\/sites\/3\/2016\/10\/SemaineVeloREA_parcours.pdf\" target=\"_blank\" rel=\"noopener\">2016<\/a><\/h4>\n<\/td>\n<\/tr>\n<tr style=\"height: 66px;\">\n<td style=\"height: 66px;\">\n<h4>Comt\u00e9 de Prince Edward (Belleville) <a href=\"http:\/\/www.retraiteenaction.ca\/club-de-velo\/wp-content\/uploads\/sites\/3\/2018\/03\/SemaineV\u00e9loREA_PrinceEdwardCounty.pdf\" target=\"_blank\" rel=\"noopener\">2014<\/a><\/h4>\n<\/td>\n<\/tr>\n<tr style=\"height: 66px;\">\n<td style=\"height: 66px;\">\n<h4>Baie georgienne (Barrie) <a href=\"https:\/\/www.retraiteenaction.ca\/club-de-velo\/wp-content\/uploads\/sites\/3\/2024\/11\/SemaineVeloREA_barrie-2017.pdf\" target=\"_blank\" rel=\"noopener\">2017 <\/a>et <a href=\"https:\/\/www.retraiteenaction.ca\/club-de-velo\/wp-content\/uploads\/sites\/3\/2024\/11\/Parcours-2023-Barrie-pour-site-Web.docx\" target=\"_blank\" rel=\"noopener\">2023<\/a><\/h4>\n<\/td>\n<\/tr>\n<tr style=\"height: 66px;\">\n<td style=\"width: 98.7382%; height: 66px;\">\n<h4>Kingston et ses environs (Kingston) <a href=\"https:\/\/www.retraiteenaction.ca\/club-de-velo\/wp-content\/uploads\/sites\/3\/2024\/11\/Parcours-2024-Kingston-REA-pour-site-web.docx\" target=\"_blank\" rel=\"noopener\">2024<\/a><\/h4>\n<\/td>\n<\/tr>\n<tr style=\"height: 30px;\">\n<td style=\"height: 30px; border-color: #54c2ed; width: 98.7382%;\">\n<h3><strong>QU\u00c9BEC<\/strong><\/h3>\n<\/td>\n<\/tr>\n<tr style=\"height: 109px;\">\n<td style=\"width: 98.7382%; height: 109px;\">\n<h4>L\u00e9vis <a href=\"https:\/\/www.retraiteenaction.ca\/club-de-velo\/wp-content\/uploads\/sites\/3\/2024\/11\/Parcours-REA-Levis-2013.do\" target=\"_blank\" rel=\"noopener\">2013<\/a> et <a href=\"https:\/\/www.retraiteenaction.ca\/club-de-velo\/wp-content\/uploads\/sites\/3\/2022\/07\/Circuits-REA-2022_-Levis_.pdf\" target=\"_blank\" rel=\"noopener\">2022<\/a><\/h4>\n<\/td>\n<\/tr>\n<tr style=\"height: 66px;\">\n<td style=\"height: 66px;\">\n<h4>Saint-Casimir et ses environs (Saint-Casimir) <a href=\"http:\/\/www.retraiteenaction.ca\/club-de-velo\/wp-content\/uploads\/sites\/3\/2018\/03\/SemaineVeloREA_st-casimir.pdf\" target=\"_blank\" rel=\"noopener\">2015<\/a><\/h4>\n<\/td>\n<\/tr>\n<tr style=\"height: 66px;\">\n<td style=\"width: 98.7382%; height: 66px;\">\n<h4>Trois-Rivi\u00e8res et ses environs (Trois-Rivi\u00e8res) <a href=\"https:\/\/www.retraiteenaction.ca\/club-de-velo\/wp-content\/uploads\/sites\/3\/2018\/06\/Circuits-Trois-Rivi\u00e8res-2018.pdf\" target=\"_blank\" rel=\"noopener\">2018<\/a><\/h4>\n<\/td>\n<\/tr>\n<tr style=\"height: 66px;\">\n<td style=\"width: 98.7382%; height: 66px;\">\n<h4>Granby et ses environs (Granby) <a href=\"https:\/\/www.retraiteenaction.ca\/club-de-velo\/wp-content\/uploads\/sites\/3\/2022\/03\/REA-2019-Granby-circuits-vf.pdf\" target=\"_blank\" rel=\"noopener\">2019<\/a><\/h4>\n<\/td>\n<\/tr>\n<tr style=\"height: 66px;\">\n<td style=\"width: 98.7382%; height: 66px;\">\n<h4>Les Laurentides (Mont-Tremblant) automne <a href=\"https:\/\/www.retraiteenaction.ca\/club-de-velo\/wp-content\/uploads\/sites\/3\/2022\/04\/Circuits-velo-31-aout-au-2-septembre-2020.pdf\" target=\"_blank\" rel=\"noopener\">2020<\/a><\/h4>\n<\/td>\n<\/tr>\n<tr style=\"height: 66px;\">\n<td style=\"width: 98.7382%; height: 66px;\">\n<h4>R\u00e9gion du sud-ouest de Montr\u00e9al (Ch\u00e2teauguay) 2025 (\u00e0 venir)<\/h4>\n<\/td>\n<\/tr>\n<\/tbody>\n<\/table>\n<p>&nbsp;<\/p>\n","protected":false},"excerpt":{"rendered":"<p>Parcours de voyages \u00e0 v\u00e9lo ONTARIO Niagara et ses environs (Niagara-on-the-Lake) 2016 Comt\u00e9 de Prince Edward (Belleville) 2014 Baie georgienne (Barrie) 2017 et 2023 Kingston et ses environs (Kingston) 2024 QU\u00c9BEC L\u00e9vis 2013 et 2022 Saint-Casimir et ses environs (Saint-Casimir) 2015 Trois-Rivi\u00e8res et ses environs (Trois-Rivi\u00e8res) 2018 Granby et ses environs (Granby) 2019 Les Laurentides [&hellip;]<\/p>\n","protected":false},"author":6,"featured_media":0,"parent":10096,"menu_order":0,"comment_status":"closed","ping_status":"closed","template":"","meta":{"_acf_changed":false,"_crdt_document":"","_monsterinsights_skip_tracking":false,"_monsterinsights_sitenote_active":false,"_monsterinsights_sitenote_note":"","_monsterinsights_sitenote_category":0,"_mc_calendar":[],"footnotes":""},"class_list":["post-10101","page","type-page","status-publish","hentry","has_thumb"],"acf":[],"aioseo_notices":[],"_links":{"self":[{"href":"https:\/\/www.retraiteenaction.ca\/club-de-velo\/wp-json\/wp\/v2\/pages\/10101","targetHints":{"allow":["GET"]}}],"collection":[{"href":"https:\/\/www.retraiteenaction.ca\/club-de-velo\/wp-json\/wp\/v2\/pages"}],"about":[{"href":"https:\/\/www.retraiteenaction.ca\/club-de-velo\/wp-json\/wp\/v2\/types\/page"}],"author":[{"embeddable":true,"href":"https:\/\/www.retraiteenaction.ca\/club-de-velo\/wp-json\/wp\/v2\/users\/6"}],"replies":[{"embeddable":true,"href":"https:\/\/www.retraiteenaction.ca\/club-de-velo\/wp-json\/wp\/v2\/comments?post=10101"}],"version-history":[{"count":78,"href":"https:\/\/www.retraiteenaction.ca\/club-de-velo\/wp-json\/wp\/v2\/pages\/10101\/revisions"}],"predecessor-version":[{"id":11861,"href":"https:\/\/www.retraiteenaction.ca\/club-de-velo\/wp-json\/wp\/v2\/pages\/10101\/revisions\/11861"}],"up":[{"embeddable":true,"href":"https:\/\/www.retraiteenaction.ca\/club-de-velo\/wp-json\/wp\/v2\/pages\/10096"}],"wp:attachment":[{"href":"https:\/\/www.retraiteenaction.ca\/club-de-velo\/wp-json\/wp\/v2\/media?parent=10101"}],"curies":[{"name":"wp","href":"https:\/\/api.w.org\/{rel}","templated":true}]}}