{"id":1058,"date":"2014-04-13T17:29:09","date_gmt":"2014-04-13T21:29:09","guid":{"rendered":"http:\/\/retraiteenaction.ca\/informatique\/?page_id=1058"},"modified":"2024-04-29T16:03:09","modified_gmt":"2024-04-29T16:03:09","slug":"velo-3-plateaux","status":"publish","type":"page","link":"https:\/\/www.retraiteenaction.ca\/club-de-velo\/velo-3-plateaux\/","title":{"rendered":"V\u00e9lo-Route"},"content":{"rendered":"<table style=\"width: 100%;\">\n<tbody>\n<tr>\n<td style=\"width: 25%; text-align: center; vertical-align: middle;\"><a href=\"https:\/\/www.retraiteenaction.ca\/club-de-velo\/wp-content\/uploads\/sites\/3\/2016\/05\/v\u00e9lo.png\"><img loading=\"lazy\" decoding=\"async\" class=\"alignnone wp-image-9475\" src=\"https:\/\/www.retraiteenaction.ca\/club-de-velo\/wp-content\/uploads\/sites\/3\/2016\/05\/v\u00e9lo.png\" alt=\"\" width=\"116\" height=\"71\" srcset=\"https:\/\/www.retraiteenaction.ca\/club-de-velo\/wp-content\/uploads\/sites\/3\/2016\/05\/v\u00e9lo.png 553w, https:\/\/www.retraiteenaction.ca\/club-de-velo\/wp-content\/uploads\/sites\/3\/2016\/05\/v\u00e9lo-300x184.png 300w, https:\/\/www.retraiteenaction.ca\/club-de-velo\/wp-content\/uploads\/sites\/3\/2016\/05\/v\u00e9lo-500x307.png 500w\" sizes=\"auto, (max-width: 116px) 100vw, 116px\" \/><\/a><\/td>\n<td style=\"width: 50%; text-align: center; vertical-align: middle;\">\n<h1 style=\"text-align: center;\"><span style=\"color: #008080;\">V\u00e9lo-Route<br \/>\n<\/span><\/h1>\n<\/td>\n<td style=\"width: 25%; text-align: center; vertical-align: middle;\"><a href=\"https:\/\/www.retraiteenaction.ca\/club-de-velo\/wp-content\/uploads\/sites\/3\/2016\/05\/v\u00e9lo.png\"><img loading=\"lazy\" decoding=\"async\" class=\"alignnone wp-image-9475\" src=\"https:\/\/www.retraiteenaction.ca\/club-de-velo\/wp-content\/uploads\/sites\/3\/2016\/05\/v\u00e9lo.png\" alt=\"\" width=\"115\" height=\"71\" srcset=\"https:\/\/www.retraiteenaction.ca\/club-de-velo\/wp-content\/uploads\/sites\/3\/2016\/05\/v\u00e9lo.png 553w, https:\/\/www.retraiteenaction.ca\/club-de-velo\/wp-content\/uploads\/sites\/3\/2016\/05\/v\u00e9lo-300x184.png 300w, https:\/\/www.retraiteenaction.ca\/club-de-velo\/wp-content\/uploads\/sites\/3\/2016\/05\/v\u00e9lo-500x307.png 500w\" sizes=\"auto, (max-width: 115px) 100vw, 115px\" \/><\/a><\/td>\n<\/tr>\n<\/tbody>\n<\/table>\n<p><a href=\"https:\/\/www.retraiteenaction.ca\/club-de-velo\/wp-content\/uploads\/sites\/3\/2016\/10\/REA-v\u00e9lo-11.png\"><img loading=\"lazy\" decoding=\"async\" class=\"wp-image-10139 alignleft\" src=\"https:\/\/www.retraiteenaction.ca\/club-de-velo\/wp-content\/uploads\/sites\/3\/2016\/10\/REA-v\u00e9lo-11-300x225.png\" alt=\"\" width=\"251\" height=\"188\" srcset=\"https:\/\/www.retraiteenaction.ca\/club-de-velo\/wp-content\/uploads\/sites\/3\/2016\/10\/REA-v\u00e9lo-11-300x225.png 300w, https:\/\/www.retraiteenaction.ca\/club-de-velo\/wp-content\/uploads\/sites\/3\/2016\/10\/REA-v\u00e9lo-11-768x576.png 768w, https:\/\/www.retraiteenaction.ca\/club-de-velo\/wp-content\/uploads\/sites\/3\/2016\/10\/REA-v\u00e9lo-11-500x375.png 500w, https:\/\/www.retraiteenaction.ca\/club-de-velo\/wp-content\/uploads\/sites\/3\/2016\/10\/REA-v\u00e9lo-11-640x480.png 640w, https:\/\/www.retraiteenaction.ca\/club-de-velo\/wp-content\/uploads\/sites\/3\/2016\/10\/REA-v\u00e9lo-11-624x468.png 624w, https:\/\/www.retraiteenaction.ca\/club-de-velo\/wp-content\/uploads\/sites\/3\/2016\/10\/REA-v\u00e9lo-11.png 898w\" sizes=\"auto, (max-width: 251px) 100vw, 251px\" \/><\/a><\/p>\n<p class=\"p1\">V\u00e9lo-Route s\u2019adresse aux cyclistes qui pr\u00e9f\u00e8rent rouler sur route, et plus particuli\u00e8rement \u00e0 la campagne.<\/p>\n<p class=\"p1\">En d\u00e9but de saison, un calendrier des randonn\u00e9es est affich\u00e9 sous l\u2019onglet <a href=\"https:\/\/www.retraiteenaction.ca\/club-de-velo\/velo-3-plateaux\/calendrier-v3p-2024\/\" target=\"_blank\" rel=\"noopener\"><span class=\"s1\">Parcours V-R<\/span><\/a>, et aussi dans <a href=\"https:\/\/www.retraiteenaction.ca\/club-de-velo\/my-calendar\/\" target=\"_blank\" rel=\"noopener\">le <span class=\"s1\">calendrier<\/span><\/a> du Club de v\u00e9lo de REA. Les randonn\u00e9es \u00e0 v\u00e9lo se font normalement les jeudis d\u00e8s la premi\u00e8re semaine de mai. Si la m\u00e9t\u00e9o ne collabore pas, la sortie sera devanc\u00e9e au mercredi ou report\u00e9e au vendredi.<\/p>\n<p class=\"p1\">\u00c0 chaque semaine, vous recevrez un courriel confirmant la date de la randonn\u00e9e, ainsi que le lieu de d\u00e9part et de la pause du midi. En g\u00e9n\u00e9ral, les randonn\u00e9es d\u00e9butent \u00e0 10 h et se terminent vers 14 h. Des cyclistes b\u00e9n\u00e9voles vous accueilleront au point de d\u00e9part et donneront les directives pour la randonn\u00e9e.<\/p>\n<p class=\"p1\">Afin de rendre la randonn\u00e9e \u00e0 v\u00e9lo plus agr\u00e9able pour tous, nous vous invitons \u00e0 choisir la vitesse de croisi\u00e8re qui vous convient le mieux.<\/p>\n<p class=\"p1\"><b>Vitesses de croisi\u00e8re du club V\u00e9lo-Route :<\/b><\/p>\n<ul class=\"ul1\">\n<li class=\"li1\">20-24 km\/h<\/li>\n<li class=\"li1\">24-28 km\/h<\/li>\n<li class=\"li1\">28 km\/h et plus<\/li>\n<\/ul>\n<p class=\"p1\">(La vitesse de croisi\u00e8re n\u2019est pas une moyenne. Elle \u00e9quivaut \u00e0 un rythme, r\u00e9guli\u00e8rement maintenu autour d\u2019une vitesse dans des conditions \u00ab id\u00e9ales \u00bb, c\u2019est-\u00e0-dire sans d\u00e9nivel\u00e9 et sans vent.)<\/p>\n<p class=\"p1\">Pour obtenir tous les parcours, <a href=\"https:\/\/www.retraiteenaction.ca\/club-de-velo\/velo-3-plateaux\/points-de-depart\/\" target=\"_blank\" rel=\"noopener\">cliquez <span class=\"s1\">ici<\/span><\/a>.<\/p>\n<p class=\"p1\"><b>L\u2019apr\u00e8s-v\u00e9lo<\/b><\/p>\n<p class=\"p1\">Une fois par mois \u00e0 partir de juillet, nous vous proposons une sortie apr\u00e8s-v\u00e9lo afin de nous permettre de socialiser dans un cadre d\u00e9tendu tel qu\u2019un restaurant, un caf\u00e9 ou un parc. Soyez des n\u00f4tres !<\/p>\n<p class=\"p1\"><b>Comit\u00e9 organisateur de V\u00e9lo-Route :<\/b><\/p>\n<p class=\"p1\">Denis Roy, Alain Lalonde, Linda Collier, Michel Cardinal, Pierre Aubrey.<\/p>\n<p>&nbsp;<\/p>\n","protected":false},"excerpt":{"rendered":"<p>V\u00e9lo-Route V\u00e9lo-Route s\u2019adresse aux cyclistes qui pr\u00e9f\u00e8rent rouler sur route, et plus particuli\u00e8rement \u00e0 la campagne. En d\u00e9but de saison, un calendrier des randonn\u00e9es est affich\u00e9 sous l\u2019onglet Parcours V-R, et aussi dans le calendrier du Club de v\u00e9lo de REA. Les randonn\u00e9es \u00e0 v\u00e9lo se font normalement les jeudis d\u00e8s la premi\u00e8re semaine de [&hellip;]<\/p>\n","protected":false},"author":66,"featured_media":0,"parent":0,"menu_order":4,"comment_status":"closed","ping_status":"closed","template":"","meta":{"_acf_changed":false,"_crdt_document":"","_monsterinsights_skip_tracking":false,"_monsterinsights_sitenote_active":false,"_monsterinsights_sitenote_note":"","_monsterinsights_sitenote_category":0,"_mc_calendar":[],"footnotes":""},"class_list":["post-1058","page","type-page","status-publish","hentry","has_thumb"],"acf":[],"aioseo_notices":[],"_links":{"self":[{"href":"https:\/\/www.retraiteenaction.ca\/club-de-velo\/wp-json\/wp\/v2\/pages\/1058","targetHints":{"allow":["GET"]}}],"collection":[{"href":"https:\/\/www.retraiteenaction.ca\/club-de-velo\/wp-json\/wp\/v2\/pages"}],"about":[{"href":"https:\/\/www.retraiteenaction.ca\/club-de-velo\/wp-json\/wp\/v2\/types\/page"}],"author":[{"embeddable":true,"href":"https:\/\/www.retraiteenaction.ca\/club-de-velo\/wp-json\/wp\/v2\/users\/66"}],"replies":[{"embeddable":true,"href":"https:\/\/www.retraiteenaction.ca\/club-de-velo\/wp-json\/wp\/v2\/comments?post=1058"}],"version-history":[{"count":34,"href":"https:\/\/www.retraiteenaction.ca\/club-de-velo\/wp-json\/wp\/v2\/pages\/1058\/revisions"}],"predecessor-version":[{"id":11722,"href":"https:\/\/www.retraiteenaction.ca\/club-de-velo\/wp-json\/wp\/v2\/pages\/1058\/revisions\/11722"}],"wp:attachment":[{"href":"https:\/\/www.retraiteenaction.ca\/club-de-velo\/wp-json\/wp\/v2\/media?parent=1058"}],"curies":[{"name":"wp","href":"https:\/\/api.w.org\/{rel}","templated":true}]}}