{"id":1105,"date":"2014-04-19T12:10:49","date_gmt":"2014-04-19T16:10:49","guid":{"rendered":"http:\/\/retraiteenaction.ca\/informatique\/?page_id=1105"},"modified":"2026-02-06T17:01:57","modified_gmt":"2026-02-06T17:01:57","slug":"club-de-velo-2","status":"publish","type":"page","link":"https:\/\/www.retraiteenaction.ca\/club-de-velo\/","title":{"rendered":"Accueil"},"content":{"rendered":"<p><a href=\"https:\/\/www.retraiteenaction.ca\/club-de-velo\/wp-content\/uploads\/sites\/3\/2026\/02\/club-velo-1-scaled.png\"><img loading=\"lazy\" decoding=\"async\" class=\"aligncenter wp-image-11985 size-large\" src=\"https:\/\/www.retraiteenaction.ca\/club-de-velo\/wp-content\/uploads\/sites\/3\/2026\/02\/club-velo-1-1024x577.png\" alt=\"\" width=\"1024\" height=\"577\" srcset=\"https:\/\/www.retraiteenaction.ca\/club-de-velo\/wp-content\/uploads\/sites\/3\/2026\/02\/club-velo-1-1024x577.png 1024w, https:\/\/www.retraiteenaction.ca\/club-de-velo\/wp-content\/uploads\/sites\/3\/2026\/02\/club-velo-1-300x169.png 300w, https:\/\/www.retraiteenaction.ca\/club-de-velo\/wp-content\/uploads\/sites\/3\/2026\/02\/club-velo-1-768x433.png 768w, https:\/\/www.retraiteenaction.ca\/club-de-velo\/wp-content\/uploads\/sites\/3\/2026\/02\/club-velo-1-1536x865.png 1536w, https:\/\/www.retraiteenaction.ca\/club-de-velo\/wp-content\/uploads\/sites\/3\/2026\/02\/club-velo-1-2048x1153.png 2048w, https:\/\/www.retraiteenaction.ca\/club-de-velo\/wp-content\/uploads\/sites\/3\/2026\/02\/club-velo-1-624x351.png 624w\" sizes=\"auto, (max-width: 1024px) 100vw, 1024px\" \/><\/a><\/p>\n<div id=\"mtphr-dnt-11082\" class=\"mtphr-dnt mtphr-dnt-11082 mtphr-dnt-default mtphr-dnt-scroll mtphr-dnt-scroll-left\"><div class=\"mtphr-dnt-wrapper mtphr-dnt-clearfix\"><div class=\"mtphr-dnt-tick-container\"><div class=\"mtphr-dnt-tick-contents\"><div class=\"mtphr-dnt-tick mtphr-dnt-default-tick mtphr-dnt-clearfix \"><h3><span style=\"color: #000000\"><b><i>En selle du d\u00e9but mai jusqu&rsquo;\u00e0 la fin octobre&#8230;.Soyez au rendez-vous!<\/i><\/b><\/span><\/h3><\/div><\/div><\/div><\/div><\/div>\n<p>Retraite en action offre \u00e0 ses membres, via son Club de v\u00e9lo, des randonn\u00e9es guid\u00e9es dans la r\u00e9gion de la capitale nationale et aussi une gamme d\u2019information pratique sur l\u2019activit\u00e9 cycliste.<\/p>\n<style type=\"text\/css\">\n#foogallery-gallery-10673 .fg-image { width: 100px; }\n#foogallery-gallery-10673 { --fg-gutter: 10px; }<\/style>\n\t\t\t<div class=\"foogallery foogallery-container foogallery-default foogallery-lightbox-foobox fg-center fg-default fg-ready fg-light fg-border-thin fg-shadow-outline fg-loading-default fg-loaded-fade-in fg-caption-hover fg-hover-fade fg-hover-zoom\" id=\"foogallery-gallery-10673\" data-foogallery=\"{&quot;item&quot;:{&quot;showCaptionTitle&quot;:true,&quot;showCaptionDescription&quot;:true},&quot;lazy&quot;:true}\" style=\"--fg-title-line-clamp: 0; --fg-description-line-clamp: 0;\" >\n\t<div class=\"fg-item fg-type-image fg-idle\"><figure class=\"fg-item-inner\"><a href=\"https:\/\/www.retraiteenaction.ca\/club-de-velo\/wp-content\/uploads\/sites\/3\/2023\/10\/IMG_2841-scaled.jpg\" data-attachment-id=\"11670\" data-type=\"image\" class=\"fg-thumb\"><span class=\"fg-image-wrap\"><img decoding=\"async\" width=\"100\" height=\"100\" class=\"skip-lazy fg-image\" data-src-fg=\"https:\/\/www.retraiteenaction.ca\/club-de-velo\/wp-content\/uploads\/sites\/3\/cache\/2023\/10\/IMG_2841-scaled\/3072096039.jpg\" src=\"data:image\/svg+xml,%3Csvg%20xmlns%3D%22http%3A%2F%2Fwww.w3.org%2F2000%2Fsvg%22%20width%3D%22100%22%20height%3D%22100%22%20viewBox%3D%220%200%20100%20100%22%3E%3C%2Fsvg%3E\" loading=\"eager\"><\/span><span class=\"fg-image-overlay\"><\/span><\/a><\/figure><div class=\"fg-loader\"><\/div><\/div><div class=\"fg-item fg-type-image fg-idle\"><figure class=\"fg-item-inner\"><a href=\"https:\/\/www.retraiteenaction.ca\/club-de-velo\/wp-content\/uploads\/sites\/3\/2018\/10\/rockland_bourget.jpg\" data-attachment-id=\"11053\" data-type=\"image\" class=\"fg-thumb\"><span class=\"fg-image-wrap\"><img decoding=\"async\" width=\"100\" height=\"100\" class=\"skip-lazy fg-image\" data-src-fg=\"https:\/\/www.retraiteenaction.ca\/club-de-velo\/wp-content\/uploads\/sites\/3\/cache\/2018\/10\/rockland_bourget\/3775206285.jpg\" src=\"data:image\/svg+xml,%3Csvg%20xmlns%3D%22http%3A%2F%2Fwww.w3.org%2F2000%2Fsvg%22%20width%3D%22100%22%20height%3D%22100%22%20viewBox%3D%220%200%20100%20100%22%3E%3C%2Fsvg%3E\" loading=\"eager\"><\/span><span class=\"fg-image-overlay\"><\/span><\/a><\/figure><div class=\"fg-loader\"><\/div><\/div><div class=\"fg-item fg-type-image fg-idle\"><figure class=\"fg-item-inner\"><a href=\"https:\/\/www.retraiteenaction.ca\/club-de-velo\/wp-content\/uploads\/sites\/3\/2018\/07\/Velo-2018-2.jpeg\" data-attachment-id=\"11036\" data-type=\"image\" class=\"fg-thumb\"><span class=\"fg-image-wrap\"><img decoding=\"async\" width=\"100\" height=\"100\" class=\"skip-lazy fg-image\" data-src-fg=\"https:\/\/www.retraiteenaction.ca\/club-de-velo\/wp-content\/uploads\/sites\/3\/cache\/2018\/07\/Velo-2018-2\/1210830868.jpeg\" src=\"data:image\/svg+xml,%3Csvg%20xmlns%3D%22http%3A%2F%2Fwww.w3.org%2F2000%2Fsvg%22%20width%3D%22100%22%20height%3D%22100%22%20viewBox%3D%220%200%20100%20100%22%3E%3C%2Fsvg%3E\" loading=\"eager\"><\/span><span class=\"fg-image-overlay\"><\/span><\/a><\/figure><div class=\"fg-loader\"><\/div><\/div><div class=\"fg-item fg-type-image fg-idle\"><figure class=\"fg-item-inner\"><a href=\"https:\/\/www.retraiteenaction.ca\/club-de-velo\/wp-content\/uploads\/sites\/3\/2015\/07\/REA-v\u00e9lo-2015-13.jpeg\" data-attachment-id=\"9007\" data-type=\"image\" class=\"fg-thumb\"><span class=\"fg-image-wrap\"><img decoding=\"async\" width=\"100\" height=\"100\" class=\"skip-lazy fg-image\" data-src-fg=\"https:\/\/www.retraiteenaction.ca\/club-de-velo\/wp-content\/uploads\/sites\/3\/cache\/2015\/07\/REA-v\u00e9lo-2015-13\/2824591103.jpeg\" src=\"data:image\/svg+xml,%3Csvg%20xmlns%3D%22http%3A%2F%2Fwww.w3.org%2F2000%2Fsvg%22%20width%3D%22100%22%20height%3D%22100%22%20viewBox%3D%220%200%20100%20100%22%3E%3C%2Fsvg%3E\" loading=\"eager\"><\/span><span class=\"fg-image-overlay\"><\/span><\/a><\/figure><div class=\"fg-loader\"><\/div><\/div><div class=\"fg-item fg-type-image fg-idle\"><figure class=\"fg-item-inner\"><a href=\"https:\/\/www.retraiteenaction.ca\/club-de-velo\/wp-content\/uploads\/sites\/3\/2015\/07\/REA-v\u00e9lo-2015-6.jpeg\" data-attachment-id=\"9000\" data-type=\"image\" class=\"fg-thumb\"><span class=\"fg-image-wrap\"><img decoding=\"async\" width=\"100\" height=\"100\" class=\"skip-lazy fg-image\" data-src-fg=\"https:\/\/www.retraiteenaction.ca\/club-de-velo\/wp-content\/uploads\/sites\/3\/cache\/2015\/07\/REA-v\u00e9lo-2015-6\/1261330681.jpeg\" src=\"data:image\/svg+xml,%3Csvg%20xmlns%3D%22http%3A%2F%2Fwww.w3.org%2F2000%2Fsvg%22%20width%3D%22100%22%20height%3D%22100%22%20viewBox%3D%220%200%20100%20100%22%3E%3C%2Fsvg%3E\" loading=\"eager\"><\/span><span class=\"fg-image-overlay\"><\/span><\/a><\/figure><div class=\"fg-loader\"><\/div><\/div><div class=\"fg-item fg-type-image fg-idle\"><figure class=\"fg-item-inner\"><a href=\"https:\/\/www.retraiteenaction.ca\/club-de-velo\/wp-content\/uploads\/sites\/3\/2017\/12\/V\u00e9los.png\" data-attachment-id=\"10507\" data-type=\"image\" class=\"fg-thumb\"><span class=\"fg-image-wrap\"><img decoding=\"async\" width=\"100\" height=\"100\" class=\"skip-lazy fg-image\" data-src-fg=\"https:\/\/www.retraiteenaction.ca\/club-de-velo\/wp-content\/uploads\/sites\/3\/cache\/2017\/12\/V\u00e9los\/1204307338.png\" src=\"data:image\/svg+xml,%3Csvg%20xmlns%3D%22http%3A%2F%2Fwww.w3.org%2F2000%2Fsvg%22%20width%3D%22100%22%20height%3D%22100%22%20viewBox%3D%220%200%20100%20100%22%3E%3C%2Fsvg%3E\" loading=\"eager\"><\/span><span class=\"fg-image-overlay\"><\/span><\/a><\/figure><div class=\"fg-loader\"><\/div><\/div><div class=\"fg-item fg-type-image fg-idle\"><figure class=\"fg-item-inner\"><a href=\"https:\/\/www.retraiteenaction.ca\/club-de-velo\/wp-content\/uploads\/sites\/3\/2017\/12\/marc.png\" data-attachment-id=\"10505\" data-type=\"image\" class=\"fg-thumb\"><span class=\"fg-image-wrap\"><img decoding=\"async\" width=\"100\" height=\"100\" class=\"skip-lazy fg-image\" data-src-fg=\"https:\/\/www.retraiteenaction.ca\/club-de-velo\/wp-content\/uploads\/sites\/3\/cache\/2017\/12\/marc\/2190947908.png\" src=\"data:image\/svg+xml,%3Csvg%20xmlns%3D%22http%3A%2F%2Fwww.w3.org%2F2000%2Fsvg%22%20width%3D%22100%22%20height%3D%22100%22%20viewBox%3D%220%200%20100%20100%22%3E%3C%2Fsvg%3E\" loading=\"eager\"><\/span><span class=\"fg-image-overlay\"><\/span><\/a><\/figure><div class=\"fg-loader\"><\/div><\/div><div class=\"fg-item fg-type-image fg-idle\"><figure class=\"fg-item-inner\"><a href=\"https:\/\/www.retraiteenaction.ca\/club-de-velo\/wp-content\/uploads\/sites\/3\/2016\/10\/REA-Niagara-v\u00e9lo.png\" data-attachment-id=\"10098\" data-type=\"image\" class=\"fg-thumb\"><span class=\"fg-image-wrap\"><img decoding=\"async\" width=\"100\" height=\"100\" class=\"skip-lazy fg-image\" data-src-fg=\"https:\/\/www.retraiteenaction.ca\/club-de-velo\/wp-content\/uploads\/sites\/3\/cache\/2016\/10\/REA-Niagara-v\u00e9lo\/1004206255.png\" src=\"data:image\/svg+xml,%3Csvg%20xmlns%3D%22http%3A%2F%2Fwww.w3.org%2F2000%2Fsvg%22%20width%3D%22100%22%20height%3D%22100%22%20viewBox%3D%220%200%20100%20100%22%3E%3C%2Fsvg%3E\" loading=\"eager\"><\/span><span class=\"fg-image-overlay\"><\/span><\/a><\/figure><div class=\"fg-loader\"><\/div><\/div><\/div>\n\n<p style=\"text-align: center;\">Cliquer sur une photo pour lancer le diaporama<\/p>\n<p>Si vous voulez une activit\u00e9 cardio mais n\u2019aimez pas rouler sur la route, alors le groupe\u00a0<a href=\"https:\/\/www.retraiteenaction.ca\/club-de-velo\/velo-sur-pistes-cyclables\/\" target=\"_blank\" rel=\"noopener\" data-saferedirecturl=\"https:\/\/www.google.com\/url?q=https:\/\/www.retraiteenaction.ca\/club-de-velo\/velo-sur-pistes-cyclables\/&amp;source=gmail&amp;ust=1681490623641000&amp;usg=AOvVaw2xrAvxBaqXZ9LZze-6ElSP\"><strong>V\u00e9lo sur pistes cyclables<\/strong><\/a>, qui fait environ 40 \u00e0 50 km \u00e0 une vitesse de 17-20 km\/h, fera votre bonheur. Et, pour ceux et celles qui n\u2019ont pas froid aux yeux, ce sera le groupe\u00a0<a href=\"https:\/\/www.retraiteenaction.ca\/club-de-velo\/velo-3-plateaux\/\" target=\"_blank\" rel=\"noopener\" data-saferedirecturl=\"https:\/\/www.google.com\/url?q=https:\/\/www.retraiteenaction.ca\/club-de-velo\/velo-3-plateaux\/&amp;source=gmail&amp;ust=1681490623641000&amp;usg=AOvVaw0izTtDhj0pRJmNPsVHd1CE\"><strong>V\u00e9lo-Route<\/strong><\/a>, \u00e0 vitesses de croisi\u00e8res vari\u00e9es, avec des parcours de 50 \u00e0 80 km sur des routes de campagne.<\/p>\n<p>V\u00e9lo-Route offre plus de 50 parcours que vous pouvez consulter sur ce site. Nous mettons \u00e0 votre disposition un bel \u00e9ventail de randonn\u00e9es principalement \u00e0 l\u2019est mais aussi \u00e0 l\u2019ouest et au sud d\u2019Ottawa. Libre \u00e0 vous de choisir un <a href=\"https:\/\/www.retraiteenaction.ca\/club-de-velo\/velo-3-plateaux\/points-de-depart\/\" target=\"_blank\" rel=\"noopener noreferrer\">point de d\u00e9part<\/a>, tel que Plantagenet, Rockland, Embrun ou l\u2019\u00eele Bate, et d\u2019imprimer ou de t\u00e9l\u00e9charger le parcours qui vous convient.<\/p>\n<p>Peu importe votre niveau, vous avez l\u2019occasion de faire de superbes randonn\u00e9es guid\u00e9es, de d\u00e9couvrir de nouveaux endroits, ainsi que de vous mettre en forme. Venez d\u00e9couvrir avec nous les maintes pistes cyclables d\u2019Ottawa, le canal de Grenville, go\u00fbter le fromage T\u00eate \u00e0 Papineau \u00e0 Montebello, ou encore faire un pique-nique au domaine de Pinhey\u2019s Point&#8230;tout \u00e7a en tr\u00e8s bonne compagnie.<\/p>\n<p>Vous voulez en savoir plus sur la communaut\u00e9 cycliste de la r\u00e9gion ou sur l\u2019entretien et la r\u00e9paration des v\u00e9los, consultez nos <a href=\"https:\/\/www.retraiteenaction.ca\/club-de-velo\/velo-liens\/\" target=\"_blank\" rel=\"noopener noreferrer\">V\u00e9lo-liens<\/a> qui sauront vous surprendre agr\u00e9ablement. Si vous avez des r\u00e9cits de voyage \u00e0 v\u00e9lo, ce sera un plaisir de les publier ici et enfin, si vous avez une activit\u00e9 cycliste que vous voulez promouvoir, nous pourrions l\u2019inclure au calendrier.<\/p>\n<p><em>Le comit\u00e9 organisateur<\/em><\/p>\n","protected":false},"excerpt":{"rendered":"<p>Retraite en action offre \u00e0 ses membres, via son Club de v\u00e9lo, des randonn\u00e9es guid\u00e9es dans la r\u00e9gion de la capitale nationale et aussi une gamme d\u2019information pratique sur l\u2019activit\u00e9 cycliste. Cliquer sur une photo pour lancer le diaporama Si vous voulez une activit\u00e9 cardio mais n\u2019aimez pas rouler sur la route, alors le groupe\u00a0V\u00e9lo [&hellip;]<\/p>\n","protected":false},"author":5,"featured_media":0,"parent":0,"menu_order":5,"comment_status":"closed","ping_status":"closed","template":"","meta":{"_acf_changed":false,"_crdt_document":"","_monsterinsights_skip_tracking":false,"_monsterinsights_sitenote_active":false,"_monsterinsights_sitenote_note":"","_monsterinsights_sitenote_category":0,"_mc_calendar":[],"footnotes":""},"class_list":["post-1105","page","type-page","status-publish","hentry","has_thumb"],"acf":[],"aioseo_notices":[],"_links":{"self":[{"href":"https:\/\/www.retraiteenaction.ca\/club-de-velo\/wp-json\/wp\/v2\/pages\/1105","targetHints":{"allow":["GET"]}}],"collection":[{"href":"https:\/\/www.retraiteenaction.ca\/club-de-velo\/wp-json\/wp\/v2\/pages"}],"about":[{"href":"https:\/\/www.retraiteenaction.ca\/club-de-velo\/wp-json\/wp\/v2\/types\/page"}],"author":[{"embeddable":true,"href":"https:\/\/www.retraiteenaction.ca\/club-de-velo\/wp-json\/wp\/v2\/users\/5"}],"replies":[{"embeddable":true,"href":"https:\/\/www.retraiteenaction.ca\/club-de-velo\/wp-json\/wp\/v2\/comments?post=1105"}],"version-history":[{"count":47,"href":"https:\/\/www.retraiteenaction.ca\/club-de-velo\/wp-json\/wp\/v2\/pages\/1105\/revisions"}],"predecessor-version":[{"id":11986,"href":"https:\/\/www.retraiteenaction.ca\/club-de-velo\/wp-json\/wp\/v2\/pages\/1105\/revisions\/11986"}],"wp:attachment":[{"href":"https:\/\/www.retraiteenaction.ca\/club-de-velo\/wp-json\/wp\/v2\/media?parent=1105"}],"curies":[{"name":"wp","href":"https:\/\/api.w.org\/{rel}","templated":true}]}}