{"id":11430,"date":"2022-06-12T18:35:01","date_gmt":"2022-06-12T18:35:01","guid":{"rendered":"https:\/\/www.retraiteenaction.ca\/club-de-velo\/?page_id=11430"},"modified":"2023-09-09T13:49:30","modified_gmt":"2023-09-09T13:49:30","slug":"parcours","status":"publish","type":"page","link":"https:\/\/www.retraiteenaction.ca\/club-de-velo\/velo-sur-pistes-cyclables\/parcours\/","title":{"rendered":"Parcours"},"content":{"rendered":"<table style=\"width: 100%;\">\n<tbody>\n<tr>\n<td style=\"width: 30.2282%;\"><a href=\"https:\/\/www.retraiteenaction.ca\/club-de-velo\/wp-content\/uploads\/sites\/3\/2015\/09\/REA-velo-Quebec-13.jpg\"><img loading=\"lazy\" decoding=\"async\" class=\"alignnone wp-image-9401 size-medium\" src=\"https:\/\/www.retraiteenaction.ca\/club-de-velo\/wp-content\/uploads\/sites\/3\/2015\/09\/REA-velo-Quebec-13-300x225.jpg\" alt=\"\" width=\"300\" height=\"225\" srcset=\"https:\/\/www.retraiteenaction.ca\/club-de-velo\/wp-content\/uploads\/sites\/3\/2015\/09\/REA-velo-Quebec-13-300x225.jpg 300w, https:\/\/www.retraiteenaction.ca\/club-de-velo\/wp-content\/uploads\/sites\/3\/2015\/09\/REA-velo-Quebec-13-500x375.jpg 500w, https:\/\/www.retraiteenaction.ca\/club-de-velo\/wp-content\/uploads\/sites\/3\/2015\/09\/REA-velo-Quebec-13-640x480.jpg 640w, https:\/\/www.retraiteenaction.ca\/club-de-velo\/wp-content\/uploads\/sites\/3\/2015\/09\/REA-velo-Quebec-13-624x468.jpg 624w, https:\/\/www.retraiteenaction.ca\/club-de-velo\/wp-content\/uploads\/sites\/3\/2015\/09\/REA-velo-Quebec-13.jpg 816w\" sizes=\"auto, (max-width: 300px) 100vw, 300px\" \/><\/a><\/td>\n<td style=\"width: 38.5375%; text-align: center; vertical-align: middle;\">\n<h1><span style=\"color: #008080;\">V\u00e9lo sur pistes cyclables<\/span><\/h1>\n<h1><span style=\"color: #008080;\">Parcours<\/span><\/h1>\n<\/td>\n<td style=\"width: 27.2343%;\">\n<p style=\"text-align: center;\"><a href=\"https:\/\/www.retraiteenaction.ca\/club-de-velo\/wp-content\/uploads\/sites\/3\/2015\/09\/REA-velo-Quebec-13.jpg\"><img loading=\"lazy\" decoding=\"async\" class=\"alignnone wp-image-9401 size-medium\" src=\"https:\/\/www.retraiteenaction.ca\/club-de-velo\/wp-content\/uploads\/sites\/3\/2015\/09\/REA-velo-Quebec-13-300x225.jpg\" alt=\"\" width=\"300\" height=\"225\" srcset=\"https:\/\/www.retraiteenaction.ca\/club-de-velo\/wp-content\/uploads\/sites\/3\/2015\/09\/REA-velo-Quebec-13-300x225.jpg 300w, https:\/\/www.retraiteenaction.ca\/club-de-velo\/wp-content\/uploads\/sites\/3\/2015\/09\/REA-velo-Quebec-13-500x375.jpg 500w, https:\/\/www.retraiteenaction.ca\/club-de-velo\/wp-content\/uploads\/sites\/3\/2015\/09\/REA-velo-Quebec-13-640x480.jpg 640w, https:\/\/www.retraiteenaction.ca\/club-de-velo\/wp-content\/uploads\/sites\/3\/2015\/09\/REA-velo-Quebec-13-624x468.jpg 624w, https:\/\/www.retraiteenaction.ca\/club-de-velo\/wp-content\/uploads\/sites\/3\/2015\/09\/REA-velo-Quebec-13.jpg 816w\" sizes=\"auto, (max-width: 300px) 100vw, 300px\" \/><\/a><\/p>\n<\/td>\n<\/tr>\n<\/tbody>\n<\/table>\n<p>Vous trouverez sur cette page, une s\u00e9lection de parcours effectu\u00e9s par le groupe v\u00e9lo sur pistes cyclables. Ils vous sont pr\u00e9sent\u00e9s \u00e0 titre informatif. Ces parcours ne sont pas r\u00e9p\u00e9t\u00e9s \u00e0 dates pr\u00e9d\u00e9termin\u00e9es au cours de la saison mais al\u00e9atoirement selon les conditions du moment.<\/p>\n<p>De plus des changements dans les parcours pourraient \u00eatre apport\u00e9s au choix du chef de groupe.<\/p>\n<table style=\"border-collapse: collapse; width: 100%; height: 1327px;\">\n<tbody>\n<tr style=\"height: 28px;\">\n<td style=\"width: 45.6984%; text-align: center; height: 28px;\">PARCOURS<\/td>\n<td style=\"width: 20.9682%; text-align: center; height: 28px;\"><a href=\"https:\/\/www.retraiteenaction.ca\/club-de-velo\/wp-content\/uploads\/sites\/3\/2016\/07\/Ride-GPS-e1468167471209.png\"><img loading=\"lazy\" decoding=\"async\" class=\"alignnone wp-image-9997\" src=\"https:\/\/www.retraiteenaction.ca\/club-de-velo\/wp-content\/uploads\/sites\/3\/2016\/07\/Ride-GPS-e1468167471209.png\" alt=\"\" width=\"109\" height=\"22\" \/><\/a><\/td>\n<\/tr>\n<tr>\n<td style=\"width: 45.6984%;\"><strong>\u00a0<\/strong><\/td>\n<td style=\"width: 20.9682%;\"><\/td>\n<\/tr>\n<tr>\n<td style=\"width: 45.6984%;\"><strong>\u00a01 septembre : <\/strong>Stationnement P1, rue Sussex, canal Rideau est et ouest, ferme exp\u00e9rimentale, sentier longeant la route 416, et parc Andrew Haydon pour le lunch. Retour longeant la rivi\u00e8re des Outaouais. <strong>46,6km<\/strong><\/td>\n<td style=\"width: 20.9682%;\"><a href=\"https:\/\/ridewithgps.com\/trips\/133215896\" target=\"_blank\" rel=\"noopener\">Rue Sussex, canal Rideau, ferme exp\u00e9rimentale, Parc Haydon<\/a><\/td>\n<\/tr>\n<tr>\n<td style=\"width: 45.6984%;\"><strong>\u00a022 ao\u00fbt : S<\/strong>tationnement 4 de la promenade Sir George \u00c9tienne Cartier vers le sud de la ville en passant par le sentier de l&rsquo;a\u00e9roport et les jardins communautaires. <strong>41,1km<\/strong><\/td>\n<td style=\"width: 20.9682%;\"><a href=\"https:\/\/ridewithgps.com\/trips\/132193115\" target=\"_blank\" rel=\"noopener\">Sud de la ville, sentier a\u00e9roport, jardins communautaires<\/a><\/td>\n<\/tr>\n<tr>\n<td style=\"width: 45.6984%;\"><strong>\u00a017 ao\u00fbt : <\/strong>Stationnement P4 \u00e0 l&rsquo;\u00eele P\u00e9trie en passant par la Cit\u00e9 Coll\u00e9giale, le Conseil National de la Recherche et le quartier de Rothwell Heights. <strong>45km<\/strong><\/td>\n<td style=\"width: 20.9682%;\"><a href=\"https:\/\/ridewithgps.com\/trips\/131670777\" target=\"_blank\" rel=\"noopener\">\u00cele Petrie, Cit\u00e9 coll\u00e9giale, CNR, quartier Rothwell Heights<\/a><\/td>\n<\/tr>\n<tr>\n<td style=\"width: 45.6984%;\"><strong>14 ao\u00fbt : <\/strong>Stationnement P4, tennis ferme exp\u00e9rimentale, ruisseau Pinecrest Britannia et retour. <strong>47,2km<\/strong><\/td>\n<td style=\"width: 20.9682%;\"><a href=\"https:\/\/ridewithgps.com\/trips\/131356856\" target=\"_blank\" rel=\"noopener\">Ferme exp\u00e9rimental &#8211; Pinecrest Britannia<\/a><\/td>\n<\/tr>\n<tr style=\"height: 48px;\">\n<td style=\"width: 45.6984%; height: 48px;\"><strong>11 ao\u00fbt 2023 :<\/strong> Parcours depuis le stationnement P4, Sir G-\u00c9 Cartier \u00e0 St-\u00c9loi &#8211; Parc Gatineau &#8211; Moussette &#8211; Pont William Commanda et retour au stationnement P4<strong>. 39,9km<br \/>\n<\/strong><\/td>\n<td style=\"width: 20.9682%; height: 48px;\"><a href=\"https:\/\/ridewithgps.com\/trips\/131117509\" target=\"_blank\" rel=\"noopener\">St-\u00c9loi &#8211; Pont William Commanda<\/a><\/td>\n<\/tr>\n<tr style=\"height: 48px;\">\n<td style=\"width: 45.6984%; height: 48px;\"><strong>14 juillet 2023 : <\/strong>Parcours depuis le stationnement P4, Sir G-\u00c9 Cartier \u00e0 Pont MacDonald Cartier, St-\u00c9loi Parc de la Gatineau, parc Moussette retour \u00e0 stationnement P4. <strong>39,5km<\/strong><\/td>\n<td style=\"width: 20.9682%; height: 48px;\"><a href=\"https:\/\/ridewithgps.com\/trips\/127990968\" target=\"_blank\" rel=\"noopener\">St-\u00c9loi Parc de la Gatineau<\/a><\/td>\n<\/tr>\n<tr style=\"height: 48px;\">\n<td style=\"width: 45.6984%; height: 48px;\"><strong>20 juin 2023 : <\/strong>Parcours depuis le stationnement P4, Sir G-\u00c9 Cartier \u00e0 Pont MacDonald Cartier, parc Moussette au sentier du corridor Champlain, retour par le sentier des Allumetti\u00e8res. <strong>44,5km<\/strong><\/td>\n<td style=\"width: 20.9682%; height: 48px;\"><a href=\"https:\/\/ridewithgps.com\/trips\/125381911\" target=\"_blank\" rel=\"noopener\">Pont MacDonald Cartier, parc Moussette<\/a><\/td>\n<\/tr>\n<tr style=\"height: 24px;\">\n<td style=\"width: 45.6984%; height: 24px;\"><strong>30 mai 2023 : <\/strong>Parcours depuis le stationnement P4, Sir G-\u00c9 Cartier \u00e0 Parc de la Gatineau (avec Hilaire) <strong>41,4km<\/strong><\/td>\n<td style=\"width: 20.9682%; height: 24px;\"><a href=\"https:\/\/ridewithgps.com\/trips\/122921968\" target=\"_blank\" rel=\"noopener\">Parc de la Gatineau<\/a><\/td>\n<\/tr>\n<tr style=\"height: 24px;\">\n<td style=\"width: 45.6984%; height: 24px;\"><strong>30 mai 2023 : <\/strong>Parcours depuis le stationnement P4, Sir G-\u00c9 Cartier \u00e0 Parc de la Gatineau (avec Jean) <strong>37,8km<\/strong><\/td>\n<td style=\"width: 20.9682%; height: 24px;\"><a href=\"https:\/\/ridewithgps.com\/trips\/122903569\" target=\"_blank\" rel=\"noopener\">Parc de la Gatineau<\/a><\/td>\n<\/tr>\n<tr style=\"height: 24px;\">\n<td style=\"width: 45.6984%; height: 24px;\"><strong>26 mai 2023 : <\/strong>Parcours depuis le stationnement P4, Sir G-\u00c9 Cartier \u00e0 l&rsquo;Ile P\u00e9trie <strong>42,8km<\/strong><\/td>\n<td style=\"width: 20.9682%; height: 24px;\"><a href=\"https:\/\/ridewithgps.com\/trips\/122445928\" target=\"_blank\" rel=\"noopener\">Ile P\u00e9trie\u00a0<\/a><\/td>\n<\/tr>\n<tr style=\"height: 24px;\">\n<td style=\"width: 45.6984%; height: 24px;\"><strong>23 mai 2023 :<\/strong> Parcours depuis le stationnement P4, Sir G-\u00c9 Cartier, vers la marina d&rsquo;Aylmer <strong>46km<br \/>\n<\/strong><\/td>\n<td style=\"width: 20.9682%; height: 24px;\"><a href=\"https:\/\/ridewithgps.com\/trips\/122272831\" target=\"_blank\" rel=\"noopener\">Marina d&rsquo;Aylmer<\/a><\/td>\n<\/tr>\n<tr style=\"height: 71px;\">\n<td style=\"width: 45.6984%; height: 71px;\"><strong>19 mai 2023<\/strong> : Parcours depuis le stationnement P4, Sir G-\u00c9 Cartier, vers Mooney&rsquo;s Bay via rivi\u00e8re Rideau, South Keys, Jardins communautaires CHEO <strong>42km<\/strong><\/td>\n<td style=\"width: 20.9682%; height: 71px;\"><a href=\"https:\/\/ridewithgps.com\/trips\/121724859\" target=\"_blank\" rel=\"noopener\">Mooney&rsquo;s Bay via rivi\u00e8re Rideau, South Keys, Jardins communautaires CHEO<\/a><\/td>\n<\/tr>\n<tr style=\"height: 47px;\">\n<td style=\"width: 45.6984%; height: 47px;\"><strong>15 mai 2023 :<\/strong> Parcours depuis le stationnement P4, Sir G-\u00c9 Cartier, vers Parc Moussette, corridor Champlain, Parc Champlain <strong style=\"font-family: inherit; font-size: inherit;\">40,2km<\/strong><strong><br \/>\n<\/strong><\/td>\n<td style=\"width: 20.9682%; height: 47px;\"><a href=\"https:\/\/ridewithgps.com\/trips\/121724546\" target=\"_blank\" rel=\"noopener\">Parc Moussette, Parc Champlain<\/a><\/td>\n<\/tr>\n<tr style=\"height: 47px;\">\n<td style=\"width: 45.6984%; height: 47px;\"><strong>12 mai 2023 :<\/strong> Parcours depuis le stationnement P4, Sir G-\u00c9 Cartier, Lac Dow, Ferme exp\u00e9rimentale <strong>37,3km<\/strong><\/td>\n<td style=\"width: 20.9682%; height: 47px;\"><a href=\"https:\/\/ridewithgps.com\/trips\/121724161\" target=\"_blank\" rel=\"noopener\">Lac Dow, Ferme exp\u00e9rimentale<\/a><\/td>\n<\/tr>\n<tr style=\"height: 24px;\">\n<td style=\"width: 45.6984%; height: 24px;\"><strong>2 septembre 2022 :<\/strong>Parcours depuis le stationnement P4, St-\u00c9loi, Parc de la Gatineau en passant par le sentier de la rivi\u00e8re Gatineau et le sentier du lac Lemay <strong>53km<\/strong><\/td>\n<td style=\"width: 20.9682%; height: 24px;\"><a href=\"https:\/\/ridewithgps.com\/trips\/102250816\" target=\"_blank\" rel=\"noopener\">St-\u00c9loi, Parc de la Gatineau en passant par le sentier de la rivi\u00e8re Gatineau et le sentier du lac Lemay<\/a><\/td>\n<\/tr>\n<tr style=\"height: 24px;\">\n<td style=\"width: 45.6984%; height: 24px;\"><strong>20 ao\u00fbt 2022 :<\/strong>Parcours depuis le stationnement P4, Sir G-\u00c9 Cartier \u00e0 Rothwell Heights &#8211; \u00cele P\u00e9trie <strong>48,5km<\/strong><\/td>\n<td style=\"width: 20.9682%; height: 24px;\"><a href=\"https:\/\/ridewithgps.com\/routes\/40655102\" target=\"_blank\" rel=\"noopener\">Rothwell Heights &#8211; \u00cele P\u00e9trie<\/a><\/td>\n<\/tr>\n<tr style=\"height: 48px;\">\n<td style=\"width: 45.6984%; height: 48px;\"><strong>19 ao\u00fbt 2022 :<\/strong>Parcours depuis le stationnement P1, Sir G-\u00c9 Cartier \u00e0 Ferme exp\u00e9rimentale, Parc Andrew Hayden &#8211; retour par les 2 rives <strong>48,6km<\/strong><\/td>\n<td style=\"width: 20.9682%; height: 48px;\"><a href=\"https:\/\/ridewithgps.com\/routes\/40641640\" target=\"_blank\" rel=\"noopener\">Ferme exp\u00e9rimentale, Parc Andrew Hayden &#8211; retour par les 2 rives<\/a><\/td>\n<\/tr>\n<tr style=\"height: 48px;\">\n<td style=\"width: 45.6984%; height: 48px;\"><strong>19 ao\u00fbt 2022 :<\/strong>Parcours depuis le stationnement P4, Sir G-\u00c9 Cartier \u00e0 Moussette, Pont Champlain, O&rsquo;Train, Hog&rsquo;s Back, Rivi\u00e8re Rideau, Tennis <strong>38,3km<\/strong><\/td>\n<td style=\"width: 20.9682%; height: 48px;\"><a href=\"https:\/\/ridewithgps.com\/routes\/40641703\" target=\"_blank\" rel=\"noopener\">Moussette, Pont Champlain, O&rsquo;Train, Hog&rsquo;s Back, Rivi\u00e8re Rideau, Tennis<\/a><\/td>\n<\/tr>\n<tr style=\"height: 24px;\">\n<td style=\"width: 45.6984%; height: 24px;\"><strong>29 juillet 2022 : <\/strong>Parcours depuis le stationnement P4, Lac Dow, Ferme exp\u00e9rimentale, Pinecrest, Britannia <strong>43,6km<\/strong><\/td>\n<td style=\"width: 20.9682%; height: 24px;\"><a href=\"https:\/\/ridewithgps.com\/routes\/40396571\" target=\"_blank\" rel=\"noopener\">Lac Dow, Ferme exp\u00e9rimentale, Pinecrest, Britannia<\/a><\/td>\n<\/tr>\n<tr style=\"height: 24px;\">\n<td style=\"width: 45.6984%; height: 24px;\"><strong>27 juillet 2022 : <\/strong>Parcours depuis le stationnement P4, Sir G-\u00c9 Cartier \u00e0 St-\u00c9loi &#8211; \u00cele Bates et retour par les deux rives <strong>44,2km<\/strong><\/td>\n<td style=\"width: 20.9682%; height: 24px;\"><a href=\"https:\/\/ridewithgps.com\/routes\/40354539\" target=\"_blank\" rel=\"noopener\"> St-\u00c9loi &#8211; \u00cele Bates<\/a><\/td>\n<\/tr>\n<tr style=\"height: 24px;\">\n<td style=\"width: 45.6984%; height: 24px;\"><strong>22 juillet 2022 : <\/strong>Parcours depuis le stationnement P4, Sir G-\u00c9 Cartier \u00e0 \u00cele-P\u00e9trie A\/R direct, <strong>37,6km<\/strong><\/td>\n<td style=\"width: 20.9682%; height: 24px;\"><a href=\"https:\/\/ridewithgps.com\/routes\/40295156\" target=\"_blank\" rel=\"noopener\">\u00cele-P\u00e9trie A\/R direct<\/a><\/td>\n<\/tr>\n<tr style=\"height: 24px;\">\n<td style=\"width: 45.6984%; height: 24px;\"><strong>20 juillet 2022 : <\/strong>Parcours depuis le stationnement P4, Sir G-\u00c9 Cartier \u00e0 Marina d&rsquo;Aylmer presque sans d\u00e9tour <strong>45,3km<\/strong><\/td>\n<td style=\"width: 20.9682%; height: 24px;\"><a href=\"https:\/\/ridewithgps.com\/routes\/40266237\" target=\"_blank\" rel=\"noopener\">Marina d&rsquo;Aylmer<\/a><\/td>\n<\/tr>\n<tr style=\"height: 56px;\">\n<td style=\"width: 45.6984%; height: 56px;\">\n<p class=\"editTitle_34eUM\"><strong>15 juillet 2022 : <\/strong>Parc Britania \u00e0 Black Rapid <strong>39,6km<\/strong><\/p>\n<\/td>\n<td style=\"width: 20.9682%; height: 56px;\"><a href=\"https:\/\/ridewithgps.com\/routes\/40208006\" target=\"_blank\" rel=\"noopener\">Parc Britania \u00e0 Black Rapid<\/a><\/td>\n<\/tr>\n<tr style=\"height: 56px;\">\n<td style=\"width: 45.6984%; height: 56px;\">\n<p class=\"editTitle_34eUM\"><strong>11 juillet 2022 : <\/strong>Parcours depuis le stationnement P4, Sir G-\u00c9 Cartier \u00e0 sud d&rsquo;Ottawa <strong>42,8km<\/strong><\/p>\n<\/td>\n<td style=\"width: 20.9682%; height: 56px;\"><a href=\"https:\/\/ridewithgps.com\/routes\/40156962\" target=\"_blank\" rel=\"noopener\">Sud d&rsquo;Ottawa<\/a><\/td>\n<\/tr>\n<tr style=\"height: 56px;\">\n<td style=\"width: 45.6984%; height: 56px;\">\n<p class=\"editTitle_34eUM\"><strong>9 juillet 2022 : <\/strong>Parc Andrew Hayden vers Kanata <strong>42,1km<\/strong><\/p>\n<\/td>\n<td style=\"width: 20.9682%; height: 56px;\"><a href=\"https:\/\/ridewithgps.com\/trips\/96167697\" target=\"_blank\" rel=\"noopener\">Parc Andrew Hayden vers Kanata<\/a><\/td>\n<\/tr>\n<tr style=\"height: 80px;\">\n<td style=\"width: 45.6984%; height: 80px;\">\n<p class=\"editTitle_34eUM\"><strong>6 juillet 2022 : <\/strong>Parcours depuis le stationnement P4, Sir G-\u00c9 Cartier \u00e0 Parc de la Gatineau via Lac Leamy et retour via Parc Moussette <strong>39,2km<\/strong><\/p>\n<\/td>\n<td style=\"width: 20.9682%; height: 80px;\"><a href=\"https:\/\/ridewithgps.com\/trips\/96167630\" target=\"_blank\" rel=\"noopener\">Parc de la Gatineau via Lac Leamy et retour via Parc Moussette<\/a><\/td>\n<\/tr>\n<tr style=\"height: 56px;\">\n<td style=\"width: 45.6984%; height: 56px;\">\n<p class=\"editTitle_34eUM\"><strong>\u00a028 juin2022 : <\/strong>Parcours depuis le stationnement P4, Sir G-\u00c9 Cartier \u00e0 South Keys. <strong>47,9km<\/strong><\/p>\n<\/td>\n<td style=\"width: 20.9682%; height: 56px;\"><a href=\"https:\/\/ridewithgps.com\/trips\/94931214\" target=\"_blank\" rel=\"noopener\">Parcours Promenade G.\u00c9.Cartier \u00e0 South Keys<\/a><\/td>\n<\/tr>\n<tr style=\"height: 56px;\">\n<td style=\"width: 45.6984%; height: 56px;\">\n<p class=\"editTitle_34eUM\"><strong>\u00a024 juin2022 : <\/strong>Parcours depuis le stationnement P4, Sir G-\u00c9 Cartier &#8211;\u00a0 Pinecrest Britannia via Sussex, Rivi\u00e8re Rideau Tennis, Lac Dow, Ferme Exp\u00e9rimentale, Pinecrest, Britannia, Chaudi\u00e8re, pont MacDonald-Cartier. <strong>46.7km<\/strong><\/p>\n<\/td>\n<td style=\"width: 20.9682%; height: 56px;\"><a href=\"https:\/\/ridewithgps.com\/trips\/94469320\" target=\"_blank\" rel=\"noopener\">Parcours Pinecrest Britannia via Sussex<\/a><\/td>\n<\/tr>\n<tr style=\"height: 80px;\">\n<td style=\"width: 45.6984%; height: 80px;\">\n<p class=\"editTitle_34eUM\"><strong> 17 juin2022 : <\/strong>Parcours depuis le stationnement P4 &#8211; Aylmer parc des C\u00e8dres, via Sussex, pont Cartier-MacDonald, Mus\u00e9e de l&rsquo;Histoire, Parc Moussette, marina d&rsquo;Aylmer. <strong>45.9km<\/strong><\/p>\n<\/td>\n<td style=\"width: 20.9682%; height: 80px;\"><a href=\"https:\/\/ridewithgps.com\/trips\/94474153\" target=\"_blank\" rel=\"noopener\">Parcours Aylmer parc des c\u00e8dres<\/a><\/td>\n<\/tr>\n<tr style=\"height: 56px;\">\n<td style=\"width: 45.6984%; height: 56px;\">\n<p class=\"editTitle_34eUM\"><strong> 14 juin2022 : <\/strong>Parcours depuis le stationnement P4, Sir G-\u00c9 Cartier (SGEC) vers \u00cele-P\u00e9trie, via CNRC, Rothwell Heights, Beacon Hill North &#8211; <strong>44km<\/strong><\/p>\n<\/td>\n<td style=\"width: 20.9682%; height: 56px;\"><a href=\"https:\/\/ridewithgps.com\/trips\/94473661\" target=\"_blank\" rel=\"noopener\">Parcours Promenade G.E. Cartier vers \u00cele-P\u00e9trie<\/a><\/td>\n<\/tr>\n<tr style=\"height: 102px;\">\n<td style=\"width: 45.6984%; height: 102px;\"><strong> 8 juin2022 : <\/strong>Parcours aller-retour depuis le stationnement P4 sur la promenade G-\u00c9-Cartier s&rsquo;est rendu au sud d&rsquo;Ottawa \u00e0 proximit\u00e9 du centre d&rsquo;achats South Keys &#8211; <strong>43km<\/strong><\/td>\n<td style=\"width: 20.9682%; height: 102px;\"><a href=\"https:\/\/ridewithgps.com\/trips\/94354020\" target=\"_blank\" rel=\"noopener\">Parcours Promenage G.E. Cartier &#8211; South Keys<\/a><strong class=\"gpxv-file\"><br \/>\n<\/strong><\/td>\n<\/tr>\n<tr style=\"height: 56px;\">\n<td style=\"width: 45.6984%; height: 56px;\">\n<p class=\"editTitle_34eUM\"><strong>3 juin2022 : <\/strong>Parcours depuis le stationnement P1 &#8211; via Lac Leamy- Parc Moussette-Parc Champlain &#8211; <strong>40.3 km<\/strong><\/p>\n<\/td>\n<td style=\"width: 20.9682%; height: 56px;\"><a href=\"https:\/\/ridewithgps.com\/routes\/39935898\" target=\"_blank\" rel=\"noopener\">Parcours Lac Leamy Parc Moussette<\/a><\/td>\n<\/tr>\n<\/tbody>\n<\/table>\n","protected":false},"excerpt":{"rendered":"<p>V\u00e9lo sur pistes cyclables Parcours Vous trouverez sur cette page, une s\u00e9lection de parcours effectu\u00e9s par le groupe v\u00e9lo sur pistes cyclables. Ils vous sont pr\u00e9sent\u00e9s \u00e0 titre informatif. Ces parcours ne sont pas r\u00e9p\u00e9t\u00e9s \u00e0 dates pr\u00e9d\u00e9termin\u00e9es au cours de la saison mais al\u00e9atoirement selon les conditions du moment. De plus des changements dans [&hellip;]<\/p>\n","protected":false},"author":6,"featured_media":0,"parent":1266,"menu_order":0,"comment_status":"closed","ping_status":"closed","template":"","meta":{"_acf_changed":false,"_crdt_document":"","_monsterinsights_skip_tracking":false,"_monsterinsights_sitenote_active":false,"_monsterinsights_sitenote_note":"","_monsterinsights_sitenote_category":0,"_mc_calendar":[],"footnotes":""},"class_list":["post-11430","page","type-page","status-publish","hentry","has_thumb"],"acf":[],"aioseo_notices":[],"_links":{"self":[{"href":"https:\/\/www.retraiteenaction.ca\/club-de-velo\/wp-json\/wp\/v2\/pages\/11430","targetHints":{"allow":["GET"]}}],"collection":[{"href":"https:\/\/www.retraiteenaction.ca\/club-de-velo\/wp-json\/wp\/v2\/pages"}],"about":[{"href":"https:\/\/www.retraiteenaction.ca\/club-de-velo\/wp-json\/wp\/v2\/types\/page"}],"author":[{"embeddable":true,"href":"https:\/\/www.retraiteenaction.ca\/club-de-velo\/wp-json\/wp\/v2\/users\/6"}],"replies":[{"embeddable":true,"href":"https:\/\/www.retraiteenaction.ca\/club-de-velo\/wp-json\/wp\/v2\/comments?post=11430"}],"version-history":[{"count":49,"href":"https:\/\/www.retraiteenaction.ca\/club-de-velo\/wp-json\/wp\/v2\/pages\/11430\/revisions"}],"predecessor-version":[{"id":11650,"href":"https:\/\/www.retraiteenaction.ca\/club-de-velo\/wp-json\/wp\/v2\/pages\/11430\/revisions\/11650"}],"up":[{"embeddable":true,"href":"https:\/\/www.retraiteenaction.ca\/club-de-velo\/wp-json\/wp\/v2\/pages\/1266"}],"wp:attachment":[{"href":"https:\/\/www.retraiteenaction.ca\/club-de-velo\/wp-json\/wp\/v2\/media?parent=11430"}],"curies":[{"name":"wp","href":"https:\/\/api.w.org\/{rel}","templated":true}]}}