{"id":14,"date":"2011-04-08T19:00:53","date_gmt":"2011-04-08T23:00:53","guid":{"rendered":"http:\/\/retraiteenaction.ca\/informatique\/?page_id=14"},"modified":"2026-02-05T14:01:34","modified_gmt":"2026-02-05T19:01:34","slug":"groupes-informatiques-gi","status":"publish","type":"page","link":"https:\/\/www.retraiteenaction.ca\/club-informatique\/","title":{"rendered":"Club informatique"},"content":{"rendered":"<div>\n<p><a href=\"https:\/\/www.retraiteenaction.ca\/club-informatique\/wp-content\/uploads\/sites\/4\/2026\/02\/informatique-accueil2-1-scaled.png\"><img loading=\"lazy\" decoding=\"async\" class=\"aligncenter wp-image-4836 size-large\" src=\"https:\/\/www.retraiteenaction.ca\/club-informatique\/wp-content\/uploads\/sites\/4\/2026\/02\/informatique-accueil2-1-1024x579.png\" alt=\"\" width=\"1024\" height=\"579\" srcset=\"https:\/\/www.retraiteenaction.ca\/club-informatique\/wp-content\/uploads\/sites\/4\/2026\/02\/informatique-accueil2-1-1024x579.png 1024w, https:\/\/www.retraiteenaction.ca\/club-informatique\/wp-content\/uploads\/sites\/4\/2026\/02\/informatique-accueil2-1-300x170.png 300w, https:\/\/www.retraiteenaction.ca\/club-informatique\/wp-content\/uploads\/sites\/4\/2026\/02\/informatique-accueil2-1-768x434.png 768w, https:\/\/www.retraiteenaction.ca\/club-informatique\/wp-content\/uploads\/sites\/4\/2026\/02\/informatique-accueil2-1-1536x869.png 1536w, https:\/\/www.retraiteenaction.ca\/club-informatique\/wp-content\/uploads\/sites\/4\/2026\/02\/informatique-accueil2-1-2048x1158.png 2048w, https:\/\/www.retraiteenaction.ca\/club-informatique\/wp-content\/uploads\/sites\/4\/2026\/02\/informatique-accueil2-1-624x353.png 624w\" sizes=\"auto, (max-width: 1024px) 100vw, 1024px\" \/><\/a><\/p>\n<p>L\u2019informatique \u00e0 Retraite en Action c\u2019est \u2014 entre autres \u2014 un club informatique compos\u00e9 de trois groupes anim\u00e9s par des animateurs chevronn\u00e9s et membres de REA :<\/p>\n<ul>\n<li><a href=\"http:\/\/www.retraiteenaction.ca\/club-informatique\/groupes-informatiques-gi\/groupe-gadgets-ios-dapple\/\" target=\"_blank\" rel=\"noopener noreferrer\">les iGadgets iOS d\u2019Apple<\/a><\/li>\n<li><a href=\"http:\/\/www.retraiteenaction.ca\/club-informatique\/groupes-informatiques-gi\/groupe-mac-cafe\/\" target=\"_blank\" rel=\"noopener noreferrer\">le groupe Mac<\/a><\/li>\n<li><a href=\"http:\/\/www.retraiteenaction.ca\/club-informatique\/groupes-informatiques-gi\/groupe-cafe-informatique\/\" target=\"_blank\" rel=\"noopener noreferrer\">le groupe Caf\u00e9 technologique<\/a><\/li>\n<\/ul>\n<style type=\"text\/css\">\n#foogallery-gallery-2936 .fg-image { width: 100px; }\n#foogallery-gallery-2936 { --fg-gutter: 10px; }<\/style>\n\t\t\t<div class=\"foogallery foogallery-container foogallery-default foogallery-lightbox-foobox fg-center fg-default fg-ready fg-light fg-border-thin fg-shadow-outline fg-loading-default fg-loaded-fade-in fg-caption-hover fg-hover-fade fg-hover-zoom\" id=\"foogallery-gallery-2936\" data-foogallery=\"{&quot;item&quot;:{&quot;showCaptionTitle&quot;:true,&quot;showCaptionDescription&quot;:true},&quot;lazy&quot;:true}\" style=\"--fg-title-line-clamp: 0; --fg-description-line-clamp: 0;\" >\n\t<div class=\"fg-item fg-type-image fg-idle\"><figure class=\"fg-item-inner\"><a href=\"https:\/\/www.retraiteenaction.ca\/club-informatique\/wp-content\/uploads\/sites\/4\/2012\/11\/IMG_5828.jpg\" data-caption-desc=\"http:\/\/www.retraiteenaction.ca\/club-informatique\/wp-content\/uploads\/sites\/4\/2012\/11\/IMG_5828.jpg\" data-attachment-id=\"663\" data-type=\"image\" class=\"fg-thumb\"><span class=\"fg-image-wrap\"><img decoding=\"async\" width=\"100\" height=\"100\" class=\"skip-lazy fg-image\" data-src-fg=\"https:\/\/www.retraiteenaction.ca\/club-informatique\/wp-content\/uploads\/sites\/4\/cache\/2012\/11\/IMG_5828\/2565546818.jpg\" src=\"data:image\/svg+xml,%3Csvg%20xmlns%3D%22http%3A%2F%2Fwww.w3.org%2F2000%2Fsvg%22%20width%3D%22100%22%20height%3D%22100%22%20viewBox%3D%220%200%20100%20100%22%3E%3C%2Fsvg%3E\" loading=\"eager\"><\/span><span class=\"fg-image-overlay\"><\/span><\/a><figcaption class=\"fg-caption\"><div class=\"fg-caption-inner\"><div class=\"fg-caption-desc\">http:\/\/www.retraiteenaction.ca\/club-informatique\/wp-content\/uploads\/sites\/4\/2012\/11\/IMG_5828.jpg<\/div><\/div><\/figcaption><\/figure><div class=\"fg-loader\"><\/div><\/div><div class=\"fg-item fg-type-image fg-idle\"><figure class=\"fg-item-inner\"><a href=\"https:\/\/www.retraiteenaction.ca\/club-informatique\/wp-content\/uploads\/sites\/4\/2012\/04\/IMG_6741-Custom.jpg\" data-caption-desc=\"http:\/\/www.retraiteenaction.ca\/club-informatique\/wp-content\/uploads\/sites\/4\/2012\/04\/IMG_6741-Custom.jpg\" data-attachment-id=\"511\" data-type=\"image\" class=\"fg-thumb\"><span class=\"fg-image-wrap\"><img decoding=\"async\" width=\"100\" height=\"100\" class=\"skip-lazy fg-image\" data-src-fg=\"https:\/\/www.retraiteenaction.ca\/club-informatique\/wp-content\/uploads\/sites\/4\/cache\/2012\/04\/IMG_6741-Custom\/1782770193.jpg\" src=\"data:image\/svg+xml,%3Csvg%20xmlns%3D%22http%3A%2F%2Fwww.w3.org%2F2000%2Fsvg%22%20width%3D%22100%22%20height%3D%22100%22%20viewBox%3D%220%200%20100%20100%22%3E%3C%2Fsvg%3E\" loading=\"eager\"><\/span><span class=\"fg-image-overlay\"><\/span><\/a><figcaption class=\"fg-caption\"><div class=\"fg-caption-inner\"><div class=\"fg-caption-desc\">http:\/\/www.retraiteenaction.ca\/club-informatique\/wp-content\/uploads\/sites\/4\/2012\/04\/IMG_6741-Custom.jpg<\/div><\/div><\/figcaption><\/figure><div class=\"fg-loader\"><\/div><\/div><\/div>\n\n<p style=\"text-align: center;\">Cliquer sur une photo pour afficher le diaporama<\/p>\n<p><strong>Notre but : <\/strong>\u00abMettre l\u2019informatique \u00e0 notre service et rester branch\u00e9 avec nos proches et sur le monde.\u00bb<\/p>\n<p><strong>Nos objectifs :<\/strong><\/p>\n<ul>\n<li>favoriser l\u2019\u00e9change et le partage des connaissances en mati\u00e8re d\u2019ordinateur personnel,<\/li>\n<li>promouvoir l\u2019informatique au sein de REA,<\/li>\n<li>pr\u00e9venir la fracture num\u00e9rique et combler les foss\u00e9s g\u00e9n\u00e9rationnel, social et culturel par l\u2019informatique<\/li>\n<li>favoriser la communication afin de lutter contre l\u2019isolement des retrait\u00e9s, et<\/li>\n<li>offrir un service de d\u00e9pannage et de \u00abcoaching\u00bb aux membres de REA.<\/li>\n<\/ul>\n<p><strong>Nos activit\u00e9s :<\/strong><\/p>\n<ul>\n<li>ateliers de d\u00e9monstration<\/li>\n<li>s\u00e9ances d\u2019information<\/li>\n<li>conf\u00e9rences d\u2019experts<\/li>\n<li>\u00e9quipe de d\u00e9pannage et de \u00abcoaching\u00bb<\/li>\n<li>mise en \u0153uvre d\u2019une communaut\u00e9 virtuelle via le web.<\/li>\n<\/ul>\n<p><strong>Le programme de nos rencontres couvre les th\u00e8mes suivants :<\/strong><\/p>\n<ul>\n<li>l\u2019Internet et le Web<\/li>\n<li>la communication par ordinateur et par tablette \u00e9lectronique, y compris la t\u00e9l\u00e9phonie audio-visuelle<\/li>\n<li>les applications logicielles<\/li>\n<li>le courrier \u00e9lectronique<\/li>\n<li>le traitement des images et les diaporamas<\/li>\n<li>la s\u00e9curit\u00e9 et le stockage des donn\u00e9es<\/li>\n<li>les nouveaut\u00e9s, trucs et astuces<\/li>\n<li>la maintenance pour le bon fonctionnement d&rsquo;un syst\u00e8me informatique<\/li>\n<li>comment naviguer sur les sites Web de REA dont le magazine et l\u2019intranet.<\/li>\n<\/ul>\n<\/div>\n","protected":false},"excerpt":{"rendered":"<p>L\u2019informatique \u00e0 Retraite en Action c\u2019est \u2014 entre autres \u2014 un club informatique compos\u00e9 de trois groupes anim\u00e9s par des animateurs chevronn\u00e9s et membres de REA : les iGadgets iOS d\u2019Apple le groupe Mac le groupe Caf\u00e9 technologique Cliquer sur une photo pour afficher le diaporama Notre but : \u00abMettre l\u2019informatique \u00e0 notre service et [&hellip;]<\/p>\n","protected":false},"author":23,"featured_media":0,"parent":0,"menu_order":3,"comment_status":"closed","ping_status":"closed","template":"","meta":{"_acf_changed":false,"_crdt_document":"","_monsterinsights_skip_tracking":false,"_monsterinsights_sitenote_active":false,"_monsterinsights_sitenote_note":"","_monsterinsights_sitenote_category":0,"_mc_calendar":[],"footnotes":""},"class_list":["post-14","page","type-page","status-publish","hentry","has_thumb"],"acf":[],"aioseo_notices":[],"_links":{"self":[{"href":"https:\/\/www.retraiteenaction.ca\/club-informatique\/wp-json\/wp\/v2\/pages\/14","targetHints":{"allow":["GET"]}}],"collection":[{"href":"https:\/\/www.retraiteenaction.ca\/club-informatique\/wp-json\/wp\/v2\/pages"}],"about":[{"href":"https:\/\/www.retraiteenaction.ca\/club-informatique\/wp-json\/wp\/v2\/types\/page"}],"author":[{"embeddable":true,"href":"https:\/\/www.retraiteenaction.ca\/club-informatique\/wp-json\/wp\/v2\/users\/23"}],"replies":[{"embeddable":true,"href":"https:\/\/www.retraiteenaction.ca\/club-informatique\/wp-json\/wp\/v2\/comments?post=14"}],"version-history":[{"count":41,"href":"https:\/\/www.retraiteenaction.ca\/club-informatique\/wp-json\/wp\/v2\/pages\/14\/revisions"}],"predecessor-version":[{"id":4837,"href":"https:\/\/www.retraiteenaction.ca\/club-informatique\/wp-json\/wp\/v2\/pages\/14\/revisions\/4837"}],"wp:attachment":[{"href":"https:\/\/www.retraiteenaction.ca\/club-informatique\/wp-json\/wp\/v2\/media?parent=14"}],"curies":[{"name":"wp","href":"https:\/\/api.w.org\/{rel}","templated":true}]}}