{"id":960,"date":"2013-08-29T17:04:32","date_gmt":"2013-08-29T21:04:32","guid":{"rendered":"http:\/\/retraiteenaction.ca\/informatique\/?page_id=960"},"modified":"2024-10-17T13:15:58","modified_gmt":"2024-10-17T17:15:58","slug":"groupe-gadgets-ios-dapple","status":"publish","type":"page","link":"https:\/\/www.retraiteenaction.ca\/club-informatique\/groupes-informatiques-gi\/groupe-gadgets-ios-dapple\/","title":{"rendered":"Groupe Gadgets iOS d\u2019Apple"},"content":{"rendered":"<table class=\" aligncenter\" style=\"width: 100%;\">\n<tbody>\n<tr>\n<td style=\"width: 188.95px; text-align: center; vertical-align: middle;\"><a href=\"http:\/\/www.retraiteenaction.ca\/club-informatique\/wp-content\/uploads\/sites\/4\/2016\/08\/ios-devices-2.jpg\"><img loading=\"lazy\" decoding=\"async\" class=\"size-full wp-image-2676 alignleft\" src=\"http:\/\/www.retraiteenaction.ca\/club-informatique\/wp-content\/uploads\/sites\/4\/2016\/08\/ios-devices-2.jpg\" alt=\"ios-devices-2\" width=\"512\" height=\"280\" srcset=\"https:\/\/www.retraiteenaction.ca\/club-informatique\/wp-content\/uploads\/sites\/4\/2016\/08\/ios-devices-2.jpg 512w, https:\/\/www.retraiteenaction.ca\/club-informatique\/wp-content\/uploads\/sites\/4\/2016\/08\/ios-devices-2-300x164.jpg 300w, https:\/\/www.retraiteenaction.ca\/club-informatique\/wp-content\/uploads\/sites\/4\/2016\/08\/ios-devices-2-500x273.jpg 500w\" sizes=\"auto, (max-width: 512px) 100vw, 512px\" \/><\/a><\/td>\n<td style=\"width: 286.05px; text-align: center; vertical-align: middle;\">\n<h2><span style=\"color: #008080;\"><strong>Groupe Gadgets iOS d&rsquo;Apple<br \/>\n<\/strong><\/span><\/h2>\n<\/td>\n<td style=\"width: 194px; text-align: center; vertical-align: middle;\"><a href=\"http:\/\/www.retraiteenaction.ca\/club-informatique\/wp-content\/uploads\/sites\/4\/2016\/08\/ios-devices-2.jpg\"><img loading=\"lazy\" decoding=\"async\" class=\"size-full wp-image-2676 alignright\" src=\"http:\/\/www.retraiteenaction.ca\/club-informatique\/wp-content\/uploads\/sites\/4\/2016\/08\/ios-devices-2.jpg\" alt=\"ios-devices-2\" width=\"512\" height=\"280\" srcset=\"https:\/\/www.retraiteenaction.ca\/club-informatique\/wp-content\/uploads\/sites\/4\/2016\/08\/ios-devices-2.jpg 512w, https:\/\/www.retraiteenaction.ca\/club-informatique\/wp-content\/uploads\/sites\/4\/2016\/08\/ios-devices-2-300x164.jpg 300w, https:\/\/www.retraiteenaction.ca\/club-informatique\/wp-content\/uploads\/sites\/4\/2016\/08\/ios-devices-2-500x273.jpg 500w\" sizes=\"auto, (max-width: 512px) 100vw, 512px\" \/><\/a><\/td>\n<\/tr>\n<\/tbody>\n<\/table>\n<p>Avec Raymond Pelletier et Jean-Paul LeBlanc, pr\u00e9sentateurs\/d\u00e9panneurs b\u00e9n\u00e9voles et membres de REA.<\/p>\n<p>Les appareils portables sont de plus en plus populaires. Apple offre une gamme de produits (iPhone, iPad, iPod, Apple TV et Apple watch) qu\u2019on peut appeler iGadgets. Pour se tenir au courant de tous les changements apport\u00e9s \u00e0 ces Gadgets fascinants, ce groupe se penche sur ces appareils et leurs applications. Ce sont leurs nombreuses applications qui rendent ces appareils si polyvalents. Lors des pr\u00e9sentations, les participants et participantes peuvent poser des questions et partager leurs exp\u00e9riences et leurs applications pr\u00e9f\u00e9r\u00e9es avec le groupe.<\/p>\n<p>Les sujets trait\u00e9s, qui s\u2019appliquent de fa\u00e7on g\u00e9n\u00e9rale \u00e0 tous ces appareils, sont :<\/p>\n<ul>\n<li>Le r\u00e9glage des param\u00e8tres<\/li>\n<li>\u00a0Les fonctions de base<\/li>\n<li>La cam\u00e9ra et la fa\u00e7on de g\u00e9rer les photos<\/li>\n<li>La communication avec Facetime, Webex, Zoom, Teams, Skype, etc&#8230;<\/li>\n<li>La synchronisation avec votre ordinateur Mac ou PC<\/li>\n<li>Les plus r\u00e9cents syst\u00e8mes d\u2019exploitation \u00a0iOS 15, iPadOS 15, tvOS 15, watchOS 8<\/li>\n<li>La sauvegarde et iCloud<\/li>\n<li>Les applications iBooks, TV, Musique, iTunes U et Balados (Podcasts)<\/li>\n<li>Les cartes et GPS<\/li>\n<li>Les boutiques App Store et iTunes Store<\/li>\n<\/ul>\n<p>Les pr\u00e9sentations sont disponibles en cliquant sur l&rsquo;onglet \u00ab\u00a0T\u00e9l\u00e9chargements\u00a0\u00bb, situ\u00e9 au haut de cette page, sous le menu du groupe iOS Gadgets ou en <a href=\"https:\/\/www.retraiteenaction.ca\/club-informatique\/3-telechargements-groupe-gadgets-ios\/\" target=\"_blank\" rel=\"noopener\">cliquant ici<\/a>.<\/p>\n","protected":false},"excerpt":{"rendered":"<p>Groupe Gadgets iOS d&rsquo;Apple Avec Raymond Pelletier et Jean-Paul LeBlanc, pr\u00e9sentateurs\/d\u00e9panneurs b\u00e9n\u00e9voles et membres de REA. Les appareils portables sont de plus en plus populaires. Apple offre une gamme de produits (iPhone, iPad, iPod, Apple TV et Apple watch) qu\u2019on peut appeler iGadgets. Pour se tenir au courant de tous les changements apport\u00e9s \u00e0 ces [&hellip;]<\/p>\n","protected":false},"author":6,"featured_media":0,"parent":14,"menu_order":6,"comment_status":"closed","ping_status":"closed","template":"","meta":{"_acf_changed":false,"_crdt_document":"","_monsterinsights_skip_tracking":false,"_monsterinsights_sitenote_active":false,"_monsterinsights_sitenote_note":"","_monsterinsights_sitenote_category":0,"_mc_calendar":[],"footnotes":""},"class_list":["post-960","page","type-page","status-publish","hentry","has_thumb"],"acf":[],"aioseo_notices":[],"_links":{"self":[{"href":"https:\/\/www.retraiteenaction.ca\/club-informatique\/wp-json\/wp\/v2\/pages\/960","targetHints":{"allow":["GET"]}}],"collection":[{"href":"https:\/\/www.retraiteenaction.ca\/club-informatique\/wp-json\/wp\/v2\/pages"}],"about":[{"href":"https:\/\/www.retraiteenaction.ca\/club-informatique\/wp-json\/wp\/v2\/types\/page"}],"author":[{"embeddable":true,"href":"https:\/\/www.retraiteenaction.ca\/club-informatique\/wp-json\/wp\/v2\/users\/6"}],"replies":[{"embeddable":true,"href":"https:\/\/www.retraiteenaction.ca\/club-informatique\/wp-json\/wp\/v2\/comments?post=960"}],"version-history":[{"count":38,"href":"https:\/\/www.retraiteenaction.ca\/club-informatique\/wp-json\/wp\/v2\/pages\/960\/revisions"}],"predecessor-version":[{"id":4270,"href":"https:\/\/www.retraiteenaction.ca\/club-informatique\/wp-json\/wp\/v2\/pages\/960\/revisions\/4270"}],"up":[{"embeddable":true,"href":"https:\/\/www.retraiteenaction.ca\/club-informatique\/wp-json\/wp\/v2\/pages\/14"}],"wp:attachment":[{"href":"https:\/\/www.retraiteenaction.ca\/club-informatique\/wp-json\/wp\/v2\/media?parent=960"}],"curies":[{"name":"wp","href":"https:\/\/api.w.org\/{rel}","templated":true}]}}