{"id":11406,"date":"2020-03-16T14:39:25","date_gmt":"2020-03-16T18:39:25","guid":{"rendered":"https:\/\/www.retraiteenaction.ca\/sandbox\/?page_id=11406"},"modified":"2020-03-30T12:25:00","modified_gmt":"2020-03-30T16:25:00","slug":"le-blog-de-christiane","status":"publish","type":"page","link":"https:\/\/www.retraiteenaction.ca\/le-magazine\/le-blog-de-christiane\/","title":{"rendered":"Le blogue de Christiane"},"content":{"rendered":"<table style=\"border-collapse: collapse; width: 100%; height: 81px;\">\n<tbody>\n<tr style=\"height: 81px;\">\n<td style=\"width: 30.2799%; text-align: center; vertical-align: middle; height: 81px;\"><a href=\"https:\/\/www.retraiteenaction.ca\/le-magazine\/wp-content\/uploads\/sites\/7\/2020\/03\/virus1.jpg\"><img loading=\"lazy\" decoding=\"async\" class=\"alignnone wp-image-11516\" src=\"https:\/\/www.retraiteenaction.ca\/le-magazine\/wp-content\/uploads\/sites\/7\/2020\/03\/virus1.jpg\" alt=\"\" width=\"155\" height=\"103\" srcset=\"https:\/\/www.retraiteenaction.ca\/le-magazine\/wp-content\/uploads\/sites\/6\/2020\/03\/virus1.jpg 1920w, https:\/\/www.retraiteenaction.ca\/le-magazine\/wp-content\/uploads\/sites\/6\/2020\/03\/virus1-300x200.jpg 300w, https:\/\/www.retraiteenaction.ca\/le-magazine\/wp-content\/uploads\/sites\/6\/2020\/03\/virus1-768x512.jpg 768w, https:\/\/www.retraiteenaction.ca\/le-magazine\/wp-content\/uploads\/sites\/6\/2020\/03\/virus1-1024x683.jpg 1024w, https:\/\/www.retraiteenaction.ca\/le-magazine\/wp-content\/uploads\/sites\/6\/2020\/03\/virus1-500x333.jpg 500w, https:\/\/www.retraiteenaction.ca\/le-magazine\/wp-content\/uploads\/sites\/6\/2020\/03\/virus1-800x533.jpg 800w, https:\/\/www.retraiteenaction.ca\/le-magazine\/wp-content\/uploads\/sites\/6\/2020\/03\/virus1-1280x853.jpg 1280w, https:\/\/www.retraiteenaction.ca\/le-magazine\/wp-content\/uploads\/sites\/6\/2020\/03\/virus1-624x416.jpg 624w\" sizes=\"auto, (max-width: 155px) 100vw, 155px\" \/><\/a><\/td>\n<td style=\"width: 41.9211%; height: 81px; text-align: center; vertical-align: middle;\">\n<h2><span style=\"color: #000080;\"><strong>Le blogue de Christiane<\/strong><\/span><\/h2>\n<h4><span style=\"color: #000080;\"><strong>Gardons-nous en sant\u00e9 et heureux<\/strong><\/span><\/h4>\n<\/td>\n<td style=\"width: 27.7989%; text-align: center; vertical-align: middle; height: 81px;\"><a href=\"https:\/\/www.retraiteenaction.ca\/le-magazine\/wp-content\/uploads\/sites\/7\/2020\/03\/virus1.jpg\"><img loading=\"lazy\" decoding=\"async\" class=\"alignnone wp-image-11516\" src=\"https:\/\/www.retraiteenaction.ca\/le-magazine\/wp-content\/uploads\/sites\/7\/2020\/03\/virus1.jpg\" alt=\"\" width=\"155\" height=\"103\" srcset=\"https:\/\/www.retraiteenaction.ca\/le-magazine\/wp-content\/uploads\/sites\/6\/2020\/03\/virus1.jpg 1920w, https:\/\/www.retraiteenaction.ca\/le-magazine\/wp-content\/uploads\/sites\/6\/2020\/03\/virus1-300x200.jpg 300w, https:\/\/www.retraiteenaction.ca\/le-magazine\/wp-content\/uploads\/sites\/6\/2020\/03\/virus1-768x512.jpg 768w, https:\/\/www.retraiteenaction.ca\/le-magazine\/wp-content\/uploads\/sites\/6\/2020\/03\/virus1-1024x683.jpg 1024w, https:\/\/www.retraiteenaction.ca\/le-magazine\/wp-content\/uploads\/sites\/6\/2020\/03\/virus1-500x333.jpg 500w, https:\/\/www.retraiteenaction.ca\/le-magazine\/wp-content\/uploads\/sites\/6\/2020\/03\/virus1-800x533.jpg 800w, https:\/\/www.retraiteenaction.ca\/le-magazine\/wp-content\/uploads\/sites\/6\/2020\/03\/virus1-1280x853.jpg 1280w, https:\/\/www.retraiteenaction.ca\/le-magazine\/wp-content\/uploads\/sites\/6\/2020\/03\/virus1-624x416.jpg 624w\" sizes=\"auto, (max-width: 155px) 100vw, 155px\" \/><\/a><\/td>\n<\/tr>\n<\/tbody>\n<\/table>\n<p>Le blogue de Christiane est maintenant termin\u00e9. Pour lire ou relire le blogue ou les partages cliquez sur un des liens ci-dessous.<\/p>\n<table style=\"border-collapse: collapse; width: 100%; height: 216px;\">\n<tbody>\n<tr style=\"height: 48px;\">\n<td style=\"width: 50%; height: 48px;\">Pour voir le blogue pour une journ\u00e9e sp\u00e9cifique, cliquez sur le lien correspondant ci-dessous<\/td>\n<td style=\"width: 50%; height: 48px;\">Pour voir les partages d&rsquo;une journ\u00e9e particuli\u00e8re, cliquez sur le lien correspondant ci-dessous<\/td>\n<\/tr>\n<tr style=\"height: 24px;\">\n<td style=\"width: 50%; height: 24px;\">16 mars 2020 &#8211; Jour 1 &#8211; <a href=\"https:\/\/www.retraiteenaction.ca\/le-magazine\/wp-content\/uploads\/sites\/7\/2020\/03\/Le-blog-de-Christiane-Jour-1.pdf\" target=\"_blank\" rel=\"noopener noreferrer\"><strong>Le jour du PAS<\/strong><\/a><\/td>\n<td style=\"width: 50%; height: 24px;\"><\/td>\n<\/tr>\n<tr style=\"height: 24px;\">\n<td style=\"width: 50%; height: 24px;\">17 mars 2020 &#8211; Jour 2 &#8211; <a href=\"https:\/\/www.retraiteenaction.ca\/le-magazine\/wp-content\/uploads\/sites\/7\/2020\/03\/Le-blog-de-Christiane-Jour-2.pdf\" target=\"_blank\" rel=\"noopener noreferrer\">Ni autruche, ni panique<\/a><\/td>\n<td style=\"width: 50%; height: 24px;\"><a href=\"https:\/\/www.retraiteenaction.ca\/le-magazine\/wp-content\/uploads\/sites\/7\/2020\/03\/Le-partage-Jour-2.pdf\" target=\"_blank\" rel=\"noopener noreferrer\">Partages du 17 mars 2020<\/a><\/td>\n<\/tr>\n<tr style=\"height: 24px;\">\n<td style=\"width: 50%; height: 24px;\">18 mars 2020 &#8211; Jour 3 &#8211; <a href=\"https:\/\/www.retraiteenaction.ca\/le-magazine\/wp-content\/uploads\/sites\/7\/2020\/03\/Le-blog-de-Christiane-Jour-3.pdf\" target=\"_blank\" rel=\"noopener noreferrer\">La vie, pas la bourse<\/a><\/td>\n<td style=\"width: 50%; height: 24px;\"><a href=\"https:\/\/www.retraiteenaction.ca\/le-magazine\/wp-content\/uploads\/sites\/7\/2020\/03\/Le-partage-Jour-3.pdf\" target=\"_blank\" rel=\"noopener noreferrer\">Partages du 18 mars 2020<\/a><\/td>\n<\/tr>\n<tr style=\"height: 24px;\">\n<td style=\"width: 50%; height: 24px;\">19 mars 2020 &#8211; Jour 4 &#8211; <a href=\"https:\/\/www.retraiteenaction.ca\/le-magazine\/wp-content\/uploads\/sites\/7\/2020\/03\/Le-blogue-de-Christiane-Jour-4.pdf\" target=\"_blank\" rel=\"noopener noreferrer\">Des fleurs pour&#8230;<\/a><\/td>\n<td style=\"width: 50%; height: 24px;\"><a href=\"https:\/\/www.retraiteenaction.ca\/le-magazine\/wp-content\/uploads\/sites\/7\/2020\/03\/Le-partage-Jour-4.pdf\" target=\"_blank\" rel=\"noopener noreferrer\">Partages du 19 mars 2020<\/a><\/td>\n<\/tr>\n<tr style=\"height: 24px;\">\n<td style=\"width: 50%; height: 24px;\">20 mars 2020 &#8211; Jour 5 &#8211; <a href=\"https:\/\/www.retraiteenaction.ca\/le-magazine\/wp-content\/uploads\/sites\/7\/2020\/03\/Le-blogue-de-Christiane-Jour-5.pdf\" target=\"_blank\" rel=\"noopener noreferrer\">Solidarit\u00e9 Inc<\/a><\/td>\n<td style=\"width: 50%; height: 24px;\"><a href=\"https:\/\/www.retraiteenaction.ca\/le-magazine\/wp-content\/uploads\/sites\/7\/2020\/03\/Le-partage-Jour-5.pdf\" target=\"_blank\" rel=\"noopener noreferrer\">Partages du 20 mars 2020<\/a><\/td>\n<\/tr>\n<tr style=\"height: 24px;\">\n<td style=\"width: 50%; height: 24px;\">21 mars 2020 &#8211; Jour 6 &#8211; <a href=\"https:\/\/www.retraiteenaction.ca\/le-magazine\/wp-content\/uploads\/sites\/7\/2020\/03\/Le-blogue-de-Christiane-Jour-6.pdf\" target=\"_blank\" rel=\"noopener noreferrer\">Paix relative<\/a><\/td>\n<td style=\"width: 50%; height: 24px;\">Pas de partages aujourd&rsquo;hui<\/td>\n<\/tr>\n<tr style=\"height: 24px;\">\n<td style=\"width: 50%; height: 24px;\">22 mars 2020 &#8211; Jour 7 &#8211; <a href=\"https:\/\/www.retraiteenaction.ca\/le-magazine\/wp-content\/uploads\/sites\/7\/2020\/03\/Le-blogue-de-Christiane-Jour-7.pdf\" target=\"_blank\" rel=\"noopener noreferrer\">Les mots du dimanche<\/a><\/td>\n<td style=\"width: 50%; height: 24px;\"><a href=\"https:\/\/www.retraiteenaction.ca\/le-magazine\/wp-content\/uploads\/sites\/7\/2020\/03\/Le-partage-Jour-7.pdf\" target=\"_blank\" rel=\"noopener noreferrer\">Partages du 22 mars 2020<\/a><\/td>\n<\/tr>\n<tr>\n<td style=\"width: 50%;\">23 mars 2020 &#8211; Jour 8 &#8211; <a href=\"https:\/\/www.retraiteenaction.ca\/le-magazine\/wp-content\/uploads\/sites\/7\/2020\/03\/Le-blogue-de-Christiane-Jour-8.pdf\">OK, Corona<\/a><\/td>\n<td style=\"width: 50%;\">Pas de partages aujourd&rsquo;hui<\/td>\n<\/tr>\n<tr>\n<td style=\"width: 50%;\">24 mars 2020 &#8211; Jour 9 &#8211; <a href=\"https:\/\/www.retraiteenaction.ca\/le-magazine\/wp-content\/uploads\/sites\/7\/2020\/03\/Le-blogue-de-Christiane-Jour-9.pdf\" target=\"_blank\" rel=\"noopener noreferrer\">Et l&rsquo;amour alors?<\/a><\/td>\n<td style=\"width: 50%;\">Pas de partages aujourd&rsquo;hui<\/td>\n<\/tr>\n<tr>\n<td style=\"width: 50%;\">25 mars 2020 &#8211; Jour 10 &#8211; <a href=\"https:\/\/www.retraiteenaction.ca\/le-magazine\/wp-content\/uploads\/sites\/7\/2020\/03\/Le-blogue-de-Christiane-Jour-10.pdf\" target=\"_blank\" rel=\"noopener noreferrer\">Ils n&rsquo;en mourraient pas tous&#8230;<\/a><\/td>\n<td style=\"width: 50%;\"><a href=\"https:\/\/www.retraiteenaction.ca\/le-magazine\/wp-content\/uploads\/sites\/7\/2020\/03\/Le-partage-Jour-10.pdf\" target=\"_blank\" rel=\"noopener noreferrer\">Partages du 25 mars 2020<\/a><\/td>\n<\/tr>\n<tr>\n<td style=\"width: 50%;\">26 mars 2020 &#8211; Jour 11 &#8211; <a href=\"https:\/\/www.retraiteenaction.ca\/le-magazine\/wp-content\/uploads\/sites\/7\/2020\/03\/Le-blogue-de-Christiane-Jour-11.pdf\" target=\"_blank\" rel=\"noopener noreferrer\">La p&rsquo;tite vie douce<\/a><\/td>\n<td style=\"width: 50%;\"><a href=\"https:\/\/www.retraiteenaction.ca\/le-magazine\/wp-content\/uploads\/sites\/7\/2020\/03\/Les-partages-du-blogue-Jour-11.pdf\" target=\"_blank\" rel=\"noopener noreferrer\">Partages du 26 mars 2020<\/a><\/td>\n<\/tr>\n<tr>\n<td style=\"width: 50%;\">27 mars 2020 &#8211; Jour 12 &#8211; <a href=\"https:\/\/www.retraiteenaction.ca\/le-magazine\/wp-content\/uploads\/sites\/7\/2020\/03\/Le-blogue-de-Christiane-Jour-12.pdf\" target=\"_blank\" rel=\"noopener noreferrer\">Le pont des souvenirs<\/a><\/td>\n<td style=\"width: 50%;\"><a href=\"https:\/\/www.retraiteenaction.ca\/le-magazine\/wp-content\/uploads\/sites\/7\/2020\/03\/Les-partages-du-blogue-Jour-12.pdf\" target=\"_blank\" rel=\"noopener noreferrer\">Partages du 27 mars 2020<\/a><\/td>\n<\/tr>\n<tr>\n<td style=\"width: 50%;\">28 mars 2020 &#8211; Jour 13 &#8211; <a href=\"https:\/\/www.retraiteenaction.ca\/le-magazine\/wp-content\/uploads\/sites\/7\/2020\/03\/Le-blogue-de-Christiane-Jour-13.pdf\" target=\"_blank\" rel=\"noopener noreferrer\">De l&rsquo;espoir \u00e0 l&rsquo;esp\u00e9rance<\/a><\/td>\n<td style=\"width: 50%;\"><a href=\"https:\/\/www.retraiteenaction.ca\/le-magazine\/wp-content\/uploads\/sites\/7\/2020\/03\/Les-partages-du-blogue-Jour-13.pdf\" target=\"_blank\" rel=\"noopener noreferrer\">Partage du 28 mars 2020<\/a><\/td>\n<\/tr>\n<\/tbody>\n<\/table>\n<p>&nbsp;<\/p>\n<p>&nbsp;<\/p>\n<p>&nbsp;<\/p>\n","protected":false},"excerpt":{"rendered":"<p>Le blogue de Christiane Gardons-nous en sant\u00e9 et heureux Le blogue de Christiane est maintenant termin\u00e9. Pour lire ou relire le blogue ou les partages cliquez sur un des liens ci-dessous. Pour voir le blogue pour une journ\u00e9e sp\u00e9cifique, cliquez sur le lien correspondant ci-dessous Pour voir les partages d&rsquo;une journ\u00e9e particuli\u00e8re, cliquez sur le [&hellip;]<\/p>\n","protected":false},"author":6,"featured_media":0,"parent":0,"menu_order":0,"comment_status":"closed","ping_status":"closed","template":"","meta":{"_acf_changed":false,"_crdt_document":"","_monsterinsights_skip_tracking":false,"_monsterinsights_sitenote_active":false,"_monsterinsights_sitenote_note":"","_monsterinsights_sitenote_category":0,"_mc_calendar":[],"footnotes":""},"class_list":["post-11406","page","type-page","status-publish","hentry","has_thumb"],"acf":[],"aioseo_notices":[],"_links":{"self":[{"href":"https:\/\/www.retraiteenaction.ca\/le-magazine\/wp-json\/wp\/v2\/pages\/11406","targetHints":{"allow":["GET"]}}],"collection":[{"href":"https:\/\/www.retraiteenaction.ca\/le-magazine\/wp-json\/wp\/v2\/pages"}],"about":[{"href":"https:\/\/www.retraiteenaction.ca\/le-magazine\/wp-json\/wp\/v2\/types\/page"}],"author":[{"embeddable":true,"href":"https:\/\/www.retraiteenaction.ca\/le-magazine\/wp-json\/wp\/v2\/users\/6"}],"replies":[{"embeddable":true,"href":"https:\/\/www.retraiteenaction.ca\/le-magazine\/wp-json\/wp\/v2\/comments?post=11406"}],"version-history":[{"count":50,"href":"https:\/\/www.retraiteenaction.ca\/le-magazine\/wp-json\/wp\/v2\/pages\/11406\/revisions"}],"predecessor-version":[{"id":11704,"href":"https:\/\/www.retraiteenaction.ca\/le-magazine\/wp-json\/wp\/v2\/pages\/11406\/revisions\/11704"}],"wp:attachment":[{"href":"https:\/\/www.retraiteenaction.ca\/le-magazine\/wp-json\/wp\/v2\/media?parent=11406"}],"curies":[{"name":"wp","href":"https:\/\/api.w.org\/{rel}","templated":true}]}}