{"id":11693,"date":"2020-03-29T17:59:17","date_gmt":"2020-03-29T21:59:17","guid":{"rendered":"https:\/\/www.retraiteenaction.ca\/le-magazine\/?page_id=11693"},"modified":"2020-04-12T10:56:37","modified_gmt":"2020-04-12T14:56:37","slug":"blogue-pensees-virales","status":"publish","type":"page","link":"https:\/\/www.retraiteenaction.ca\/le-magazine\/blogue-pensees-virales\/","title":{"rendered":"Blogue virus"},"content":{"rendered":"<table style=\"height: 75px; width: 100%; border-collapse: collapse;\">\n<tbody>\n<tr style=\"height: 81px;\">\n<td style=\"width: 18.5433%; text-align: center; vertical-align: middle; height: 75px;\"><img loading=\"lazy\" decoding=\"async\" class=\"wp-image-11409 aligncenter\" src=\"https:\/\/www.retraiteenaction.ca\/sandbox\/wp-content\/uploads\/sites\/11\/2020\/03\/covid.jpg\" alt=\"\" width=\"112\" height=\"84\" \/><\/td>\n<td style=\"width: 64.3448%; height: 75px; text-align: center; vertical-align: middle;\">\n<h3><span style=\"color: #000080;\"><strong>Le blogue <em>Pens\u00e9es virales<\/em><\/strong><\/span><\/h3>\n<p><span style=\"color: #000080;\"><strong>La vie au temps du Covid-19<\/strong><\/span><\/td>\n<td style=\"width: 17.1119%; text-align: center; vertical-align: middle; height: 75px;\"><img loading=\"lazy\" decoding=\"async\" class=\"wp-image-11409 aligncenter\" src=\"https:\/\/www.retraiteenaction.ca\/sandbox\/wp-content\/uploads\/sites\/11\/2020\/03\/covid.jpg\" alt=\"\" width=\"112\" height=\"84\" \/><\/td>\n<\/tr>\n<\/tbody>\n<\/table>\n<table class=\" aligncenter\" style=\"width: 99.9957%; border-collapse: collapse; border-color: #5119e0; border-style: double; background-color: #e9f1f2;\">\n<tbody>\n<tr>\n<td style=\"width: 100%;\">Bienvenue au blogue <em>Pens\u00e9es virales.<\/em><br \/>\nLe blogue de <strong>vos<\/strong> <strong><em>r\u00e9flexions,<\/em><\/strong> <strong>vos<\/strong> <strong><em>inspirations, vos \u00e9crits litt\u00e9raires ou po\u00e9tiques<\/em><\/strong> sur l\u2019impact du virus dans nos vies, en nous ou dans le monde, pendant ce temps de confinement et d\u2019isolement.<br \/>\nPour que votre texte soit publi\u00e9, exp\u00e9diez-le \u00e0 mon adresse <a href=\"mailto:christiane@retraiteenaction.ca\">christiane@retraiteenaction.ca<\/a> .<br \/>\n<strong>Au plaisir de vous lire. <\/strong><em>Christiane<\/em><\/td>\n<\/tr>\n<\/tbody>\n<\/table>\n<h3 style=\"text-align: center;\">P\u00e2ques en confinement<\/h3>\n<p style=\"text-align: center;\"><em>Comme une envie de cath\u00e9drale<\/em><\/p>\n<p style=\"text-align: center;\"><em>O\u00f9, sous les vo\u00fbtes, convergeraient<\/em><\/p>\n<p style=\"text-align: center;\"><em>Toute la tendresse du monde<\/em><\/p>\n<p style=\"text-align: center;\"><em>Tous les c\u00e2lins du monde<\/em><\/p>\n<p style=\"text-align: center;\"><em>Et que leur chaleur d\u2019\u00eatre ensemble r\u00e9unis<\/em><\/p>\n<p style=\"text-align: center;\"><em>S\u2019\u00e9vaporerait en fines gouttelettes de lumi\u00e8re<\/em><\/p>\n<p style=\"text-align: center;\"><em>Chromatis\u00e9e de la lueur des vitraux.<\/em><\/p>\n<p style=\"text-align: center;\"><em>Qu\u2019elles s\u2019\u00e9chapperaient par les grandes fen\u00eatres d\u2019ogive<\/em><\/p>\n<p style=\"text-align: center;\"><em>Pour s\u2019\u00e9parpiller de par le monde<\/em><\/p>\n<p style=\"text-align: center;\"><em>Se d\u00e9poser finement sur toi<\/em><\/p>\n<p style=\"text-align: center;\"><em>Et partout o\u00f9 corona, cette fleur v\u00e9n\u00e9neuse,<\/em><\/p>\n<p style=\"text-align: center;\"><em>S\u2019octroie de la puissance<\/em><\/p>\n<p style=\"text-align: center;\"><em>De ce que l\u2019on doive respirer.<\/em><\/p>\n<p style=\"text-align: center;\"><em>Et nous d\u00e9shumanise de ne pouvoir se toucher.<\/em><\/p>\n<p style=\"text-align: center;\"><em>Voil\u00e0 quels sont mes r\u00eaves et mes souhaits<\/em><\/p>\n<p style=\"text-align: center;\"><em>Pour la p\u00e9riode de P\u00e2ques<\/em><\/p>\n<p style=\"text-align: center;\"><em>Joyeuses P\u00e2ques en confinement<\/em><\/p>\n<p style=\"text-align: center;\"><em>Christiane<\/em><\/p>\n<p style=\"text-align: center;\"><em>(Avril 2020)<\/em><\/p>\n<p style=\"text-align: center;\"><span style=\"color: #0000ff;\">______________________________<\/span><\/p>\n<p><span style=\"color: #000000;\">Lire les textes pr\u00e9c\u00e9demment publi\u00e9s:<\/span><\/p>\n<table style=\"border-collapse: collapse; width: 100%; height: 82px;\">\n<tbody>\n<tr style=\"background-color: #e9f1f2;\">\n<td style=\"width: 100%;\"><em>R\u00e9flexions de Suzanne R. : Petites phrases philosophiques<\/em><\/p>\n<ul>\n<li>Il faut \u00eatre courageux pour \u00eatre heureux.<\/li>\n<li>La d\u00e9pression n\u2019est pas un signe de faiblesse, c\u2019est le sympt\u00f4me d\u2019avoir tent\u00e9 de rester fort trop longtemps. <a href=\"https:\/\/www.retraiteenaction.ca\/le-magazine\/wp-content\/uploads\/sites\/7\/2020\/04\/Article-SuzanneR.pdf\" target=\"_blank\" rel=\"noopener noreferrer\">Lire la suite ici.<\/a><\/li>\n<\/ul>\n<\/td>\n<\/tr>\n<tr>\n<td style=\"width: 100%;\"><strong>\u00a0<\/strong><\/td>\n<\/tr>\n<tr style=\"background-color: #e9f1f2;\">\n<td style=\"width: 100%; height: 10px;\"><strong>Texte de Jo-ann : <\/strong><em>Je vois en cette crise : un cadeau bien mal emball\u00e9!<\/em><\/td>\n<\/tr>\n<tr style=\"background-color: #e9f1f2;\">\n<td style=\"width: 100%; height: 72px;\">Alors nous y voil\u00e0, tous ensemble, je dirais m\u00eame tous <em>\u00e9gaux<\/em>, \u00e0 peu pr\u00e8s tous au m\u00eame endroit, \u00e0 faire tous mais de fa\u00e7on individuelle, la m\u00eame chose et ce, \u00e0 chaque jour. Si un tel \u00e9nonc\u00e9 nous \u00e9tait envoy\u00e9 par le biais de notre cellulaire, on se dirait : pardon ?&#8230; <a href=\"https:\/\/www.retraiteenaction.ca\/le-magazine\/wp-content\/uploads\/sites\/7\/2020\/04\/Article-de-jo-ann.pdf\" target=\"_blank\" rel=\"noopener noreferrer\">Lire la suite ici<\/a>.<\/td>\n<\/tr>\n<\/tbody>\n<\/table>\n<p>&nbsp;<\/p>\n<table style=\"width: 100%; border-collapse: collapse; border-style: double; border-color: #5119e0; background-color: #e9f1f2;\">\n<tbody>\n<tr>\n<td style=\"width: 100%; text-align: center;\">Pour lire les blogues et les partages du blogue de Christiane <a href=\"https:\/\/www.retraiteenaction.ca\/le-magazine\/le-blog-de-christiane\/\" target=\"_blank\" rel=\"noopener noreferrer\">cliquez ici.<\/a><\/td>\n<\/tr>\n<\/tbody>\n<\/table>\n<p>&nbsp;<\/p>\n","protected":false},"excerpt":{"rendered":"<p>Le blogue Pens\u00e9es virales La vie au temps du Covid-19 Bienvenue au blogue Pens\u00e9es virales. Le blogue de vos r\u00e9flexions, vos inspirations, vos \u00e9crits litt\u00e9raires ou po\u00e9tiques sur l\u2019impact du virus dans nos vies, en nous ou dans le monde, pendant ce temps de confinement et d\u2019isolement. Pour que votre texte soit publi\u00e9, exp\u00e9diez-le \u00e0 [&hellip;]<\/p>\n","protected":false},"author":6,"featured_media":0,"parent":0,"menu_order":0,"comment_status":"closed","ping_status":"closed","template":"","meta":{"_acf_changed":false,"_crdt_document":"","_monsterinsights_skip_tracking":false,"_monsterinsights_sitenote_active":false,"_monsterinsights_sitenote_note":"","_monsterinsights_sitenote_category":0,"_mc_calendar":[],"footnotes":""},"class_list":["post-11693","page","type-page","status-publish","hentry","has_thumb"],"acf":[],"aioseo_notices":[],"_links":{"self":[{"href":"https:\/\/www.retraiteenaction.ca\/le-magazine\/wp-json\/wp\/v2\/pages\/11693","targetHints":{"allow":["GET"]}}],"collection":[{"href":"https:\/\/www.retraiteenaction.ca\/le-magazine\/wp-json\/wp\/v2\/pages"}],"about":[{"href":"https:\/\/www.retraiteenaction.ca\/le-magazine\/wp-json\/wp\/v2\/types\/page"}],"author":[{"embeddable":true,"href":"https:\/\/www.retraiteenaction.ca\/le-magazine\/wp-json\/wp\/v2\/users\/6"}],"replies":[{"embeddable":true,"href":"https:\/\/www.retraiteenaction.ca\/le-magazine\/wp-json\/wp\/v2\/comments?post=11693"}],"version-history":[{"count":12,"href":"https:\/\/www.retraiteenaction.ca\/le-magazine\/wp-json\/wp\/v2\/pages\/11693\/revisions"}],"predecessor-version":[{"id":11743,"href":"https:\/\/www.retraiteenaction.ca\/le-magazine\/wp-json\/wp\/v2\/pages\/11693\/revisions\/11743"}],"wp:attachment":[{"href":"https:\/\/www.retraiteenaction.ca\/le-magazine\/wp-json\/wp\/v2\/media?parent=11693"}],"curies":[{"name":"wp","href":"https:\/\/api.w.org\/{rel}","templated":true}]}}