{"id":6279,"date":"2012-09-05T08:59:32","date_gmt":"2012-09-05T12:59:32","guid":{"rendered":"http:\/\/retraiteenaction.ca\/blogue\/?p=6279"},"modified":"2015-07-08T06:05:11","modified_gmt":"2015-07-08T06:05:11","slug":"par-et-pour-les-jeunes-retraites-2","status":"publish","type":"page","link":"https:\/\/www.retraiteenaction.ca\/le-magazine\/par-et-pour-les-jeunes-retraites-2\/","title":{"rendered":"Vid\u00e9o &#8211; Par et pour les \u00abjeunes retrait\u00e9s\u00bb"},"content":{"rendered":"<p>Cette capsule pr\u00e9sente les diff\u00e9rentes composantes d&rsquo;une programmation pour \u00abjeunes retrait\u00e9s\u00bb (jeunes de corps, de coeur et d&rsquo;esprit). On y retrouve \u00e9galement plusieurs t\u00e9moignages de jeunes retrait\u00e9s qui expliquent les b\u00e9n\u00e9fices de leur participation \u00e0 un tel programme.<\/p>\n<p><iframe loading=\"lazy\" title=\"Retraite en Action - Nouveau : 30 ao\u00fbt 2012\" width=\"500\" height=\"281\" src=\"https:\/\/www.youtube.com\/embed\/z2Cg0GP-igc?feature=oembed\" frameborder=\"0\" allow=\"accelerometer; autoplay; clipboard-write; encrypted-media; gyroscope; picture-in-picture; web-share\" referrerpolicy=\"strict-origin-when-cross-origin\" allowfullscreen><\/iframe><\/p>\n","protected":false},"excerpt":{"rendered":"<p>Cette capsule pr\u00e9sente les diff\u00e9rentes composantes d&rsquo;une programmation pour \u00abjeunes retrait\u00e9s\u00bb (jeunes de corps, de coeur et d&rsquo;esprit). On y retrouve \u00e9galement plusieurs t\u00e9moignages de jeunes retrait\u00e9s qui expliquent les b\u00e9n\u00e9fices de leur participation \u00e0 un tel programme.<\/p>\n","protected":false},"author":66,"featured_media":0,"parent":0,"menu_order":1,"comment_status":"closed","ping_status":"open","template":"","meta":{"_acf_changed":false,"_crdt_document":"","_monsterinsights_skip_tracking":false,"_monsterinsights_sitenote_active":false,"_monsterinsights_sitenote_note":"","_monsterinsights_sitenote_category":0,"_mc_calendar":[],"footnotes":""},"class_list":["post-6279","page","type-page","status-publish","hentry","has_no_thumb"],"acf":[],"aioseo_notices":[],"_links":{"self":[{"href":"https:\/\/www.retraiteenaction.ca\/le-magazine\/wp-json\/wp\/v2\/pages\/6279","targetHints":{"allow":["GET"]}}],"collection":[{"href":"https:\/\/www.retraiteenaction.ca\/le-magazine\/wp-json\/wp\/v2\/pages"}],"about":[{"href":"https:\/\/www.retraiteenaction.ca\/le-magazine\/wp-json\/wp\/v2\/types\/page"}],"author":[{"embeddable":true,"href":"https:\/\/www.retraiteenaction.ca\/le-magazine\/wp-json\/wp\/v2\/users\/66"}],"replies":[{"embeddable":true,"href":"https:\/\/www.retraiteenaction.ca\/le-magazine\/wp-json\/wp\/v2\/comments?post=6279"}],"version-history":[{"count":2,"href":"https:\/\/www.retraiteenaction.ca\/le-magazine\/wp-json\/wp\/v2\/pages\/6279\/revisions"}],"predecessor-version":[{"id":9066,"href":"https:\/\/www.retraiteenaction.ca\/le-magazine\/wp-json\/wp\/v2\/pages\/6279\/revisions\/9066"}],"wp:attachment":[{"href":"https:\/\/www.retraiteenaction.ca\/le-magazine\/wp-json\/wp\/v2\/media?parent=6279"}],"curies":[{"name":"wp","href":"https:\/\/api.w.org\/{rel}","templated":true}]}}